{"id":9884,"date":"2014-10-03T11:58:58","date_gmt":"2014-10-03T15:58:58","guid":{"rendered":"http:\/\/www.adufpb.org.br\/site\/?page_id=9884"},"modified":"2025-11-21T14:48:05","modified_gmt":"2025-11-21T17:48:05","slug":"concurso-fotografico","status":"publish","type":"page","link":"https:\/\/www.adufpb.org.br\/site\/concurso-fotografico\/","title":{"rendered":"Concurso Fotogr\u00e1fico 2025"},"content":{"rendered":"<div class=\"wpb-content-wrapper\"><p>[vc_row][vc_column][vc_column_text css=&#8221;&#8221;]<img loading=\"lazy\" decoding=\"async\" class=\"aligncenter wp-image-34686\" src=\"https:\/\/www.adufpb.org.br\/site\/wp-content\/uploads\/2025\/07\/selo-concrurso-fotografico-2025.jpg\" alt=\"\" width=\"405\" height=\"251\" srcset=\"https:\/\/www.adufpb.org.br\/site\/wp-content\/uploads\/2025\/07\/selo-concrurso-fotografico-2025.jpg 783w, https:\/\/www.adufpb.org.br\/site\/wp-content\/uploads\/2025\/07\/selo-concrurso-fotografico-2025-300x186.jpg 300w, https:\/\/www.adufpb.org.br\/site\/wp-content\/uploads\/2025\/07\/selo-concrurso-fotografico-2025-768x476.jpg 768w, https:\/\/www.adufpb.org.br\/site\/wp-content\/uploads\/2025\/07\/selo-concrurso-fotografico-2025-250x155.jpg 250w\" sizes=\"auto, (max-width: 405px) 100vw, 405px\" \/>[\/vc_column_text][\/vc_column][\/vc_row][vc_row][vc_column width=&#8221;1\/4&#8243;][\/vc_column][vc_column width=&#8221;1\/2&#8243;][vc_column_text css=&#8221;&#8221;]<a href=\"https:\/\/www.adufpb.org.br\/site\/concurso-fotografico-2025-votacao\/\"><img loading=\"lazy\" decoding=\"async\" class=\"aligncenter size-full wp-image-35446\" src=\"https:\/\/www.adufpb.org.br\/site\/wp-content\/uploads\/2025\/11\/votacao-concurso-fotografico-2025.jpeg\" alt=\"\" width=\"1600\" height=\"296\" srcset=\"https:\/\/www.adufpb.org.br\/site\/wp-content\/uploads\/2025\/11\/votacao-concurso-fotografico-2025.jpeg 1600w, https:\/\/www.adufpb.org.br\/site\/wp-content\/uploads\/2025\/11\/votacao-concurso-fotografico-2025-300x56.jpeg 300w, https:\/\/www.adufpb.org.br\/site\/wp-content\/uploads\/2025\/11\/votacao-concurso-fotografico-2025-1024x189.jpeg 1024w, https:\/\/www.adufpb.org.br\/site\/wp-content\/uploads\/2025\/11\/votacao-concurso-fotografico-2025-768x142.jpeg 768w, https:\/\/www.adufpb.org.br\/site\/wp-content\/uploads\/2025\/11\/votacao-concurso-fotografico-2025-1536x284.jpeg 1536w, https:\/\/www.adufpb.org.br\/site\/wp-content\/uploads\/2025\/11\/votacao-concurso-fotografico-2025-250x46.jpeg 250w\" sizes=\"auto, (max-width: 1600px) 100vw, 1600px\" \/><\/a><\/p>\n<p style=\"text-align: center;\"><a href=\"https:\/\/www.adufpb.org.br\/site\/concurso-fotografico-2025-votacao\/\">Clique aqui para votar!<\/a><\/p>\n<p>[\/vc_column_text][vc_empty_space][vc_column_text css=&#8221;&#8221;]<\/p>\n<p style=\"text-align: center;\"><strong>TEMAS:\u00a0<\/strong><\/p>\n<p style=\"text-align: center;\"><strong>1 \u2013 Diversidade Sociocultural<\/strong><br \/>\n<strong>2 \u2013 Mulheres em Luta e em Resist\u00eancia<\/strong><br \/>\n<strong>3 \u2013 Tema livre<\/strong><\/p>\n<p style=\"text-align: center;\"><strong>INSCRI\u00c7\u00c3O \u2013 de 15 de setembro de 2025 a 15 de outubro de 2025<\/strong><\/p>\n<p>[\/vc_column_text][vc_empty_space][vc_column_text css=&#8221;&#8221;]<\/p>\n<p style=\"text-align: center;\"><strong>REGULAMENTO \u2013 14\u00ba CONCURSO CULTURAL DE FOTOGRAFIA DA ADUFPB \u2013 EDI\u00c7\u00c3O 2024<\/strong><\/p>\n<p style=\"text-align: center;\">(<a href=\"https:\/\/www.adufpb.org.br\/site\/wp-content\/uploads\/2025\/09\/EDITAL-14-CONCURSO-FOTOGRAFICA.pdf\" target=\"_blank\" rel=\"noopener noreferrer\">Regulamento em PDF<\/a>)<\/p>\n<p style=\"text-align: center;\">(<a href=\"https:\/\/www.adufpb.org.br\/site\/wp-content\/uploads\/2025\/09\/TERMO-DE-AUTORIZACAO-DE-USA-DE-IMAGEM-PESSOAL.pdf\" target=\"_blank\" rel=\"noopener noreferrer\">Termo de autoriza\u00e7\u00e3o de imagem em\u00a0 PDF<\/a>)<\/p>\n<p>&nbsp;<\/p>\n<p><span style=\"font-size: 12pt;\">TEMAS: <strong>\u00a0<\/strong><\/span><\/p>\n<ol>\n<li><strong>\u00a0Diversidade Sociocultural<\/strong><\/li>\n<li><strong>\u00a0Mulheres em Luta e em Resist\u00eancia<\/strong><\/li>\n<li><strong>\u00a0Tema livre<\/strong><\/li>\n<\/ol>\n<p>&nbsp;<\/p>\n<p><strong>1. SOBRE O CONCURSO <\/strong>\u2013 O 14\u00ba Concurso Cultural de Fotografia da ADUFPB \u2013 Edi\u00e7\u00e3o 2025 \u00e9 uma promo\u00e7\u00e3o da ADUFPB \u2013 Se\u00e7\u00e3o Sindical do ANDES-SN na Universidade Federal da Para\u00edba (UFPB). O concurso, de car\u00e1ter exclusivamente cultural, tem o objetivo de divulgar o talento art\u00edstico e a criatividade fotogr\u00e1fica dos(as) filiados(as) por meio da publica\u00e7\u00e3o de suas fotografias nas m\u00eddias digitais e impressas do sindicato e de uma exposi\u00e7\u00e3o fotogr\u00e1fica em local a ser definido pela Comiss\u00e3o Editorial e Diretoria Executiva da ADUFPB.<\/p>\n<p><strong>2. P\u00daBLICO-ALVO <\/strong>\u2013 O 14\u00ba Concurso Cultural de Fotografia da ADUFPB \u2013 Edi\u00e7\u00e3o 2025 \u00e9 destinado exclusivamente aos(\u00e0s) docentes da ativa ou aposentados(as) da Universidade Federal da Para\u00edba (UFPB), <strong>filiados(as) \u00e0 ADUFPB \u2013 Se\u00e7\u00e3o Sindical do ANDES-SN na Para\u00edba<\/strong>, em dia com a contribui\u00e7\u00e3o sindical, com atua\u00e7\u00e3o nos <em>campi <\/em>de Jo\u00e3o Pessoa (<em>campus <\/em>I), Areia (<em>campus <\/em>II), Bananeiras (<em>campus <\/em>III) e Litoral Norte (<em>campus <\/em>IV), de todas as idades e residentes em territ\u00f3rio A condi\u00e7\u00e3o de doc\u00eancia ser\u00e1 comprovada pela matr\u00edcula no SIAPE informada na ficha de inscri\u00e7\u00e3o do concurso. J\u00e1 as condi\u00e7\u00f5es de filiado(a) \u00e0 ADUFPB e em dia com as contribui\u00e7\u00f5es sindicais ser\u00e3o confirmadas pelo setor de cadastramento e filia\u00e7\u00e3o do sindicato.<\/p>\n<p><strong>3. SOBRE OS TEMAS <\/strong>\u2013 Os temas propostos para o 14\u00ba Concurso Cultural de Fotografia da ADUFPB t\u00eam como objetivo estimular reflex\u00f5es culturais e pol\u00edticas al\u00e9m de possibilitar a criatividade na composi\u00e7\u00e3o das imagens que ser\u00e3o captadas por quem aceita o desafio de produzir uma fotografia. Eles proporcionam variadas e criativas possibilidades de imagens fotogr\u00e1ficas, a partir de como observamos o mundo, as pessoas e as coisas ao nosso redor e o seu potencial imag\u00e9tico, principalmente quando a luz escreve as imagens que captamos atrav\u00e9s de dispositivos fotogr\u00e1ficos.<\/p>\n<p><strong>4. <\/strong>Para o 14\u00ba Concurso Cultural de Fotografia da ADUFPB, ser\u00e3o aceitas fotografias produzidas em territ\u00f3rio nacional ou estrangeiro, identificadas, na ficha de inscri\u00e7\u00e3o, com legenda em que conste o local (pa\u00eds, estado ou munic\u00edpio) onde a imagem foi realizada. Essa identifica\u00e7\u00e3o \u00e9 opcional, mas pode ajudar na leitura da imagem quando publicada ou exposta para o p\u00fablico.<\/p>\n<p><strong>5. <\/strong>Fotografias com exibi\u00e7\u00e3o e identifica\u00e7\u00e3o de pessoas (sejam adultos\/as, crian\u00e7as ou idosos\/as) devem ser inscritas com a apresenta\u00e7\u00e3o de autoriza\u00e7\u00e3o para o uso da imagem delas, sendo de total responsabilidade do(a) autor(a) a exposi\u00e7\u00e3o das personagens fotografadas. Caso o(a) autor(a) da fotografia n\u00e3o tenha esse documento, ser\u00e1 o(a) respons\u00e1vel jur\u00eddico(a) e responder\u00e1 pela exposi\u00e7\u00e3o sem autoriza\u00e7\u00e3o, eximindo a ADUFPB de qualquer responsabilidade sobre a imagem. Anexar a autoriza\u00e7\u00e3o no formul\u00e1rio de inscri\u00e7\u00e3o (veja modelo na p\u00e1gina da concurso).<\/p>\n<p><strong>6. <\/strong>A utiliza\u00e7\u00e3o de programas de edi\u00e7\u00e3o de imagens por computador dever\u00e1 ocorrer apenas para manipula\u00e7\u00e3o de ajustes de par\u00e2metros b\u00e1sicos como cor, contraste, nitidez, satura\u00e7\u00e3o, recorte e N\u00e3o ser\u00e3o aceitas altera\u00e7\u00f5es dr\u00e1sticas nas imagens, como, por exemplo, a inser\u00e7\u00e3o ou retirada de elementos visuais da fotografia ou o uso de efeitos especiais (filtros art\u00edsticos e Intelig\u00eancia Artificial &#8211; IA) que modifiquem a realidade fotografada. <strong>Fotografias com evid\u00eancias de uso de manipula\u00e7\u00f5es digitais n\u00e3o previstas no regulamento ser\u00e3o analisadas pela Comiss\u00e3o Editorial e poder\u00e3o ser devolvidas aos participantes com recomenda\u00e7\u00e3o para uma nova inscri\u00e7\u00e3o.<\/strong><\/p>\n<p><strong>7. <\/strong>Cada participante pode inscrever at\u00e9 3 (tr\u00eas) imagens para serem avaliadas pela Comiss\u00e3o Editorial (concorrendo \u00e0 premia\u00e7\u00e3o), sendo que somente 1 (uma) ou at\u00e9 2 (duas) imagens poder\u00e3o ser selecionadas, a crit\u00e9rio da Comiss\u00e3o Editorial, para serem utilizadas nas m\u00eddias do sindicato ou na exposi\u00e7\u00e3o fotogr\u00e1fica.<\/p>\n<p><strong>7.1<\/strong> <strong>IMPORTANTE: <\/strong>As imagens devem ser \u00fanica e exclusivamente de autoria do(a) professor(a) participante. N\u00e3o ser\u00e3o aceitas fotografias coletadas em banco de imagens digitais, produzidas atrav\u00e9s do uso de plataformas de IA (Intelig\u00eancia Artificial) ou produzidas por terceiros (mesmo que sejam familiares do(a) professor(a) participante). N\u00e3o ser\u00e3o aceitas fotografias que tenham sido premiadas ou selecionadas por outros concursos fotogr\u00e1ficos. <strong>\u00c9 de estrita e total responsabilidade \u00e9tica do(a) participante a observ\u00e2ncia desta cl\u00e1usula.<\/strong><\/p>\n<p><strong>COMO ENVIAR AS IMAGENS PARA O CONCURSO<\/strong><\/p>\n<p><strong>8. <\/strong>As fotografias devem ser enviadas por meio do formul\u00e1rio dispon\u00edvel no site da ADUFPB (<a href=\"http:\/\/www.adufpb.org.br\/site\/concurso-fotografico),\">adufpb.org.br\/site\/concurso-fotografico),<\/a> no formato JPG ou PNG, com boa resolu\u00e7\u00e3o para impress\u00e3o e com legenda (identifica\u00e7\u00e3o do arquivo), na seguinte sequ\u00eancia: (1) t\u00edtulo da fotografia, (2) autor e (3) local onde a fotografia foi produzida (opcional). Preencha o formul\u00e1rio (ficha de inscri\u00e7\u00e3o) dispon\u00edvel no site da ADUFPB e anexe as tr\u00eas imagens nos locais indicados.<\/p>\n<p><strong>9.<\/strong> O(A) DOCENTE S\u00d3 PODER\u00c1 ESCOLHER 1 (UMA) CATEGORIA DOS TEMAS PROPOSTOS PARA CONCORRER \u00c0 PREMIA\u00c7\u00c3O.<\/p>\n<p>9.1. TEMAS:<\/p>\n<p><strong>1 \u2013 Diversidade Sociocultural<\/strong><\/p>\n<p>Deve compreender imagem de cen\u00e1rio ou caracter\u00edsticas que retratem as multiplicidades, como: demogr\u00e1ficas ambientais, pluralidades culturais, comportamentais e ideol\u00f3gicas. Ou, ainda, fotografia de cen\u00e1rios, pessoas, tradi\u00e7\u00f5es, s\u00edmbolos ou pr\u00e1ticas culturais que representam o respeito \u00e0 pluralidade na sociedade.<\/p>\n<p><strong>2 \u2013 Mulheres em Luta e em Resist\u00eancia<\/strong><\/p>\n<p>Deve compreender imagem sobre o feminino em seu cotidiano de resist\u00eancia, ou mulheres em atividades que configurem a luta cotidiana, a participa\u00e7\u00e3o em movimentos pol\u00edticos e socioculturais e em sua pluralidade.<\/p>\n<p>OBS.: Poder\u00e1 ser autorretrato em movimento de luta ou fotografia autoral que traga s\u00edmbolos femininos de resist\u00eancia ou outras mulheres de luta, desde que apresente o documento de autoriza\u00e7\u00e3o do uso de imagem de terceiros.<\/p>\n<p><strong>3 \u2013 Tema livre<\/strong><\/p>\n<p>Deve compreender imagem com paisagem, fen\u00f4menos naturais, objetos, lugares, animais ou figuras abstratas livre de conceitos.<\/p>\n<p><strong>9.2 <\/strong>Todas as fotografias inscritas dever\u00e3o estar de acordo com a proposta do tema. N\u00e3o ser\u00e3o aceitas fotografias que tenham sido publicadas, premiadas ou selecionadas por outros concursos fotogr\u00e1ficos.<\/p>\n<p><strong>10. <\/strong>As fotografias enviadas e n\u00e3o selecionadas n\u00e3o ser\u00e3o devolvidas aos autores. Uma vez terminado o concurso e anunciadas as imagens vencedoras, todos os arquivos recebidos estar\u00e3o dispon\u00edveis para visualiza\u00e7\u00e3o no site do sindicato.<\/p>\n<p><strong>11. <\/strong>N\u00e3o h\u00e1 obriga\u00e7\u00e3o, por parte da ADUFPB, de publicar ou expor todas as fotos inscritas pelos participantes.<\/p>\n<p><strong>12. <\/strong>As fotos (arquivos digitais) dever\u00e3o ser remetidas exclusivamente pelo FORMUL\u00c1RIO especificado no item 8. Todo o controle sobre o recebimento das imagens ser\u00e1 pelo sistema do formul\u00e1rio e registrado por e-mail. A Comiss\u00e3o Editorial n\u00e3o se responsabiliza pelo envio ou extravio de imagens para outros endere\u00e7os eletr\u00f4nicos do sindicato.<\/p>\n<p><strong>13.<\/strong> N\u00e3o ser\u00e3o aceitas fotografias impressas (ou em formatos digitais) entregues \u00e0 Comiss\u00e3o Editorial, funcion\u00e1rios da ADUFPB ou a qualquer membro da Diretoria do<\/p>\n<p><strong>14.<\/strong> N\u00e3o poder\u00e3o participar do 14\u00ba Concurso Cultural de Fotografia da ADUFPB \u2013 Edi\u00e7\u00e3o 2025 funcion\u00e1rios da Se\u00e7\u00e3o Sindical ou de qualquer parceiro apoiador, bem como seus familiares \u2013 salvo em caso de os familiares serem docentes filiados \u00e0 ADUFPB.<\/p>\n<p><strong>15.<\/strong> N\u00e3o poder\u00e3o participar do 14\u00ba Concurso Cultural de Fotografia da ADUFPB \u2013 Edi\u00e7\u00e3o 2025 membros da Diretoria Executiva da ADUFPB, bem como seus familiares \u2013 salvo em caso de os familiares serem docentes filiados \u00e0 ADUFPB.<\/p>\n<p><strong>16.<\/strong> As fotos do 14\u00ba Concurso Cultural de Fotografia da ADUFPB \u2013 Edi\u00e7\u00e3o 2025 ser\u00e3o usadas \u00fanica e exclusivamente nas m\u00eddias da ADUFPB, na galeria do site do sindicato e em exposi\u00e7\u00e3o fotogr\u00e1fica promovida pela Caso necess\u00e1rio, algumas imagens poder\u00e3o ser utilizadas na divulga\u00e7\u00e3o do resultado do concurso e nas publica\u00e7\u00f5es da Assessoria de Comunica\u00e7\u00e3o do sindicato (Jornal ADUFInforma, Revista Conceitos, calend\u00e1rio de mesa etc.) ou em outros meios de comunica\u00e7\u00e3o destinados \u00e0 divulga\u00e7\u00e3o do concurso e dos(as) autores(as) selecionados(as) e premiados(as), conforme autoriza\u00e7\u00e3o assinada na ficha de inscri\u00e7\u00e3o pelos(as) autores(as) detentores(as) dos direitos patrimoniais e morais sobre a obra.<\/p>\n<p><strong>17.<\/strong> As fotos inscritas n\u00e3o far\u00e3o parte de qualquer tipo de banco de imagens digitais para comercializa\u00e7\u00e3o. Os direitos autorais das imagens inscritas s\u00e3o de responsabilidade exclusiva dos(as) autores(as) participantes, sem \u00f4nus para a ADUFPB \u2013 Se\u00e7\u00e3o Sindical do ANDES-SN em caso de uso indevido e n\u00e3o autorizado pelo(a) autor(a) por terceiros (pessoas f\u00edsicas ou jur\u00eddicas, bem como publica\u00e7\u00f5es comerciais).<\/p>\n<p><strong>PREMIA\u00c7\u00c3O<\/strong><\/p>\n<p><strong>18. <\/strong>VOTA\u00c7\u00c3O E PREMIA\u00c7\u00c3O &#8211; Ser\u00e1 premiada, por meio de vota\u00e7\u00e3o em consulta p\u00fablica, apenas 1 (uma) imagem por tema. Caso algum tema n\u00e3o receba inscri\u00e7\u00e3o, a premia\u00e7\u00e3o correspondente n\u00e3o ser\u00e1 direcionada a outro tema. O p\u00fablico participante da vota\u00e7\u00e3o dever\u00e1 selecionar e votar, obrigatoriamente, em 1 (uma) imagem em cada um dos tr\u00eas temas. Em caso de empate entre os(as) participantes inscritos(as) no concurso, ser\u00e1 considerado o maior tempo de filia\u00e7\u00e3o (dia, m\u00eas e ano), conforme o registro do(a) participante no cadastro do sindicato. Se o dia, o m\u00eas e o ano coincidirem, ser\u00e1 realizado um sorteio entre os(as) participantes empatados(as).<\/p>\n<p><strong>19.<\/strong>\u00a0 A premia\u00e7\u00e3o oferecida para a imagem mais votada, em cada um dos temas, ser\u00e1 <strong>1 (um) dispositivo eletr\u00f4nico para leitura de e-books, modelo Kindle Paperwhite, da Amazon. <\/strong>O(s) brinde(s) ser\u00e1(\u00e3o) entregue(s) \u00e0s autoras premiadas e aos autores premiados na sede da ADUFPB, Centro de Viv\u00eancia, em data a ser definida pela Comiss\u00e3o Editorial do concurso.<\/p>\n<p><strong>20<\/strong>. Em caso de den\u00fancia de poss\u00edvel fraude sobre as fotografias selecionadas e premiadas, e havendo a constata\u00e7\u00e3o da falsidade pela Comiss\u00e3o Editorial, o pr\u00eamio ser\u00e1 destinado para o(a) autor(a) da segunda fotografia mais votada na categoria correspondente ao tema.<\/p>\n<p>VALIDADE DO CONCURSO E QUANTIDADE M\u00cdNIMA DE INSCRI\u00c7\u00d5ES<\/p>\n<p><strong>21. <\/strong>Este concurso ter\u00e1 validade a partir do <strong>dia 15 de setembro de 2025 at\u00e9 15 de outubro de 2025<\/strong>. Em caso de prorroga\u00e7\u00e3o do prazo de inscri\u00e7\u00e3o, a Assessoria de Comunica\u00e7\u00e3o da ADUFPB informar\u00e1 com anteced\u00eancia a todos os docentes pelos canais de comunica\u00e7\u00e3o e divulga\u00e7\u00e3o do sindicato. O encaminhamento das fotos dever\u00e1 ser feito at\u00e9 as 23h59 do dia 15\/10\/2025, valendo como comprovante de recebimento a data e a hora registrada no formul\u00e1rio do participante pelo sistema eletr\u00f4nico de envio das imagens (e-mail).<\/p>\n<p><strong>22.<\/strong> A sele\u00e7\u00e3o das imagens ocorrer\u00e1 ap\u00f3s o encerramento oficial das inscri\u00e7\u00f5es e ser\u00e1 realizada de forma eletr\u00f4nica, por consulta p\u00fablica que ser\u00e1 disponibilizada no site da ADUFPB, durante um per\u00edodo que ser\u00e1 anunciado pela Comiss\u00e3o A ADUFPB divulgar\u00e1 o resultado do concurso no site da entidade, em todos os seus canais de redes sociais e por e-mail enviado a todos os participantes no dia seguinte ap\u00f3s a sele\u00e7\u00e3o.<\/p>\n<p><strong>23.<\/strong> A participa\u00e7\u00e3o neste concurso implica em total aceita\u00e7\u00e3o das regras deste<\/p>\n<p><strong>24.<\/strong> Este edital poder\u00e1 sofrer altera\u00e7\u00f5es ao longo do per\u00edodo de inscri\u00e7\u00f5es. Caso isso venha a ocorrer, todos os inscritos ser\u00e3o comunicados e a informa\u00e7\u00e3o ser\u00e1 publicada nos canais do sindicato, para ci\u00eancia de todos(as) os(as) filiados(as).<\/p>\n<p>&nbsp;<\/p>\n<p>&nbsp;<\/p>\n<p style=\"text-align: center;\"><strong>ADUFPB \u2013 Se\u00e7\u00e3o Sindical do ANDES-SN<\/strong><\/p>\n<p style=\"text-align: center;\"><strong> Jo\u00e3o Pessoa, 15 de setembro de 2025<\/strong><\/p>\n<p style=\"text-align: center;\"><strong>Comiss\u00e3o Editorial e Organizadora do 14\u00ba Concurso<\/strong><\/p>\n<p>[\/vc_column_text][vc_separator][vc_column_text css=&#8221;&#8221;]<\/p>\n<h4 style=\"text-align: center;\">Autoriza\u00e7\u00e3o<\/h4>\n<p style=\"text-align: center;\">Autorizo a publica\u00e7\u00e3o das imagens inscritas caso sejam selecionadas para a Agenda da ADUFPB 2026, e outros meios de comunica\u00e7\u00e3o do sindicato, <strong>sem \u00f4nus para a ADUFPB nem para os seus apoiadores culturais<\/strong>.<\/p>\n<p style=\"text-align: center;\">\u00c9 de minha total\u00a0<strong>responsabilidade e autoria<\/strong>\u00a0a(s) foto(s) anexa(s) \u00e0 esta ficha de inscri\u00e7\u00e3o, bem como a autoriza\u00e7\u00e3o pela publica\u00e7\u00e3o de imagens de pessoas que porventura estejam impl\u00edcitas nas\u00a0fotografias, conforme autoriza\u00e7\u00e3o fornecida \u00e0 Comiss\u00e3o Organizadora.<\/p>\n<p>[\/vc_column_text][vc_separator][vc_column_text]<\/p>\n<h4 style=\"text-align: center;\">Formul\u00e1rio de Inscri\u00e7\u00e3o<\/h4>\n<p>[\/vc_column_text][vc_column_text css=&#8221;&#8221;]<\/p>\n<p style=\"text-align: center;\"><span style=\"color: #ff0000;\">Inscri\u00e7\u00f5es encerradas!<\/span><\/p>\n<p>[\/vc_column_text][\/vc_column][vc_column width=&#8221;1\/4&#8243;][\/vc_column][\/vc_row]<\/p>\n<\/div>","protected":false},"excerpt":{"rendered":"<p>[vc_row][vc_column][vc_column_text css=&#8221;&#8221;][\/vc_column_text][\/vc_column][\/vc_row][vc_row][vc_column width=&#8221;1\/4&#8243;][\/vc_column][vc_column width=&#8221;1\/2&#8243;][vc_column_text css=&#8221;&#8221;] Clique aqui para votar! [\/vc_column_text][vc_empty_space][vc_column_text css=&#8221;&#8221;] TEMAS:\u00a0 1 \u2013 Diversidade Sociocultural 2 \u2013 Mulheres em Luta e em Resist\u00eancia 3 \u2013 Tema livre INSCRI\u00c7\u00c3O \u2013 de 15 de setembro de 2025 a 15 de outubro de 2025 [\/vc_column_text][vc_empty_space][vc_column_text css=&#8221;&#8221;] REGULAMENTO \u2013 14\u00ba CONCURSO CULTURAL DE FOTOGRAFIA DA ADUFPB \u2013 EDI\u00c7\u00c3O&hellip;<\/p>\n","protected":false},"author":1,"featured_media":0,"parent":0,"menu_order":0,"comment_status":"closed","ping_status":"closed","template":"","meta":{"footnotes":""},"class_list":["post-9884","page","type-page","status-publish","hentry","description-off"],"_links":{"self":[{"href":"https:\/\/www.adufpb.org.br\/site\/wp-json\/wp\/v2\/pages\/9884","targetHints":{"allow":["GET"]}}],"collection":[{"href":"https:\/\/www.adufpb.org.br\/site\/wp-json\/wp\/v2\/pages"}],"about":[{"href":"https:\/\/www.adufpb.org.br\/site\/wp-json\/wp\/v2\/types\/page"}],"author":[{"embeddable":true,"href":"https:\/\/www.adufpb.org.br\/site\/wp-json\/wp\/v2\/users\/1"}],"replies":[{"embeddable":true,"href":"https:\/\/www.adufpb.org.br\/site\/wp-json\/wp\/v2\/comments?post=9884"}],"version-history":[{"count":86,"href":"https:\/\/www.adufpb.org.br\/site\/wp-json\/wp\/v2\/pages\/9884\/revisions"}],"predecessor-version":[{"id":35450,"href":"https:\/\/www.adufpb.org.br\/site\/wp-json\/wp\/v2\/pages\/9884\/revisions\/35450"}],"wp:attachment":[{"href":"https:\/\/www.adufpb.org.br\/site\/wp-json\/wp\/v2\/media?parent=9884"}],"curies":[{"name":"wp","href":"https:\/\/api.w.org\/{rel}","templated":true}]}}