{"id":9172,"date":"2014-06-01T09:33:44","date_gmt":"2014-06-01T13:33:44","guid":{"rendered":"http:\/\/www.adufpb.org.br\/site\/?page_id=9172"},"modified":"2025-08-26T20:16:37","modified_gmt":"2025-08-26T23:16:37","slug":"concurso-fotografico-2014","status":"publish","type":"page","link":"https:\/\/www.adufpb.org.br\/site\/concurso-fotografico-2014\/","title":{"rendered":"Concurso Fotogr\u00e1fico 2014"},"content":{"rendered":"<p><img loading=\"lazy\" decoding=\"async\" class=\"aligncenter size-full wp-image-9175\" src=\"http:\/\/www.adufpb.org.br\/site\/wp-content\/uploads\/2014\/06\/banner-concurso-fotografico.png\" alt=\"Concurso Fotogr\u00e1fico 2014\" width=\"1024\" height=\"236\" srcset=\"https:\/\/www.adufpb.org.br\/site\/wp-content\/uploads\/2014\/06\/banner-concurso-fotografico.png 1024w, https:\/\/www.adufpb.org.br\/site\/wp-content\/uploads\/2014\/06\/banner-concurso-fotografico-300x69.png 300w\" sizes=\"auto, (max-width: 1024px) 100vw, 1024px\" \/><\/p>\n<p style=\"padding-left: 90px;\"><a href=\"http:\/\/www.adufpb.org.br\/site\/wp-content\/uploads\/2014\/06\/FICHA_DE_INSCRICAO_CONCURSO_FOTOGRAFICO_2014.doc\" target=\"_blank\" rel=\"noopener noreferrer\">Ficha de Inscri\u00e7\u00e3o<\/a> (.doc)<\/p>\n\n<div class=\"wpcf7 no-js\" id=\"wpcf7-f34775-o1\" lang=\"pt-BR\" dir=\"ltr\" data-wpcf7-id=\"34775\">\n<div class=\"screen-reader-response\"><p role=\"status\" aria-live=\"polite\" aria-atomic=\"true\"><\/p> <ul><\/ul><\/div>\n<form action=\"\/site\/wp-json\/wp\/v2\/pages\/9172#wpcf7-f34775-o1\" method=\"post\" class=\"wpcf7-form init\" aria-label=\"Formul\u00e1rios de contato\" enctype=\"multipart\/form-data\" novalidate=\"novalidate\" data-status=\"init\">\n<fieldset class=\"hidden-fields-container\"><input type=\"hidden\" name=\"_wpcf7\" value=\"34775\" \/><input type=\"hidden\" name=\"_wpcf7_version\" value=\"6.1.4\" \/><input type=\"hidden\" name=\"_wpcf7_locale\" value=\"pt_BR\" \/><input type=\"hidden\" name=\"_wpcf7_unit_tag\" value=\"wpcf7-f34775-o1\" \/><input type=\"hidden\" name=\"_wpcf7_container_post\" value=\"0\" \/><input type=\"hidden\" name=\"_wpcf7_posted_data_hash\" value=\"\" \/><input type=\"hidden\" name=\"_wpcf7cf_hidden_group_fields\" value=\"[]\" \/><input type=\"hidden\" name=\"_wpcf7cf_hidden_groups\" value=\"[]\" \/><input type=\"hidden\" name=\"_wpcf7cf_visible_groups\" value=\"[]\" \/><input type=\"hidden\" name=\"_wpcf7cf_repeaters\" value=\"[]\" \/><input type=\"hidden\" name=\"_wpcf7cf_steps\" value=\"{}\" \/><input type=\"hidden\" name=\"_wpcf7cf_options\" value=\"{&quot;form_id&quot;:34775,&quot;conditions&quot;:[{&quot;then_field&quot;:&quot;tema-1&quot;,&quot;and_rules&quot;:[{&quot;if_field&quot;:&quot;tema&quot;,&quot;operator&quot;:&quot;equals&quot;,&quot;if_value&quot;:&quot;Diversidade Sociocultural&quot;}]},{&quot;then_field&quot;:&quot;tema-2&quot;,&quot;and_rules&quot;:[{&quot;if_field&quot;:&quot;tema&quot;,&quot;operator&quot;:&quot;equals&quot;,&quot;if_value&quot;:&quot;Mulheres em Luta e em Resist\\u00eancia&quot;}]},{&quot;then_field&quot;:&quot;tema-3&quot;,&quot;and_rules&quot;:[{&quot;if_field&quot;:&quot;tema&quot;,&quot;operator&quot;:&quot;equals&quot;,&quot;if_value&quot;:&quot;Tema livre&quot;}]}],&quot;settings&quot;:{&quot;animation&quot;:&quot;yes&quot;,&quot;animation_intime&quot;:200,&quot;animation_outtime&quot;:200,&quot;conditions_ui&quot;:&quot;normal&quot;,&quot;notice_dismissed&quot;:false}}\" \/>\n<\/fieldset>\n<p><label> <b>Nome completo do docente*<\/b><br \/>\n<span class=\"wpcf7-form-control-wrap\" data-name=\"docente\"><input size=\"40\" maxlength=\"400\" class=\"wpcf7-form-control wpcf7-text wpcf7-validates-as-required\" autocomplete=\"on\" aria-required=\"true\" aria-invalid=\"false\" value=\"\" type=\"text\" name=\"docente\" \/><\/span> <\/label><br \/>\n&nbsp;<br \/>\n<label> <b>Campus da UFPB*<\/b><br \/>\n&nbsp;<br \/>\n<span class=\"wpcf7-form-control-wrap\" data-name=\"campus\"><span class=\"wpcf7-form-control wpcf7-radio\"><span class=\"wpcf7-list-item first\"><label><input type=\"radio\" name=\"campus\" value=\"Jo\u00e3o Pessoa e Santa Rita\" \/><span class=\"wpcf7-list-item-label\">Jo\u00e3o Pessoa e Santa Rita<\/span><\/label><\/span><span class=\"wpcf7-list-item\"><label><input type=\"radio\" name=\"campus\" value=\"Areia\" \/><span class=\"wpcf7-list-item-label\">Areia<\/span><\/label><\/span><span class=\"wpcf7-list-item\"><label><input type=\"radio\" name=\"campus\" value=\"Bananeiras\" \/><span class=\"wpcf7-list-item-label\">Bananeiras<\/span><\/label><\/span><span class=\"wpcf7-list-item last\"><label><input type=\"radio\" name=\"campus\" value=\"Litoral Norte\" \/><span class=\"wpcf7-list-item-label\">Litoral Norte<\/span><\/label><\/span><\/span><\/span><br \/>\n<\/label><br \/>\n&nbsp;<br \/>\n<label><b>Departamento\/Centro*<\/b><br \/>\n<span class=\"wpcf7-form-control-wrap\" data-name=\"departamento\"><input size=\"40\" maxlength=\"400\" class=\"wpcf7-form-control wpcf7-text wpcf7-validates-as-required\" aria-required=\"true\" aria-invalid=\"false\" value=\"\" type=\"text\" name=\"departamento\" \/><\/span> <\/label><br \/>\n&nbsp;<br \/>\n<label><b>N\u00famero SIAPE*<\/b><br \/>\n<span class=\"wpcf7-form-control-wrap\" data-name=\"siape\"><input size=\"40\" maxlength=\"400\" class=\"wpcf7-form-control wpcf7-text wpcf7-validates-as-required\" aria-required=\"true\" aria-invalid=\"false\" value=\"\" type=\"text\" name=\"siape\" \/><\/span> <\/label><br \/>\n&nbsp;<br \/>\n<label><b>Seu e-mail*<\/b><br \/>\n<span class=\"wpcf7-form-control-wrap\" data-name=\"email\"><input size=\"40\" maxlength=\"400\" class=\"wpcf7-form-control wpcf7-email wpcf7-validates-as-required wpcf7-text wpcf7-validates-as-email\" autocomplete=\"on\" aria-required=\"true\" aria-invalid=\"false\" value=\"\" type=\"email\" name=\"email\" \/><\/span> <\/label><br \/>\n&nbsp;<br \/>\n<label><b>Tema*<\/b><br \/>\n<span class=\"wpcf7-form-control-wrap\" data-name=\"tema\"><select class=\"wpcf7-form-control wpcf7-select wpcf7-validates-as-required\" aria-required=\"true\" aria-invalid=\"false\" name=\"tema\"><option value=\"Selecione um tema\">Selecione um tema<\/option><option value=\"Diversidade Sociocultural\">Diversidade Sociocultural<\/option><option value=\"Mulheres em Luta e em Resist\u00eancia\">Mulheres em Luta e em Resist\u00eancia<\/option><option value=\"Tema livre\">Tema livre<\/option><\/select><\/span> <\/label>\n<\/p>\n<div data-id=\"tema-1\" data-orig_data_id=\"tema-1\" data-clear_on_hide class=\"\" data-class=\"wpcf7cf_group\">\n\t<p>T\u00edtulo da Fotografia 1* (obrigat\u00f3rio)<br \/>\n<span class=\"wpcf7-form-control-wrap\" data-name=\"titulo-foto1-tema1\"><input size=\"40\" maxlength=\"400\" class=\"wpcf7-form-control wpcf7-text wpcf7-validates-as-required\" aria-required=\"true\" aria-invalid=\"false\" value=\"\" type=\"text\" name=\"titulo-foto1-tema1\" \/><\/span><br \/>\n&nbsp;<br \/>\n<span class=\"wpcf7-form-control-wrap\" data-name=\"foto1-tema1\"><input size=\"40\" class=\"wpcf7-form-control wpcf7-file wpcf7-validates-as-required\" accept=\".jpg,.jpeg,.png,.gif,.webp\" aria-required=\"true\" aria-invalid=\"false\" type=\"file\" name=\"foto1-tema1\" \/><\/span><br \/>\n&nbsp;<br \/>\nT\u00edtulo da Fotografia 2<br \/>\n<span class=\"wpcf7-form-control-wrap\" data-name=\"titulo-foto2-tema1\"><input size=\"40\" maxlength=\"400\" class=\"wpcf7-form-control wpcf7-text\" aria-invalid=\"false\" value=\"\" type=\"text\" name=\"titulo-foto2-tema1\" \/><\/span><br \/>\n&nbsp;<br \/>\n<span class=\"wpcf7-form-control-wrap\" data-name=\"foto2-tema1\"><input size=\"40\" class=\"wpcf7-form-control wpcf7-file\" accept=\".jpg,.jpeg,.png,.gif,.webp\" aria-invalid=\"false\" type=\"file\" name=\"foto2-tema1\" \/><\/span><br \/>\n&nbsp;<br \/>\nT\u00edtulo da Fotografia 3<br \/>\n<span class=\"wpcf7-form-control-wrap\" data-name=\"titulo-foto3-tema1\"><input size=\"40\" maxlength=\"400\" class=\"wpcf7-form-control wpcf7-text\" aria-invalid=\"false\" value=\"\" type=\"text\" name=\"titulo-foto3-tema1\" \/><\/span><br \/>\n&nbsp;<br \/>\n<span class=\"wpcf7-form-control-wrap\" data-name=\"foto3-tema1\"><input size=\"40\" class=\"wpcf7-form-control wpcf7-file\" accept=\".jpg,.jpeg,.png,.gif,.webp\" aria-invalid=\"false\" type=\"file\" name=\"foto3-tema1\" \/><\/span>\n\t<\/p>\n<\/div>\n<div data-id=\"tema-2\" data-orig_data_id=\"tema-2\" data-clear_on_hide class=\"\" data-class=\"wpcf7cf_group\">\n\t<p>T\u00edtulo da Fotografia 1 (obrigat\u00f3rio)<br \/>\n<span class=\"wpcf7-form-control-wrap\" data-name=\"titulo-foto1-tema2\"><input size=\"40\" maxlength=\"400\" class=\"wpcf7-form-control wpcf7-text wpcf7-validates-as-required\" aria-required=\"true\" aria-invalid=\"false\" value=\"\" type=\"text\" name=\"titulo-foto1-tema2\" \/><\/span><br \/>\n&nbsp;<br \/>\n<span class=\"wpcf7-form-control-wrap\" data-name=\"foto1-tema2\"><input size=\"40\" class=\"wpcf7-form-control wpcf7-file wpcf7-validates-as-required\" accept=\".jpg,.jpeg,.png,.gif,.webp\" aria-required=\"true\" aria-invalid=\"false\" type=\"file\" name=\"foto1-tema2\" \/><\/span><br \/>\n&nbsp;<br \/>\nT\u00edtulo da Fotografia 2<br \/>\n<span class=\"wpcf7-form-control-wrap\" data-name=\"titulo-foto2-tema2\"><input size=\"40\" maxlength=\"400\" class=\"wpcf7-form-control wpcf7-text\" aria-invalid=\"false\" value=\"\" type=\"text\" name=\"titulo-foto2-tema2\" \/><\/span><br \/>\n&nbsp;<br \/>\n<span class=\"wpcf7-form-control-wrap\" data-name=\"foto2-tema2\"><input size=\"40\" class=\"wpcf7-form-control wpcf7-file\" accept=\".jpg,.jpeg,.png,.gif,.webp\" aria-invalid=\"false\" type=\"file\" name=\"foto2-tema2\" \/><\/span><br \/>\n&nbsp;<br \/>\nT\u00edtulo da Fotografia 3<br \/>\n<span class=\"wpcf7-form-control-wrap\" data-name=\"titulo-foto3-tema2\"><input size=\"40\" maxlength=\"400\" class=\"wpcf7-form-control wpcf7-text\" aria-invalid=\"false\" value=\"\" type=\"text\" name=\"titulo-foto3-tema2\" \/><\/span><br \/>\n&nbsp;<br \/>\n<span class=\"wpcf7-form-control-wrap\" data-name=\"foto3-tema2\"><input size=\"40\" class=\"wpcf7-form-control wpcf7-file\" accept=\".jpg,.jpeg,.png,.gif,.webp\" aria-invalid=\"false\" type=\"file\" name=\"foto3-tema2\" \/><\/span>\n\t<\/p>\n<\/div>\n<div data-id=\"tema-3\" data-orig_data_id=\"tema-3\" data-clear_on_hide class=\"\" data-class=\"wpcf7cf_group\">\n\t<p>T\u00edtulo da Fotografia 1 (obrigat\u00f3rio)<br \/>\n<span class=\"wpcf7-form-control-wrap\" data-name=\"titulo-foto1-tema3\"><input size=\"40\" maxlength=\"400\" class=\"wpcf7-form-control wpcf7-text wpcf7-validates-as-required\" aria-required=\"true\" aria-invalid=\"false\" value=\"\" type=\"text\" name=\"titulo-foto1-tema3\" \/><\/span><br \/>\n&nbsp;<br \/>\n<span class=\"wpcf7-form-control-wrap\" data-name=\"foto1-tema3\"><input size=\"40\" class=\"wpcf7-form-control wpcf7-file wpcf7-validates-as-required\" accept=\".jpg,.jpeg,.png,.gif,.webp\" aria-required=\"true\" aria-invalid=\"false\" type=\"file\" name=\"foto1-tema3\" \/><\/span><br \/>\n&nbsp;<br \/>\nT\u00edtulo da Fotografia 2<br \/>\n<span class=\"wpcf7-form-control-wrap\" data-name=\"titulo-foto2-tema3\"><input size=\"40\" maxlength=\"400\" class=\"wpcf7-form-control wpcf7-text\" aria-invalid=\"false\" value=\"\" type=\"text\" name=\"titulo-foto2-tema3\" \/><\/span><br \/>\n&nbsp;<br \/>\n<span class=\"wpcf7-form-control-wrap\" data-name=\"foto2-tema3\"><input size=\"40\" class=\"wpcf7-form-control wpcf7-file\" accept=\".jpg,.jpeg,.png,.gif,.webp\" aria-invalid=\"false\" type=\"file\" name=\"foto2-tema3\" \/><\/span><br \/>\n&nbsp;<br \/>\nT\u00edtulo da Fotografia 3<br \/>\n<span class=\"wpcf7-form-control-wrap\" data-name=\"titulo-foto3-tema3\"><input size=\"40\" maxlength=\"400\" class=\"wpcf7-form-control wpcf7-text\" aria-invalid=\"false\" value=\"\" type=\"text\" name=\"titulo-foto3-tema3\" \/><\/span><br \/>\n&nbsp;<br \/>\n<span class=\"wpcf7-form-control-wrap\" data-name=\"foto3-tema3\"><input size=\"40\" class=\"wpcf7-form-control wpcf7-file\" accept=\".jpg,.jpeg,.png,.gif,.webp\" aria-invalid=\"false\" type=\"file\" name=\"foto3-tema3\" \/><\/span>\n\t<\/p>\n<\/div>\n<p>&nbsp;\n<\/p>\n<p><label> <b>Autoriza\u00e7\u00e3o<\/b><br \/>\n<span class=\"wpcf7-form-control-wrap\" data-name=\"autorizacao\"><input size=\"40\" class=\"wpcf7-form-control wpcf7-file\" accept=\".pdf,.doc,.docx,.jpg,.jpeg,.png,.gif,.webp\" aria-invalid=\"false\" type=\"file\" name=\"autorizacao\" \/><\/span><br \/>\n<i style=\"font-size:9pt;\">Fotografias com exibi\u00e7\u00e3o de pessoas adultas, crian\u00e7as ou idosos\/as, devem ser inscritas com a apresenta\u00e7\u00e3o de autoriza\u00e7\u00e3o pelo uso da imagem delas, sendo de total responsabilidade do(a) autor(a) a exposi\u00e7\u00e3o das personagens fotografadas. Anexar a autoriza\u00e7\u00e3o neste formul\u00e1rio de inscri\u00e7\u00e3o<\/i><br \/>\n<\/label><br \/>\n&nbsp;<br \/>\n<b>A participa\u00e7\u00e3o neste concurso implica em total aceita\u00e7\u00e3o das regras do regulamento.*<\/b><br \/>\n&nbsp;<br \/>\n<label><span class=\"wpcf7-form-control-wrap\" data-name=\"aceite1\"><span class=\"wpcf7-form-control wpcf7-checkbox wpcf7-validates-as-required\"><span class=\"wpcf7-list-item first last\"><label><input type=\"checkbox\" name=\"aceite1[]\" value=\"Autorizo a publica\u00e7\u00e3o das imagens inscritas caso sejam selecionadas para a Agenda da ADUFPB 2025, e outros meios de comunica\u00e7\u00e3o do sindicato, sem \u00f4nus para a ADUFPB nem para os seus apoiadores culturais.\" \/><span class=\"wpcf7-list-item-label\">Autorizo a publica\u00e7\u00e3o das imagens inscritas caso sejam selecionadas para a Agenda da ADUFPB 2025, e outros meios de comunica\u00e7\u00e3o do sindicato, sem \u00f4nus para a ADUFPB nem para os seus apoiadores culturais.<\/span><\/label><\/span><\/span><\/span><br \/>\n<\/label><br \/>\n<label><span class=\"wpcf7-form-control-wrap\" data-name=\"aceite2\"><span class=\"wpcf7-form-control wpcf7-checkbox wpcf7-validates-as-required\"><span class=\"wpcf7-list-item first last\"><label><input type=\"checkbox\" name=\"aceite2[]\" value=\"\u00c9 de minha total responsabilidade e autoria a(s) foto(s) anexa(s) \u00e0 esta ficha de inscri\u00e7\u00e3o, bem como a autoriza\u00e7\u00e3o pela publica\u00e7\u00e3o de imagens de pessoas que porventura estejam impl\u00edcitas nas fotografias, conforme autoriza\u00e7\u00e3o fornecida \u00e0 Comiss\u00e3o Organizadora.\" \/><span class=\"wpcf7-list-item-label\">\u00c9 de minha total responsabilidade e autoria a(s) foto(s) anexa(s) \u00e0 esta ficha de inscri\u00e7\u00e3o, bem como a autoriza\u00e7\u00e3o pela publica\u00e7\u00e3o de imagens de pessoas que porventura estejam impl\u00edcitas nas fotografias, conforme autoriza\u00e7\u00e3o fornecida \u00e0 Comiss\u00e3o Organizadora.<\/span><\/label><\/span><\/span><\/span><br \/>\n<\/label>\n<\/p>\n<p><input class=\"wpcf7-form-control wpcf7-submit has-spinner\" type=\"submit\" value=\"Enviar\" \/>\n<\/p><div class=\"wpcf7-response-output\" aria-hidden=\"true\"><\/div>\n<\/form>\n<\/div>\n\n","protected":false},"excerpt":{"rendered":"<p>Ficha de Inscri\u00e7\u00e3o (.doc)<\/p>\n","protected":false},"author":1,"featured_media":0,"parent":0,"menu_order":0,"comment_status":"closed","ping_status":"closed","template":"","meta":{"footnotes":""},"class_list":["post-9172","page","type-page","status-publish","hentry","description-off"],"_links":{"self":[{"href":"https:\/\/www.adufpb.org.br\/site\/wp-json\/wp\/v2\/pages\/9172","targetHints":{"allow":["GET"]}}],"collection":[{"href":"https:\/\/www.adufpb.org.br\/site\/wp-json\/wp\/v2\/pages"}],"about":[{"href":"https:\/\/www.adufpb.org.br\/site\/wp-json\/wp\/v2\/types\/page"}],"author":[{"embeddable":true,"href":"https:\/\/www.adufpb.org.br\/site\/wp-json\/wp\/v2\/users\/1"}],"replies":[{"embeddable":true,"href":"https:\/\/www.adufpb.org.br\/site\/wp-json\/wp\/v2\/comments?post=9172"}],"version-history":[{"count":8,"href":"https:\/\/www.adufpb.org.br\/site\/wp-json\/wp\/v2\/pages\/9172\/revisions"}],"predecessor-version":[{"id":34776,"href":"https:\/\/www.adufpb.org.br\/site\/wp-json\/wp\/v2\/pages\/9172\/revisions\/34776"}],"wp:attachment":[{"href":"https:\/\/www.adufpb.org.br\/site\/wp-json\/wp\/v2\/media?parent=9172"}],"curies":[{"name":"wp","href":"https:\/\/api.w.org\/{rel}","templated":true}]}}