{"id":8621,"date":"2014-03-31T21:01:47","date_gmt":"2014-04-01T01:01:47","guid":{"rendered":"http:\/\/www.adufpb.org.br\/site\/?page_id=8621"},"modified":"2025-11-11T10:15:31","modified_gmt":"2025-11-11T13:15:31","slug":"sede-sociocultural","status":"publish","type":"page","link":"https:\/\/www.adufpb.org.br\/site\/institucional\/sede-sociocultural\/","title":{"rendered":"Sede Sociocultural"},"content":{"rendered":"<div class=\"wpb-content-wrapper\"><p>[vc_row][vc_column width=&#8221;1\/2&#8243;][vc_empty_space height=&#8221;40&#8243;][vc_column_text css=&#8221;&#8221;]<a class=\"dt-pswp-item\" href=\"https:\/\/www.adufpb.org.br\/site\/wp-content\/uploads\/2024\/09\/2022.05.10-sede-sociocultural-scaled.jpg\" data-dt-img-description=\"\" data-large_image_width=\"2560\" data-large_image_height=\"1439\"><img loading=\"lazy\" decoding=\"async\" class=\"alignleft wp-image-32253 size-large\" src=\"https:\/\/www.adufpb.org.br\/site\/wp-content\/uploads\/2024\/09\/2022.05.10-sede-sociocultural-1024x575.jpg\" alt=\"\" width=\"1024\" height=\"575\" srcset=\"https:\/\/www.adufpb.org.br\/site\/wp-content\/uploads\/2024\/09\/2022.05.10-sede-sociocultural-1024x575.jpg 1024w, https:\/\/www.adufpb.org.br\/site\/wp-content\/uploads\/2024\/09\/2022.05.10-sede-sociocultural-300x169.jpg 300w, https:\/\/www.adufpb.org.br\/site\/wp-content\/uploads\/2024\/09\/2022.05.10-sede-sociocultural-768x432.jpg 768w, https:\/\/www.adufpb.org.br\/site\/wp-content\/uploads\/2024\/09\/2022.05.10-sede-sociocultural-1536x863.jpg 1536w, https:\/\/www.adufpb.org.br\/site\/wp-content\/uploads\/2024\/09\/2022.05.10-sede-sociocultural-2048x1151.jpg 2048w, https:\/\/www.adufpb.org.br\/site\/wp-content\/uploads\/2024\/09\/2022.05.10-sede-sociocultural-250x141.jpg 250w\" sizes=\"auto, (max-width: 1024px) 100vw, 1024px\" \/><\/a>[\/vc_column_text][\/vc_column][vc_column width=&#8221;1\/2&#8243;][vc_empty_space height=&#8221;40&#8243;][vc_column_text]<strong>Hor\u00e1rios de acesso e funcionamento<\/strong><\/p>\n<ul>\n<li>\u00a0Aos s\u00e1bados e feriados: \u00a0A sede \u00e9 aberta aos(\u00e0s) filiados(as) das 7h \u00e0s 17h, podendo coincidir com algum evento anteriormente agendado por um(uma) docente sindicalizado(a);<\/li>\n<li>\u00a0Aos domingos: \u00a0A sede \u00e9 aberta aos(\u00e0s) filiados(as) das 7h \u00e0s 17h e ficar\u00e1 dispon\u00edvel apenas para o uso coletivo dos(as) sindicalizados(as). N\u00e3o \u00e9 permitido agendamentos;<\/li>\n<li>\u00a0De segunda a sexta-feira: A sede \u00e9 aberta para eventos agendados por docente sindicalizado(a). Agendamento pode ser feito para um turno, ou mais, entre os tr\u00eas turnos dispon\u00edveis: manh\u00e3, tarde ou noite, limitando-se ao hor\u00e1rio de funcionamento da sede, \u00e0s 22h, conforme diretrizes do Regimento Interno da ADUFPB e respeitando a Lei do Sil\u00eancio<\/li>\n<\/ul>\n<p><strong>Endere\u00e7o<\/strong><\/p>\n<p>Rua Dr. Gilvan Muribeca, n\u00ba 88 \u2013 Praia de Cabo Branco &#8211; Jo\u00e3o Pessoa &#8211; CEP 58045-220<\/p>\n<p><strong>Telefones<\/strong><\/p>\n<p>(83) 3578-8608[\/vc_column_text][vc_empty_space height=&#8221;40&#8243;]<style type=\"text\/css\" data-type=\"the7_shortcodes-inline-css\">.icon-with-text-shortcode.icon-text-id-c393c10e5cc738349c22212b6741ba96 .text-icon {\n  width: 36px;\n  height: 36px;\n  line-height: 36px;\n  font-size: 18px;\n  border-radius: 200px;\n  margin: 0px 10px 0px 0px;\n}\n.icon-with-text-shortcode.icon-text-id-c393c10e5cc738349c22212b6741ba96 .text-icon .icon-inner {\n  min-width: 36px;\n  min-height: 36px;\n  border-radius: 200px;\n}\n@media all and (-ms-high-contrast: none) {\n  .icon-with-text-shortcode.icon-text-id-c393c10e5cc738349c22212b6741ba96 .text-icon .icon-inner {\n    height: 36px;\n  }\n}\n.icon-with-text-shortcode.icon-text-id-c393c10e5cc738349c22212b6741ba96 .text-icon .dt-hover-icon {\n  line-height: 36px;\n}\n.icon-with-text-shortcode.icon-text-id-c393c10e5cc738349c22212b6741ba96 .text-icon:before,\n.icon-with-text-shortcode.icon-text-id-c393c10e5cc738349c22212b6741ba96 .text-icon:after,\n.icon-with-text-shortcode.icon-text-id-c393c10e5cc738349c22212b6741ba96 .text-icon .icon-inner:before,\n.icon-with-text-shortcode.icon-text-id-c393c10e5cc738349c22212b6741ba96 .text-icon .icon-inner:after {\n  min-width: 100%;\n  min-height: 100%;\n  padding: inherit;\n  border-radius: inherit;\n}\n.icon-with-text-shortcode.icon-text-id-c393c10e5cc738349c22212b6741ba96 .text-icon.dt-icon-border-on:before {\n  border-width: 2px;\n  border-style: solid;\n}\n.dt-icon-border-dashed.icon-with-text-shortcode.icon-text-id-c393c10e5cc738349c22212b6741ba96 .text-icon.dt-icon-border-on:before {\n  border-style: dashed;\n}\n.dt-icon-border-dotted.icon-with-text-shortcode.icon-text-id-c393c10e5cc738349c22212b6741ba96 .text-icon.dt-icon-border-on:before {\n  border-style: dotted;\n}\n.dt-icon-border-double.icon-with-text-shortcode.icon-text-id-c393c10e5cc738349c22212b6741ba96 .text-icon.dt-icon-border-on:before {\n  border-style: double;\n}\n.icon-with-text-shortcode.icon-text-id-c393c10e5cc738349c22212b6741ba96 .text-icon.dt-icon-border-dashed.dt-icon-border-on:before {\n  border-style: dashed;\n}\n.icon-with-text-shortcode.icon-text-id-c393c10e5cc738349c22212b6741ba96 .text-icon.dt-icon-border-dotted.dt-icon-border-on:before {\n  border-style: dotted;\n}\n.icon-with-text-shortcode.icon-text-id-c393c10e5cc738349c22212b6741ba96 .text-icon.dt-icon-border-double.dt-icon-border-on:before {\n  border-style: double;\n}\n.icon-with-text-shortcode.icon-text-id-c393c10e5cc738349c22212b6741ba96 .text-icon.dt-icon-hover-border-on:after {\n  border-width: 2px;\n  border-style: solid;\n}\n.icon-with-text-shortcode.icon-text-id-c393c10e5cc738349c22212b6741ba96 .text-icon.dt-icon-border-dashed.dt-icon-hover-border-on:after {\n  border-style: dashed;\n}\n.icon-with-text-shortcode.icon-text-id-c393c10e5cc738349c22212b6741ba96 .text-icon.dt-icon-border-dotted.dt-icon-hover-border-on:after {\n  border-style: dotted;\n}\n.icon-with-text-shortcode.icon-text-id-c393c10e5cc738349c22212b6741ba96 .text-icon.dt-icon-border-double.dt-icon-hover-border-on:after {\n  border-style: double;\n}\n.icon-with-text-shortcode.icon-text-id-c393c10e5cc738349c22212b6741ba96 .text-icon.dt-icon-hover-on:hover {\n  font-size: 18px;\n}\n#page .icon-with-text-shortcode.icon-text-id-c393c10e5cc738349c22212b6741ba96 .text-icon.dt-icon-hover-on:hover .soc-font-icon,\n#phantom .icon-with-text-shortcode.icon-text-id-c393c10e5cc738349c22212b6741ba96 .text-icon.dt-icon-hover-on:hover .soc-font-icon,\n#page .icon-with-text-shortcode.icon-text-id-c393c10e5cc738349c22212b6741ba96 .text-icon.dt-icon-hover-on:hover .soc-icon,\n#phantom .icon-with-text-shortcode.icon-text-id-c393c10e5cc738349c22212b6741ba96 .text-icon.dt-icon-hover-on:hover .soc-icon {\n  color: #fff;\n  background: none;\n}\n#page .icon-with-text-shortcode.icon-text-id-c393c10e5cc738349c22212b6741ba96 .text-icon.dt-icon-hover-on:not(:hover) .soc-font-icon,\n#phantom .icon-with-text-shortcode.icon-text-id-c393c10e5cc738349c22212b6741ba96 .text-icon.dt-icon-hover-on:not(:hover) .soc-font-icon,\n#page .icon-with-text-shortcode.icon-text-id-c393c10e5cc738349c22212b6741ba96 .text-icon.dt-icon-hover-on:not(:hover) .soc-icon,\n#phantom .icon-with-text-shortcode.icon-text-id-c393c10e5cc738349c22212b6741ba96 .text-icon.dt-icon-hover-on:not(:hover) .soc-icon,\n#page .icon-with-text-shortcode.icon-text-id-c393c10e5cc738349c22212b6741ba96 .text-icon.dt-icon-hover-off .soc-font-icon,\n#phantom .icon-with-text-shortcode.icon-text-id-c393c10e5cc738349c22212b6741ba96 .text-icon.dt-icon-hover-off .soc-font-icon,\n#page .icon-with-text-shortcode.icon-text-id-c393c10e5cc738349c22212b6741ba96 .text-icon.dt-icon-hover-off .soc-icon,\n#phantom .icon-with-text-shortcode.icon-text-id-c393c10e5cc738349c22212b6741ba96 .text-icon.dt-icon-hover-off .soc-icon {\n  color: #ffffff;\n  background: none;\n}\n.icon-with-text-shortcode.icon-text-id-c393c10e5cc738349c22212b6741ba96.layout-1 {\n  grid-template-columns: 36px minmax(0,1fr);\n  grid-column-gap: 10px;\n}\n.icon-with-text-shortcode.icon-text-id-c393c10e5cc738349c22212b6741ba96.layout-2 {\n  grid-template-columns: minmax(0,1fr) 36px;\n  grid-column-gap: 0px;\n}\n.icon-with-text-shortcode.icon-text-id-c393c10e5cc738349c22212b6741ba96.layout-2 .text-icon {\n  margin-left: 0;\n}\n.icon-with-text-shortcode.icon-text-id-c393c10e5cc738349c22212b6741ba96.layout-3 {\n  grid-template-columns: 36px minmax(0,1fr);\n}\n.icon-with-text-shortcode.icon-text-id-c393c10e5cc738349c22212b6741ba96.layout-3 .dt-text-title {\n  margin-left: 10px;\n}\n.icon-with-text-shortcode.icon-text-id-c393c10e5cc738349c22212b6741ba96 .dt-text-title,\n.icon-with-text-shortcode.icon-text-id-c393c10e5cc738349c22212b6741ba96 .dt-text-title a {\n  font-size: 14px;\n  font-weight: bold;\n}\n.icon-with-text-shortcode.icon-text-id-c393c10e5cc738349c22212b6741ba96 .dt-text-title {\n  margin-bottom: 0px;\n}\n.icon-with-text-shortcode.icon-text-id-c393c10e5cc738349c22212b6741ba96 .dt-text-desc {\n  margin-bottom: 0px;\n}<\/style><div class=\"icon-with-text-shortcode  icon-text-id-c393c10e5cc738349c22212b6741ba96 layout-3  \" ><a href=\"http:\/\/www.adufpb.org.br\/site\/solicitacao-de-reserva-da-sede-sociocultural\/\" class=\"anchor-link text-icon dt-icon-bg-on dt-icon-hover-off\"><span class=\"icon-inner\"><i class=\"dt-regular-icon soc-icon icomoon-the7-font-the7-clock-01\"><\/i><i class=\"dt-hover-icon soc-icon icomoon-the7-font-the7-clock-01\"><\/i><\/span><\/a><p class=\"dt-text-title anchor-link\"><a class=\"anchor-link\"  href=\"http:\/\/www.adufpb.org.br\/site\/solicitacao-de-reserva-da-sede-sociocultural\/\">Reserva Online da Sede Sociocultural<\/a><\/p><\/div>[vc_empty_space height=&#8221;40&#8243;]<style type=\"text\/css\" data-type=\"the7_shortcodes-inline-css\">.icon-with-text-shortcode.icon-text-id-d42de276f67b09796ee3fc59f9dbe9a9 .text-icon {\n  width: 36px;\n  height: 36px;\n  line-height: 36px;\n  font-size: 18px;\n  border-radius: 200px;\n  margin: 0px 10px 0px 0px;\n}\n.icon-with-text-shortcode.icon-text-id-d42de276f67b09796ee3fc59f9dbe9a9 .text-icon .icon-inner {\n  min-width: 36px;\n  min-height: 36px;\n  border-radius: 200px;\n}\n@media all and (-ms-high-contrast: none) {\n  .icon-with-text-shortcode.icon-text-id-d42de276f67b09796ee3fc59f9dbe9a9 .text-icon .icon-inner {\n    height: 36px;\n  }\n}\n.icon-with-text-shortcode.icon-text-id-d42de276f67b09796ee3fc59f9dbe9a9 .text-icon .dt-hover-icon {\n  line-height: 36px;\n}\n.icon-with-text-shortcode.icon-text-id-d42de276f67b09796ee3fc59f9dbe9a9 .text-icon:before,\n.icon-with-text-shortcode.icon-text-id-d42de276f67b09796ee3fc59f9dbe9a9 .text-icon:after,\n.icon-with-text-shortcode.icon-text-id-d42de276f67b09796ee3fc59f9dbe9a9 .text-icon .icon-inner:before,\n.icon-with-text-shortcode.icon-text-id-d42de276f67b09796ee3fc59f9dbe9a9 .text-icon .icon-inner:after {\n  min-width: 100%;\n  min-height: 100%;\n  padding: inherit;\n  border-radius: inherit;\n}\n.icon-with-text-shortcode.icon-text-id-d42de276f67b09796ee3fc59f9dbe9a9 .text-icon.dt-icon-border-on:before {\n  border-width: 2px;\n  border-style: solid;\n}\n.dt-icon-border-dashed.icon-with-text-shortcode.icon-text-id-d42de276f67b09796ee3fc59f9dbe9a9 .text-icon.dt-icon-border-on:before {\n  border-style: dashed;\n}\n.dt-icon-border-dotted.icon-with-text-shortcode.icon-text-id-d42de276f67b09796ee3fc59f9dbe9a9 .text-icon.dt-icon-border-on:before {\n  border-style: dotted;\n}\n.dt-icon-border-double.icon-with-text-shortcode.icon-text-id-d42de276f67b09796ee3fc59f9dbe9a9 .text-icon.dt-icon-border-on:before {\n  border-style: double;\n}\n.icon-with-text-shortcode.icon-text-id-d42de276f67b09796ee3fc59f9dbe9a9 .text-icon.dt-icon-border-dashed.dt-icon-border-on:before {\n  border-style: dashed;\n}\n.icon-with-text-shortcode.icon-text-id-d42de276f67b09796ee3fc59f9dbe9a9 .text-icon.dt-icon-border-dotted.dt-icon-border-on:before {\n  border-style: dotted;\n}\n.icon-with-text-shortcode.icon-text-id-d42de276f67b09796ee3fc59f9dbe9a9 .text-icon.dt-icon-border-double.dt-icon-border-on:before {\n  border-style: double;\n}\n.icon-with-text-shortcode.icon-text-id-d42de276f67b09796ee3fc59f9dbe9a9 .text-icon.dt-icon-hover-border-on:after {\n  border-width: 2px;\n  border-style: solid;\n}\n.icon-with-text-shortcode.icon-text-id-d42de276f67b09796ee3fc59f9dbe9a9 .text-icon.dt-icon-border-dashed.dt-icon-hover-border-on:after {\n  border-style: dashed;\n}\n.icon-with-text-shortcode.icon-text-id-d42de276f67b09796ee3fc59f9dbe9a9 .text-icon.dt-icon-border-dotted.dt-icon-hover-border-on:after {\n  border-style: dotted;\n}\n.icon-with-text-shortcode.icon-text-id-d42de276f67b09796ee3fc59f9dbe9a9 .text-icon.dt-icon-border-double.dt-icon-hover-border-on:after {\n  border-style: double;\n}\n.icon-with-text-shortcode.icon-text-id-d42de276f67b09796ee3fc59f9dbe9a9 .text-icon.dt-icon-hover-on:hover {\n  font-size: 18px;\n}\n#page .icon-with-text-shortcode.icon-text-id-d42de276f67b09796ee3fc59f9dbe9a9 .text-icon.dt-icon-hover-on:hover .soc-font-icon,\n#phantom .icon-with-text-shortcode.icon-text-id-d42de276f67b09796ee3fc59f9dbe9a9 .text-icon.dt-icon-hover-on:hover .soc-font-icon,\n#page .icon-with-text-shortcode.icon-text-id-d42de276f67b09796ee3fc59f9dbe9a9 .text-icon.dt-icon-hover-on:hover .soc-icon,\n#phantom .icon-with-text-shortcode.icon-text-id-d42de276f67b09796ee3fc59f9dbe9a9 .text-icon.dt-icon-hover-on:hover .soc-icon {\n  color: #fff;\n  background: none;\n}\n#page .icon-with-text-shortcode.icon-text-id-d42de276f67b09796ee3fc59f9dbe9a9 .text-icon.dt-icon-hover-on:not(:hover) .soc-font-icon,\n#phantom .icon-with-text-shortcode.icon-text-id-d42de276f67b09796ee3fc59f9dbe9a9 .text-icon.dt-icon-hover-on:not(:hover) .soc-font-icon,\n#page .icon-with-text-shortcode.icon-text-id-d42de276f67b09796ee3fc59f9dbe9a9 .text-icon.dt-icon-hover-on:not(:hover) .soc-icon,\n#phantom .icon-with-text-shortcode.icon-text-id-d42de276f67b09796ee3fc59f9dbe9a9 .text-icon.dt-icon-hover-on:not(:hover) .soc-icon,\n#page .icon-with-text-shortcode.icon-text-id-d42de276f67b09796ee3fc59f9dbe9a9 .text-icon.dt-icon-hover-off .soc-font-icon,\n#phantom .icon-with-text-shortcode.icon-text-id-d42de276f67b09796ee3fc59f9dbe9a9 .text-icon.dt-icon-hover-off .soc-font-icon,\n#page .icon-with-text-shortcode.icon-text-id-d42de276f67b09796ee3fc59f9dbe9a9 .text-icon.dt-icon-hover-off .soc-icon,\n#phantom .icon-with-text-shortcode.icon-text-id-d42de276f67b09796ee3fc59f9dbe9a9 .text-icon.dt-icon-hover-off .soc-icon {\n  color: #ffffff;\n  background: none;\n}\n.icon-with-text-shortcode.icon-text-id-d42de276f67b09796ee3fc59f9dbe9a9.layout-1 {\n  grid-template-columns: 36px minmax(0,1fr);\n  grid-column-gap: 10px;\n}\n.icon-with-text-shortcode.icon-text-id-d42de276f67b09796ee3fc59f9dbe9a9.layout-2 {\n  grid-template-columns: minmax(0,1fr) 36px;\n  grid-column-gap: 0px;\n}\n.icon-with-text-shortcode.icon-text-id-d42de276f67b09796ee3fc59f9dbe9a9.layout-2 .text-icon {\n  margin-left: 0;\n}\n.icon-with-text-shortcode.icon-text-id-d42de276f67b09796ee3fc59f9dbe9a9.layout-3 {\n  grid-template-columns: 36px minmax(0,1fr);\n}\n.icon-with-text-shortcode.icon-text-id-d42de276f67b09796ee3fc59f9dbe9a9.layout-3 .dt-text-title {\n  margin-left: 10px;\n}\n.icon-with-text-shortcode.icon-text-id-d42de276f67b09796ee3fc59f9dbe9a9 .dt-text-title,\n.icon-with-text-shortcode.icon-text-id-d42de276f67b09796ee3fc59f9dbe9a9 .dt-text-title a {\n  font-size: 14px;\n  font-weight: bold;\n}\n.icon-with-text-shortcode.icon-text-id-d42de276f67b09796ee3fc59f9dbe9a9 .dt-text-title {\n  margin-bottom: 0px;\n}\n.icon-with-text-shortcode.icon-text-id-d42de276f67b09796ee3fc59f9dbe9a9 .dt-text-desc {\n  margin-bottom: 0px;\n}<\/style><div class=\"icon-with-text-shortcode  icon-text-id-d42de276f67b09796ee3fc59f9dbe9a9 layout-3  \" ><a href=\"http:\/\/www.adufpb.org.br\/site\/wp-content\/uploads\/2009\/09\/regulamento-interno-sede-social.pdf\" class=\"anchor-link text-icon dt-icon-bg-on dt-icon-hover-off\"><span class=\"icon-inner\"><i class=\"dt-regular-icon soc-icon dt-icon-the7-menu-004\"><\/i><i class=\"dt-hover-icon soc-icon dt-icon-the7-menu-004\"><\/i><\/span><\/a><p class=\"dt-text-title anchor-link\"><a class=\"anchor-link\"  href=\"http:\/\/www.adufpb.org.br\/site\/wp-content\/uploads\/2009\/09\/regulamento-interno-sede-social.pdf\">Regimento Interno da Sede Sociocultural da ADUFPB<\/a><\/p><\/div>[\/vc_column][\/vc_row]<\/p>\n<\/div>","protected":false},"excerpt":{"rendered":"<p>[vc_row][vc_column width=&#8221;1\/2&#8243;][vc_empty_space height=&#8221;40&#8243;][vc_column_text css=&#8221;&#8221;][\/vc_column_text][\/vc_column][vc_column width=&#8221;1\/2&#8243;][vc_empty_space height=&#8221;40&#8243;][vc_column_text]Hor\u00e1rios de acesso e funcionamento \u00a0Aos s\u00e1bados e feriados: \u00a0A sede \u00e9 aberta aos(\u00e0s) filiados(as) das 7h \u00e0s 17h, podendo coincidir com algum evento anteriormente agendado por um(uma) docente sindicalizado(a); \u00a0Aos domingos: \u00a0A sede \u00e9 aberta aos(\u00e0s) filiados(as) das 7h \u00e0s 17h e ficar\u00e1 dispon\u00edvel apenas para o uso coletivo&hellip;<\/p>\n","protected":false},"author":1,"featured_media":0,"parent":6490,"menu_order":0,"comment_status":"closed","ping_status":"closed","template":"","meta":{"footnotes":""},"class_list":["post-8621","page","type-page","status-publish","hentry","description-off"],"_links":{"self":[{"href":"https:\/\/www.adufpb.org.br\/site\/wp-json\/wp\/v2\/pages\/8621","targetHints":{"allow":["GET"]}}],"collection":[{"href":"https:\/\/www.adufpb.org.br\/site\/wp-json\/wp\/v2\/pages"}],"about":[{"href":"https:\/\/www.adufpb.org.br\/site\/wp-json\/wp\/v2\/types\/page"}],"author":[{"embeddable":true,"href":"https:\/\/www.adufpb.org.br\/site\/wp-json\/wp\/v2\/users\/1"}],"replies":[{"embeddable":true,"href":"https:\/\/www.adufpb.org.br\/site\/wp-json\/wp\/v2\/comments?post=8621"}],"version-history":[{"count":16,"href":"https:\/\/www.adufpb.org.br\/site\/wp-json\/wp\/v2\/pages\/8621\/revisions"}],"predecessor-version":[{"id":35374,"href":"https:\/\/www.adufpb.org.br\/site\/wp-json\/wp\/v2\/pages\/8621\/revisions\/35374"}],"up":[{"embeddable":true,"href":"https:\/\/www.adufpb.org.br\/site\/wp-json\/wp\/v2\/pages\/6490"}],"wp:attachment":[{"href":"https:\/\/www.adufpb.org.br\/site\/wp-json\/wp\/v2\/media?parent=8621"}],"curies":[{"name":"wp","href":"https:\/\/api.w.org\/{rel}","templated":true}]}}