{"id":6899,"date":"2014-02-11T17:00:42","date_gmt":"2014-02-11T21:00:42","guid":{"rendered":"http:\/\/www.adufpb.org.br\/site\/?page_id=6899"},"modified":"2020-10-12T19:03:11","modified_gmt":"2020-10-12T22:03:11","slug":"prestacao-de-contas-anuais","status":"publish","type":"page","link":"https:\/\/www.adufpb.org.br\/site\/portaldatransparencia\/prestacao-de-contas-anuais\/","title":{"rendered":"Presta\u00e7\u00e3o de Contas Anuais"},"content":{"rendered":"<div class=\"wpb-content-wrapper\"><p>[vc_row][vc_column]<div class=\"gap\" style=\"line-height: 40px; height: 40px;\"><\/div>[vc_text_separator title=&#8221;Presta\u00e7\u00e3o de Contas Anuais&#8221;]<div class=\"gap\" style=\"line-height: 40px; height: 40px;\"><\/div>[vc_column_text]<\/p>\n<h3>2016<\/h3>\n<p><a href=\"http:\/\/www.adufpb.org.br\/site\/wp-content\/uploads\/2014\/02\/Parecer-contas-20162.pdf\">Relat\u00f3rio e parecer sobre as Contas do Exerc\u00edcio de 2016<\/a><br \/>\n<a href=\"http:\/\/www.adufpb.org.br\/site\/wp-content\/uploads\/2014\/02\/Demosntrativo-finaneiro-2016.pdf\">Demonstrativo financeiro 2016<\/a><\/p>\n<h3>2015<\/h3>\n<p><a href=\"http:\/\/www.adufpb.org.br\/site\/wp-content\/uploads\/2014\/02\/PARECER-CONTAS-2015.pdf\">Relat\u00f3rio e parecer sobre as Contas do Exerc\u00edcio de 2015<\/a><br \/>\n<a href=\"http:\/\/www.adufpb.org.br\/site\/wp-content\/uploads\/2014\/02\/Demonstrativo-Financeiro-2015-.pdf\">Demonstrativo financeiro 2015<\/a><\/p>\n<h3>2014<\/h3>\n<p><a href=\"http:\/\/www.adufpb.org.br\/site\/wp-content\/uploads\/2014\/02\/Relatorio-aduf-contas-2014.pdf\" target=\"_blank\" rel=\"noopener noreferrer\">Relat\u00f3rio e parecer sobre as Contas do Exerc\u00edcio de 2014<\/a><br \/>\n<a href=\"http:\/\/www.adufpb.org.br\/site\/wp-content\/uploads\/2014\/02\/Balanco-aduf-2014.pdf\" target=\"_blank\" rel=\"noopener noreferrer\">Demonstrativo financeiro 2014<\/a><\/p>\n<h3>2013<\/h3>\n<p><a href=\"http:\/\/www.adufpb.org.br\/site\/wp-content\/uploads\/2014\/02\/Relatorio-aduf-contas-2013.pdf\" target=\"_blank\" rel=\"noopener noreferrer\">Relat\u00f3rio e parecer sobre as Contas do Exerc\u00edcio de 2013<\/a><br \/>\n<a href=\"http:\/\/www.adufpb.org.br\/site\/wp-content\/uploads\/2014\/02\/Balanco-aduf-2013.pdf\" target=\"_blank\" rel=\"noopener noreferrer\">Demonstrativo financeiro 2013<\/a>[\/vc_column_text]<div class=\"gap\" style=\"line-height: 40px; height: 40px;\"><\/div>[vc_separator]<div class=\"gap\" style=\"line-height: 40px; height: 40px;\"><\/div>[\/vc_column][\/vc_row]<\/p>\n<\/div>","protected":false},"excerpt":{"rendered":"<p>[vc_row][vc_column][vc_text_separator title=&#8221;Presta\u00e7\u00e3o de Contas Anuais&#8221;][vc_column_text] 2016 Relat\u00f3rio e parecer sobre as Contas do Exerc\u00edcio de 2016 Demonstrativo financeiro 2016 2015 Relat\u00f3rio e parecer sobre as Contas do Exerc\u00edcio de 2015 Demonstrativo financeiro 2015 2014 Relat\u00f3rio e parecer sobre as Contas do Exerc\u00edcio de 2014 Demonstrativo financeiro 2014 2013 Relat\u00f3rio e parecer sobre as Contas do&hellip;<\/p>\n","protected":false},"author":1,"featured_media":0,"parent":6497,"menu_order":0,"comment_status":"closed","ping_status":"open","template":"","meta":{"footnotes":""},"class_list":["post-6899","page","type-page","status-publish","hentry","description-off"],"_links":{"self":[{"href":"https:\/\/www.adufpb.org.br\/site\/wp-json\/wp\/v2\/pages\/6899","targetHints":{"allow":["GET"]}}],"collection":[{"href":"https:\/\/www.adufpb.org.br\/site\/wp-json\/wp\/v2\/pages"}],"about":[{"href":"https:\/\/www.adufpb.org.br\/site\/wp-json\/wp\/v2\/types\/page"}],"author":[{"embeddable":true,"href":"https:\/\/www.adufpb.org.br\/site\/wp-json\/wp\/v2\/users\/1"}],"replies":[{"embeddable":true,"href":"https:\/\/www.adufpb.org.br\/site\/wp-json\/wp\/v2\/comments?post=6899"}],"version-history":[{"count":25,"href":"https:\/\/www.adufpb.org.br\/site\/wp-json\/wp\/v2\/pages\/6899\/revisions"}],"predecessor-version":[{"id":23858,"href":"https:\/\/www.adufpb.org.br\/site\/wp-json\/wp\/v2\/pages\/6899\/revisions\/23858"}],"up":[{"embeddable":true,"href":"https:\/\/www.adufpb.org.br\/site\/wp-json\/wp\/v2\/pages\/6497"}],"wp:attachment":[{"href":"https:\/\/www.adufpb.org.br\/site\/wp-json\/wp\/v2\/media?parent=6899"}],"curies":[{"name":"wp","href":"https:\/\/api.w.org\/{rel}","templated":true}]}}