{"id":6843,"date":"2014-02-10T18:36:16","date_gmt":"2014-02-10T22:36:16","guid":{"rendered":"http:\/\/www.adufpb.org.br\/site\/?page_id=6843"},"modified":"2024-05-08T21:39:57","modified_gmt":"2024-05-09T00:39:57","slug":"relacao-dos-funcionarios","status":"publish","type":"page","link":"https:\/\/www.adufpb.org.br\/site\/portaldatransparencia\/relacao-dos-funcionarios\/","title":{"rendered":"Rela\u00e7\u00e3o dos Funcion\u00e1rios"},"content":{"rendered":"<div class=\"wpb-content-wrapper\"><p>[vc_row][vc_column]<div class=\"gap\" style=\"line-height: 40px; height: 40px;\"><\/div>[vc_text_separator title=&#8221;Rela\u00e7\u00e3o dos Funcion\u00e1rios&#8221;]<div class=\"gap\" style=\"line-height: 40px; height: 40px;\"><\/div>[vc_column_text]<\/p>\n<h3>RELA\u00c7\u00c3O DE FUNCION\u00c1RIOS DA ADUFPB &#8211; OUTUBRO\/2022<\/h3>\n<p>&nbsp;<\/p>\n<p><strong>SEDE ADUFPB CENTRO DE VIV\u00caNCIA<\/strong><br \/>\nELIANE VISCARDI \u2013 Arquivista \/ Campus Jo\u00e3o Pessoa<br \/>\nJOS\u00c9 BALBINO DE SOUZA \u2013 Reprografia \/ Campus Jo\u00e3o Pessoa<br \/>\nLUZINETE DE SOUZA ALMEIDA &#8211; Servi\u00e7os gerais \/ Campus Jo\u00e3o Pessoa<br \/>\nMARIA C\u00c9LIA LOPES DA SILVA \u2013 Secret\u00e1ria Executiva \/ Campus Jo\u00e3o Pessoa<br \/>\nMARIA DA GUIA SILVA \u2013 Recepcionista \/ Campus Jo\u00e3o Pessoa<br \/>\nMAUR\u00cdCIO DE MELO BARROS &#8211; Assessor de Imprensa \/ Campus Jo\u00e3o Pessoa<br \/>\nRENATA PEREIRA FERREIRA &#8211; Assessora de Imprensa \/ Campus Jo\u00e3o Pessoa<br \/>\nRICARDO DA SILVA ARA\u00daJO \u2013 Assessor de Imprensa \/ Campus Jo\u00e3o Pessoa<br \/>\nSHEILA MAGALI PIRES RAPOSO &#8211; Assessora de Imprensa \/ Campus Jo\u00e3o Pessoa<br \/>\nS\u00d4NIA SCORALICK DE ALMEIDA \u2013 Arquivista \/ Campus Jo\u00e3o Pessoa<br \/>\nTHAIZA AYRES \u2013 Assistente Financeiro\/Campus Jo\u00e3o Pessoa<\/p>\n<p><strong>SUBSECRETARIA DE BANANEIRAS \u2013 CAMPUS III<\/strong><br \/>\nANG\u00c9LICA DUARTE DOS SANTOS &#8211; Auxiliar de Secretaria \/ Campus Bananeiras<br \/>\nPATR\u00cdCIA BEZERRA DA COSTA &#8211; Servi\u00e7os Gerais \/ Campus Bananeiras<\/p>\n<p><strong>SUBSECRETARIA DE AREIA \u2013 CAMPUS II<\/strong><br \/>\nLUZIA DE SOUZA SOARES &#8211; Auxiliar de Secretaria \/ Campus Areia<\/p>\n<p><strong>SUBSECRETARIA DO LITORAL NORTE \u2013 CAMPUS IV \/ MAMANGUAPE<\/strong><br \/>\nMARIA APARECIDA MARINHO DE OLIVEIRA &#8211; Auxiliar de Secretaria \/ Campus Litoral Norte<\/p>\n<p><strong>SEDE SOCIOCULTURAL<\/strong><br \/>\nANA MARIA DOS SANTOS \u2013 Servi\u00e7os Gerais \/ Sede Sociocultural<br \/>\nDELOSMAR LIMA DE ANDRADE &#8211; Servi\u00e7os gerais \/ Sede Sociocultural<br \/>\nMARCOS ANT\u00d4NIO DA SILVA MARQUES &#8211; Servi\u00e7os Gerais \/ Sede Sociocultural<br \/>\nROGACIANO CALIXTO DOS SANTOS &#8211; Servi\u00e7os Gerais \/ Sede Sociocultural[\/vc_column_text]<div class=\"gap\" style=\"line-height: 40px; height: 40px;\"><\/div>[vc_separator]<div class=\"gap\" style=\"line-height: 40px; height: 40px;\"><\/div>[\/vc_column][\/vc_row]<\/p>\n<\/div>","protected":false},"excerpt":{"rendered":"<p>[vc_row][vc_column][vc_text_separator title=&#8221;Rela\u00e7\u00e3o dos Funcion\u00e1rios&#8221;][vc_column_text] RELA\u00c7\u00c3O DE FUNCION\u00c1RIOS DA ADUFPB &#8211; OUTUBRO\/2022 &nbsp; SEDE ADUFPB CENTRO DE VIV\u00caNCIA ELIANE VISCARDI \u2013 Arquivista \/ Campus Jo\u00e3o Pessoa JOS\u00c9 BALBINO DE SOUZA \u2013 Reprografia \/ Campus Jo\u00e3o Pessoa LUZINETE DE SOUZA ALMEIDA &#8211; Servi\u00e7os gerais \/ Campus Jo\u00e3o Pessoa MARIA C\u00c9LIA LOPES DA SILVA \u2013 Secret\u00e1ria Executiva \/&hellip;<\/p>\n","protected":false},"author":1,"featured_media":0,"parent":6497,"menu_order":0,"comment_status":"closed","ping_status":"open","template":"","meta":{"footnotes":""},"class_list":["post-6843","page","type-page","status-publish","hentry","description-off"],"_links":{"self":[{"href":"https:\/\/www.adufpb.org.br\/site\/wp-json\/wp\/v2\/pages\/6843","targetHints":{"allow":["GET"]}}],"collection":[{"href":"https:\/\/www.adufpb.org.br\/site\/wp-json\/wp\/v2\/pages"}],"about":[{"href":"https:\/\/www.adufpb.org.br\/site\/wp-json\/wp\/v2\/types\/page"}],"author":[{"embeddable":true,"href":"https:\/\/www.adufpb.org.br\/site\/wp-json\/wp\/v2\/users\/1"}],"replies":[{"embeddable":true,"href":"https:\/\/www.adufpb.org.br\/site\/wp-json\/wp\/v2\/comments?post=6843"}],"version-history":[{"count":14,"href":"https:\/\/www.adufpb.org.br\/site\/wp-json\/wp\/v2\/pages\/6843\/revisions"}],"predecessor-version":[{"id":31320,"href":"https:\/\/www.adufpb.org.br\/site\/wp-json\/wp\/v2\/pages\/6843\/revisions\/31320"}],"up":[{"embeddable":true,"href":"https:\/\/www.adufpb.org.br\/site\/wp-json\/wp\/v2\/pages\/6497"}],"wp:attachment":[{"href":"https:\/\/www.adufpb.org.br\/site\/wp-json\/wp\/v2\/media?parent=6843"}],"curies":[{"name":"wp","href":"https:\/\/api.w.org\/{rel}","templated":true}]}}