{"id":33877,"date":"2025-03-19T09:18:17","date_gmt":"2025-03-19T12:18:17","guid":{"rendered":"https:\/\/www.adufpb.org.br\/site\/?page_id=33877"},"modified":"2025-03-20T09:53:01","modified_gmt":"2025-03-20T12:53:01","slug":"passo-a-passo-para-utilizacao-do-app-canada-security","status":"publish","type":"page","link":"https:\/\/www.adufpb.org.br\/site\/passo-a-passo-para-utilizacao-do-app-canada-security\/","title":{"rendered":"Passo a passo para utiliza\u00e7\u00e3o do app Canad\u00e1 Security"},"content":{"rendered":"<p><strong>Ap\u00f3s baixar o aplicativo da Canad\u00e1 Security, seguir os passos:<\/strong><\/p>\n<ol>\n<li>Abrir o aplicativo<\/li>\n<li>Clicar em CONVIDADOS<\/li>\n<li>Na tela seguinte, clicar em QR SCANNER<\/li>\n<li>Na tela seguinte, clicar em \u201c+\u201d<\/li>\n<li>Na tela seguinte, preencher o nome do convidado e telefone (que pode ser selecionado da sua agenda\/seus contatos)<\/li>\n<li>Preencher data e in\u00edcio do evento<\/li>\n<li>Preencher data e fim do evento<\/li>\n<li>Clicar em SALVAR<\/li>\n<li>Nesse momento, com o QRCode j\u00e1 criado, clicar em ENVIAR pelo Whatsapp. O seu convidado receber\u00e1 um convite QRCode.<\/li>\n<\/ol>\n<p><strong>Seu convidado:<\/strong><\/p>\n<ol>\n<li>No convite recebido, o seu convidado clicar\u00e1 no link e, a seguir, uma tela para ABRIR CONVITE onde constar\u00e1 a validade do convite, o nome do convidado e o local do evento<\/li>\n<li>Verificar se os dados do convite est\u00e3o corretos<\/li>\n<\/ol>\n<p><strong>Acesso ao local do evento:<\/strong><\/p>\n<ol>\n<li>Com a c\u00e2mera do celular aberta, apontar para o QRCode afixado na portaria e o acesso ser\u00e1 liberado.<strong><em>\u00a0<\/em><\/strong><\/li>\n<\/ol>\n<p><strong><em>(Lembramos que o link ter\u00e1 validade exclusivamente para a data e hor\u00e1rio do evento agendado).<\/em><\/strong><\/p>\n","protected":false},"excerpt":{"rendered":"<p>Ap\u00f3s baixar o aplicativo da Canad\u00e1 Security, seguir os passos: Abrir o aplicativo Clicar em CONVIDADOS Na tela seguinte, clicar em QR SCANNER Na tela seguinte, clicar em \u201c+\u201d Na tela seguinte, preencher o nome do convidado e telefone (que pode ser selecionado da sua agenda\/seus contatos) Preencher data e in\u00edcio do evento Preencher data&hellip;<\/p>\n","protected":false},"author":3,"featured_media":0,"parent":0,"menu_order":0,"comment_status":"closed","ping_status":"closed","template":"","meta":{"footnotes":""},"class_list":["post-33877","page","type-page","status-publish","hentry","description-off"],"_links":{"self":[{"href":"https:\/\/www.adufpb.org.br\/site\/wp-json\/wp\/v2\/pages\/33877","targetHints":{"allow":["GET"]}}],"collection":[{"href":"https:\/\/www.adufpb.org.br\/site\/wp-json\/wp\/v2\/pages"}],"about":[{"href":"https:\/\/www.adufpb.org.br\/site\/wp-json\/wp\/v2\/types\/page"}],"author":[{"embeddable":true,"href":"https:\/\/www.adufpb.org.br\/site\/wp-json\/wp\/v2\/users\/3"}],"replies":[{"embeddable":true,"href":"https:\/\/www.adufpb.org.br\/site\/wp-json\/wp\/v2\/comments?post=33877"}],"version-history":[{"count":2,"href":"https:\/\/www.adufpb.org.br\/site\/wp-json\/wp\/v2\/pages\/33877\/revisions"}],"predecessor-version":[{"id":33922,"href":"https:\/\/www.adufpb.org.br\/site\/wp-json\/wp\/v2\/pages\/33877\/revisions\/33922"}],"wp:attachment":[{"href":"https:\/\/www.adufpb.org.br\/site\/wp-json\/wp\/v2\/media?parent=33877"}],"curies":[{"name":"wp","href":"https:\/\/api.w.org\/{rel}","templated":true}]}}