{"id":31301,"date":"2024-05-08T11:10:08","date_gmt":"2024-05-08T14:10:08","guid":{"rendered":"https:\/\/www.adufpb.org.br\/site\/?page_id=31301"},"modified":"2024-05-08T21:32:13","modified_gmt":"2024-05-09T00:32:13","slug":"atualizacao-cadastral","status":"publish","type":"page","link":"https:\/\/www.adufpb.org.br\/site\/institucional\/atualizacao-cadastral\/","title":{"rendered":"Atualiza\u00e7\u00e3o Cadastral"},"content":{"rendered":"<div class=\"wpb-content-wrapper\"><p>[vc_row][vc_column width=&#8221;1\/4&#8243;][\/vc_column][vc_column width=&#8221;1\/2&#8243;][vc_empty_space height=&#8221;40&#8243;][vc_column_text]Prezado professor,<\/p>\n<p>Fa\u00e7a aqui a atualiza\u00e7\u00e3o de seus dados<\/p>\n<ul>\n<li>A atualiza\u00e7\u00e3o dos seus dados garante que voc\u00ea receber\u00e1 todas as comunica\u00e7\u00f5es da ADUFPB.<\/li>\n<li>Dados faltantes ou com erros podem impactar nessas comunica\u00e7\u00f5es quando forem promovidas a\u00e7\u00f5es espec\u00edficas de seu interesse.<\/li>\n<\/ul>\n<p>A Atualiza\u00e7\u00e3o Cadastral deve ser feita pela \u00c1REA DO FILIADO, o seu <em>Acesso Restrito<\/em>, atrav\u00e9s do sistema SINDICALIZI. Confira o passo a passo no site da ADUFPB:<\/p>\n<ul>\n<li>Acesse <a href=\"https:\/\/adufpb.sindicalizi.com.br\/loginassociado\/loginporsenha\" target=\"_blank\" rel=\"noopener\">ATUALIZA\u00c7\u00c3O CADASTRAL<\/a>. Seu primeiro acesso ser\u00e1 usando o seu CPF como login e tamb\u00e9m como senha. Logo ap\u00f3s, voc\u00ea ser\u00e1 direcionado a criar nova senha.<\/li>\n<li>Nos itens da barra superior verifique se os seus dados est\u00e3o corretos; voc\u00ea poder\u00e1 atualizar, inserir, conferir os seus dados e anexar documentos, sua foto etc.<\/li>\n<li>Altere-os, quando necess\u00e1rio, ou insira-os quando n\u00e3o constarem.<\/li>\n<\/ul>\n<p>[\/vc_column_text][vc_empty_space height=&#8221;20&#8243;][\/vc_column][vc_column width=&#8221;1\/4&#8243;][\/vc_column][\/vc_row]<\/p>\n<\/div>","protected":false},"excerpt":{"rendered":"<p>[vc_row][vc_column width=&#8221;1\/4&#8243;][\/vc_column][vc_column width=&#8221;1\/2&#8243;][vc_empty_space height=&#8221;40&#8243;][vc_column_text]Prezado professor, Fa\u00e7a aqui a atualiza\u00e7\u00e3o de seus dados A atualiza\u00e7\u00e3o dos seus dados garante que voc\u00ea receber\u00e1 todas as comunica\u00e7\u00f5es da ADUFPB. Dados faltantes ou com erros podem impactar nessas comunica\u00e7\u00f5es quando forem promovidas a\u00e7\u00f5es espec\u00edficas de seu interesse. A Atualiza\u00e7\u00e3o Cadastral deve ser feita pela \u00c1REA DO FILIADO, o seu&hellip;<\/p>\n","protected":false},"author":1,"featured_media":0,"parent":6490,"menu_order":0,"comment_status":"closed","ping_status":"closed","template":"","meta":{"footnotes":""},"class_list":["post-31301","page","type-page","status-publish","hentry","description-off"],"_links":{"self":[{"href":"https:\/\/www.adufpb.org.br\/site\/wp-json\/wp\/v2\/pages\/31301","targetHints":{"allow":["GET"]}}],"collection":[{"href":"https:\/\/www.adufpb.org.br\/site\/wp-json\/wp\/v2\/pages"}],"about":[{"href":"https:\/\/www.adufpb.org.br\/site\/wp-json\/wp\/v2\/types\/page"}],"author":[{"embeddable":true,"href":"https:\/\/www.adufpb.org.br\/site\/wp-json\/wp\/v2\/users\/1"}],"replies":[{"embeddable":true,"href":"https:\/\/www.adufpb.org.br\/site\/wp-json\/wp\/v2\/comments?post=31301"}],"version-history":[{"count":3,"href":"https:\/\/www.adufpb.org.br\/site\/wp-json\/wp\/v2\/pages\/31301\/revisions"}],"predecessor-version":[{"id":31315,"href":"https:\/\/www.adufpb.org.br\/site\/wp-json\/wp\/v2\/pages\/31301\/revisions\/31315"}],"up":[{"embeddable":true,"href":"https:\/\/www.adufpb.org.br\/site\/wp-json\/wp\/v2\/pages\/6490"}],"wp:attachment":[{"href":"https:\/\/www.adufpb.org.br\/site\/wp-json\/wp\/v2\/media?parent=31301"}],"curies":[{"name":"wp","href":"https:\/\/api.w.org\/{rel}","templated":true}]}}