{"id":29490,"date":"2023-07-31T15:11:43","date_gmt":"2023-07-31T18:11:43","guid":{"rendered":"https:\/\/www.adufpb.org.br\/site\/?page_id=29490"},"modified":"2025-10-01T16:33:47","modified_gmt":"2025-10-01T19:33:47","slug":"projeto-sede-de-leitura","status":"publish","type":"page","link":"https:\/\/www.adufpb.org.br\/site\/projeto-sede-de-leitura\/","title":{"rendered":"Projeto Sede de Leitura 2025"},"content":{"rendered":"<div class=\"wpb-content-wrapper\"><p>[vc_row][vc_column width=&#8221;1\/4&#8243;][\/vc_column][vc_column width=&#8221;1\/2&#8243;][vc_column_text]<img loading=\"lazy\" decoding=\"async\" class=\"aligncenter wp-image-29491\" src=\"https:\/\/www.adufpb.org.br\/site\/wp-content\/uploads\/2023\/07\/sede-leitura-2023.jpg\" alt=\"\" width=\"387\" height=\"249\" \/>[\/vc_column_text][vc_empty_space][vc_separator][vc_column_text]<\/p>\n<h4 style=\"text-align: center;\">Autoriza\u00e7\u00e3o<\/h4>\n<p style=\"text-align: center;\">Autorizo \u00e0 ADUFPB a promover e lan\u00e7ar a obra acima inscrita no Projeto Sede de Leitura, bem como o uso das imagens do evento e o nome dos(as) autores(as), para divulga\u00e7\u00e3o pela Assessoria de Imprensa como atividade cultural do sindicato<\/p>\n<p>[\/vc_column_text][vc_separator][vc_column_text]<\/p>\n<h4 style=\"text-align: center;\">Formul\u00e1rio de Inscri\u00e7\u00e3o<\/h4>\n<p>[\/vc_column_text][vc_column_text css=&#8221;&#8221;]<\/p>\n<p style=\"text-align: center;\"><span style=\"color: #ff0000;\">Inscri\u00e7\u00f5es encerradas!<\/span><\/p>\n<p>[\/vc_column_text][\/vc_column][vc_column width=&#8221;1\/4&#8243;][\/vc_column][\/vc_row]<\/p>\n<\/div>","protected":false},"excerpt":{"rendered":"<p>[vc_row][vc_column width=&#8221;1\/4&#8243;][\/vc_column][vc_column width=&#8221;1\/2&#8243;][vc_column_text][\/vc_column_text][vc_empty_space][vc_separator][vc_column_text] Autoriza\u00e7\u00e3o Autorizo \u00e0 ADUFPB a promover e lan\u00e7ar a obra acima inscrita no Projeto Sede de Leitura, bem como o uso das imagens do evento e o nome dos(as) autores(as), para divulga\u00e7\u00e3o pela Assessoria de Imprensa como atividade cultural do sindicato [\/vc_column_text][vc_separator][vc_column_text] Formul\u00e1rio de Inscri\u00e7\u00e3o [\/vc_column_text][vc_column_text css=&#8221;&#8221;] Inscri\u00e7\u00f5es encerradas! [\/vc_column_text][\/vc_column][vc_column width=&#8221;1\/4&#8243;][\/vc_column][\/vc_row]<\/p>\n","protected":false},"author":1,"featured_media":0,"parent":0,"menu_order":0,"comment_status":"closed","ping_status":"closed","template":"","meta":{"footnotes":""},"class_list":["post-29490","page","type-page","status-publish","hentry","description-off"],"_links":{"self":[{"href":"https:\/\/www.adufpb.org.br\/site\/wp-json\/wp\/v2\/pages\/29490","targetHints":{"allow":["GET"]}}],"collection":[{"href":"https:\/\/www.adufpb.org.br\/site\/wp-json\/wp\/v2\/pages"}],"about":[{"href":"https:\/\/www.adufpb.org.br\/site\/wp-json\/wp\/v2\/types\/page"}],"author":[{"embeddable":true,"href":"https:\/\/www.adufpb.org.br\/site\/wp-json\/wp\/v2\/users\/1"}],"replies":[{"embeddable":true,"href":"https:\/\/www.adufpb.org.br\/site\/wp-json\/wp\/v2\/comments?post=29490"}],"version-history":[{"count":8,"href":"https:\/\/www.adufpb.org.br\/site\/wp-json\/wp\/v2\/pages\/29490\/revisions"}],"predecessor-version":[{"id":35059,"href":"https:\/\/www.adufpb.org.br\/site\/wp-json\/wp\/v2\/pages\/29490\/revisions\/35059"}],"wp:attachment":[{"href":"https:\/\/www.adufpb.org.br\/site\/wp-json\/wp\/v2\/media?parent=29490"}],"curies":[{"name":"wp","href":"https:\/\/api.w.org\/{rel}","templated":true}]}}