{"id":26469,"date":"2022-04-20T14:40:30","date_gmt":"2022-04-20T17:40:30","guid":{"rendered":"https:\/\/www.adufpb.org.br\/site\/?page_id=26469"},"modified":"2024-05-21T20:40:11","modified_gmt":"2024-05-21T23:40:11","slug":"eleicoesadufpb","status":"publish","type":"page","link":"https:\/\/www.adufpb.org.br\/site\/eleicoesadufpb\/","title":{"rendered":"ELEI\u00c7\u00d5ES 2024"},"content":{"rendered":"<div class=\"wpb-content-wrapper\"><p>[vc_row][vc_column][vc_column_text]<img loading=\"lazy\" decoding=\"async\" class=\"aligncenter wp-image-31361\" src=\"https:\/\/www.adufpb.org.br\/site\/wp-content\/uploads\/2024\/05\/adufpb-eleicoes-2024.jpg\" alt=\"\" width=\"529\" height=\"94\" \/>[\/vc_column_text]<div class=\"gap\" style=\"line-height: 30px; height: 30px;\"><\/div>[\/vc_column][\/vc_row][vc_row][vc_column width=&#8221;1\/4&#8243;][\/vc_column][vc_column width=&#8221;1\/2&#8243;][vc_column_text]<\/p>\n<h4 style=\"text-align: center;\"><strong>Elei\u00e7\u00f5es ADUFPB &#8211; 2024<\/strong><\/h4>\n<h4 style=\"text-align: center;\"><strong>Gest\u00e3o 2024\/2026<\/strong><\/h4>\n<p>&nbsp;<\/p>\n<p style=\"text-align: center;\"><strong>Datas importantes:<\/strong><\/p>\n<p style=\"text-align: center;\">&#8211; Inscri\u00e7\u00e3o de chapa &#8211; 5 a 7 de junho de 2024<\/p>\n<p style=\"text-align: center;\">&#8211; Campanha Eleitoral &#8211; 10 de junho a 9 de julho<\/p>\n<p style=\"text-align: center;\">&#8211; Elei\u00e7\u00e3o &#8211; 10 de julho<\/p>\n<p>[\/vc_column_text]<div class=\"gap\" style=\"line-height: 30px; height: 30px;\"><\/div>[vc_text_separator title=&#8221;Documentos&#8221;]<style type=\"text\/css\" data-type=\"the7_shortcodes-inline-css\">#default-btn-63a03c9b9f14414fb10ce142ae3528c8.ico-right-side > i {\n  margin-right: 0px;\n  margin-left: 8px;\n}\n#default-btn-63a03c9b9f14414fb10ce142ae3528c8 > i {\n  margin-right: 8px;\n}<\/style><div class=\"btn-align-center\"><a href=\"https:\/\/www.adufpb.org.br\/site\/wp-content\/uploads\/2024\/05\/jornal-em-pdf-27-04-24-cdepc-28.pdf\" class=\"default-btn-shortcode dt-btn dt-btn-s link-hover-off \" target=\"_blank\" id=\"default-btn-63a03c9b9f14414fb10ce142ae3528c8\" rel=\"noopener\"><i class=\"dt-icon-the7-download\"><\/i><span>Edital de convoca\u00e7\u00e3o<\/span><\/a><\/div><div class=\"gap\" style=\"line-height: 30px; height: 30px;\"><\/div><style type=\"text\/css\" data-type=\"the7_shortcodes-inline-css\">#default-btn-a57b0085c34fa0f471db24906c78dafe.ico-right-side > i {\n  margin-right: 0px;\n  margin-left: 8px;\n}\n#default-btn-a57b0085c34fa0f471db24906c78dafe > i {\n  margin-right: 8px;\n}<\/style><div class=\"btn-align-center\"><a href=\"https:\/\/www.adufpb.org.br\/site\/wp-content\/uploads\/2024\/05\/Normas-Complementares-para-as-Eleicoes-ADUFPB-2024_OFICIAL.pdf\" class=\"default-btn-shortcode dt-btn dt-btn-s link-hover-off \" target=\"_blank\" id=\"default-btn-a57b0085c34fa0f471db24906c78dafe\" rel=\"noopener\"><i class=\"dt-icon-the7-download\"><\/i><span>Normas complementares<\/span><\/a><\/div><div class=\"gap\" style=\"line-height: 30px; height: 30px;\"><\/div><style type=\"text\/css\" data-type=\"the7_shortcodes-inline-css\">#default-btn-b9f1740d0e70ba74d1a9568d970c13b0.ico-right-side > i {\n  margin-right: 0px;\n  margin-left: 8px;\n}\n#default-btn-b9f1740d0e70ba74d1a9568d970c13b0 > i {\n  margin-right: 8px;\n}<\/style><div class=\"btn-align-center\"><a href=\"https:\/\/www.adufpb.org.br\/site\/wp-content\/uploads\/2024\/05\/Representantes-ADUFPB-eleicao-2024.pdf\" class=\"default-btn-shortcode dt-btn dt-btn-s link-hover-off \" target=\"_blank\" id=\"default-btn-b9f1740d0e70ba74d1a9568d970c13b0\" rel=\"noopener\"><i class=\"dt-icon-the7-download\"><\/i><span>N\u00famero de vagas para o Conselho\u00a0de Representante<\/span><\/a><\/div><div class=\"gap\" style=\"line-height: 30px; height: 30px;\"><\/div>[vc_text_separator title=&#8221;Not\u00edcias da Elei\u00e7\u00e3o&#8221;]<div class=\"gap\" style=\"line-height: 30px; height: 30px;\"><\/div><section class=\"items-grid wf-container\"><div class=\"wf-cell wf-1\"><article class=\"post-format-standard\"><div class=\"mini-post-img\"><a class=\"alignleft post-rollover layzr-bg\" href=\"https:\/\/www.adufpb.org.br\/site\/comissao-eleitoral-divulga-resultado-da-votacao-para-o-conselho-de-representantes\/\" aria-label=\"Post image\"><img decoding=\"async\" class=\"preload-me lazy-load aspect\" src=\"data:image\/svg+xml,%3Csvg%20xmlns%3D&#39;http%3A%2F%2Fwww.w3.org%2F2000%2Fsvg&#39;%20viewBox%3D&#39;0%200%2060%2060&#39;%2F%3E\" data-src=\"https:\/\/www.adufpb.org.br\/site\/wp-content\/uploads\/2024\/01\/fachada-adufpb-60x60.jpeg\" data-srcset=\"https:\/\/www.adufpb.org.br\/site\/wp-content\/uploads\/2024\/01\/fachada-adufpb-60x60.jpeg 60w, https:\/\/www.adufpb.org.br\/site\/wp-content\/uploads\/2024\/01\/fachada-adufpb-120x120.jpeg 120w\" loading=\"eager\" style=\"--ratio: 60 \/ 60\" sizes=\"(max-width: 60px) 100vw, 60px\" width=\"60\" height=\"60\"  alt=\"\" \/><\/a><\/div><div class=\"post-content\"><a href=\"https:\/\/www.adufpb.org.br\/site\/comissao-eleitoral-divulga-resultado-da-votacao-para-o-conselho-de-representantes\/\">Comiss\u00e3o Eleitoral divulga resultado da vota\u00e7\u00e3o para o Conselho de Representantes<\/a><br \/><time class=\"text-secondary\" datetime=\"2024-07-12T11:39:21-03:00\">12 de julho de 2024<\/time><\/div><\/article><\/div><div class=\"wf-cell wf-1\"><article class=\"post-format-standard\"><div class=\"mini-post-img\"><a class=\"alignleft post-rollover layzr-bg\" href=\"https:\/\/www.adufpb.org.br\/site\/chapa-universidade-democracia-e-luta-vence-eleicoes-da-adufpb-para-gestao-2024-2026\/\" aria-label=\"Post image\"><img decoding=\"async\" class=\"preload-me lazy-load aspect\" src=\"data:image\/svg+xml,%3Csvg%20xmlns%3D&#39;http%3A%2F%2Fwww.w3.org%2F2000%2Fsvg&#39;%20viewBox%3D&#39;0%200%2060%2060&#39;%2F%3E\" data-src=\"https:\/\/www.adufpb.org.br\/site\/wp-content\/uploads\/2024\/07\/2024.07.10-eleicao-adufpb-5-60x60.jpg\" data-srcset=\"https:\/\/www.adufpb.org.br\/site\/wp-content\/uploads\/2024\/07\/2024.07.10-eleicao-adufpb-5-60x60.jpg 60w, https:\/\/www.adufpb.org.br\/site\/wp-content\/uploads\/2024\/07\/2024.07.10-eleicao-adufpb-5-120x120.jpg 120w\" loading=\"eager\" style=\"--ratio: 60 \/ 60\" sizes=\"(max-width: 60px) 100vw, 60px\" width=\"60\" height=\"60\"  alt=\"\" \/><\/a><\/div><div class=\"post-content\"><a href=\"https:\/\/www.adufpb.org.br\/site\/chapa-universidade-democracia-e-luta-vence-eleicoes-da-adufpb-para-gestao-2024-2026\/\">Chapa &#8220;Universidade, Democracia e Luta&#8221; vence elei\u00e7\u00f5es da ADUFPB para Gest\u00e3o 2024\/2026<\/a><br \/><time class=\"text-secondary\" datetime=\"2024-07-11T08:57:30-03:00\">11 de julho de 2024<\/time><\/div><\/article><\/div><div class=\"wf-cell wf-1\"><article class=\"post-format-standard\"><div class=\"mini-post-img\"><a class=\"alignleft post-rollover layzr-bg\" href=\"https:\/\/www.adufpb.org.br\/site\/professores-definem-hoje-diretoria-executiva-e-conselho-de-representantes-da-adufpb-vejacomo-votar\/\" aria-label=\"Post image\"><img decoding=\"async\" class=\"preload-me lazy-load aspect\" src=\"data:image\/svg+xml,%3Csvg%20xmlns%3D&#39;http%3A%2F%2Fwww.w3.org%2F2000%2Fsvg&#39;%20viewBox%3D&#39;0%200%2060%2060&#39;%2F%3E\" data-src=\"https:\/\/www.adufpb.org.br\/site\/wp-content\/uploads\/2024\/07\/2024.07-card-dia-da-votacao-60x60.jpg\" data-srcset=\"https:\/\/www.adufpb.org.br\/site\/wp-content\/uploads\/2024\/07\/2024.07-card-dia-da-votacao-60x60.jpg 60w, https:\/\/www.adufpb.org.br\/site\/wp-content\/uploads\/2024\/07\/2024.07-card-dia-da-votacao-120x120.jpg 120w\" loading=\"eager\" style=\"--ratio: 60 \/ 60\" sizes=\"(max-width: 60px) 100vw, 60px\" width=\"60\" height=\"60\"  alt=\"\" \/><\/a><\/div><div class=\"post-content\"><a href=\"https:\/\/www.adufpb.org.br\/site\/professores-definem-hoje-diretoria-executiva-e-conselho-de-representantes-da-adufpb-vejacomo-votar\/\">Professores definem hoje Diretoria Executiva e Conselho de Representantes da ADUFPB; veja como votar<\/a><br \/><time class=\"text-secondary\" datetime=\"2024-07-10T09:27:32-03:00\">10 de julho de 2024<\/time><\/div><\/article><\/div><div class=\"wf-cell wf-1\"><article class=\"post-format-standard\"><div class=\"mini-post-img\"><a class=\"alignleft post-rollover layzr-bg\" href=\"https:\/\/www.adufpb.org.br\/site\/eleicoes-adufpb-conheca-os-candidatos-e-as-candidatas-ao-conselho-de-representantes\/\" aria-label=\"Post image\"><img decoding=\"async\" class=\"preload-me lazy-load aspect\" src=\"data:image\/svg+xml,%3Csvg%20xmlns%3D&#39;http%3A%2F%2Fwww.w3.org%2F2000%2Fsvg&#39;%20viewBox%3D&#39;0%200%2060%2060&#39;%2F%3E\" data-src=\"https:\/\/www.adufpb.org.br\/site\/wp-content\/uploads\/2024\/07\/card-eleicao-60x60.jpg\" data-srcset=\"https:\/\/www.adufpb.org.br\/site\/wp-content\/uploads\/2024\/07\/card-eleicao-60x60.jpg 60w, https:\/\/www.adufpb.org.br\/site\/wp-content\/uploads\/2024\/07\/card-eleicao-120x120.jpg 120w\" loading=\"eager\" style=\"--ratio: 60 \/ 60\" sizes=\"(max-width: 60px) 100vw, 60px\" width=\"60\" height=\"60\"  alt=\"\" \/><\/a><\/div><div class=\"post-content\"><a href=\"https:\/\/www.adufpb.org.br\/site\/eleicoes-adufpb-conheca-os-candidatos-e-as-candidatas-ao-conselho-de-representantes\/\">Elei\u00e7\u00f5es ADUFPB: conhe\u00e7a os candidatos e as candidatas ao Conselho de Representantes<\/a><br \/><time class=\"text-secondary\" datetime=\"2024-07-09T17:28:34-03:00\">9 de julho de 2024<\/time><\/div><\/article><\/div><div class=\"wf-cell wf-1\"><article class=\"post-format-standard\"><div class=\"mini-post-img\"><a class=\"alignleft post-rollover layzr-bg\" href=\"https:\/\/www.adufpb.org.br\/site\/eleicoes-adufpb-ocorrem-nesta-quarta-feira-10-saiba-onde-votar\/\" aria-label=\"Post image\"><img decoding=\"async\" class=\"preload-me lazy-load aspect\" src=\"data:image\/svg+xml,%3Csvg%20xmlns%3D&#39;http%3A%2F%2Fwww.w3.org%2F2000%2Fsvg&#39;%20viewBox%3D&#39;0%200%2060%2060&#39;%2F%3E\" data-src=\"https:\/\/www.adufpb.org.br\/site\/wp-content\/uploads\/2024\/07\/2024.07-card-confira-os-locais-de-votacao-60x60.jpg\" data-srcset=\"https:\/\/www.adufpb.org.br\/site\/wp-content\/uploads\/2024\/07\/2024.07-card-confira-os-locais-de-votacao-60x60.jpg 60w, https:\/\/www.adufpb.org.br\/site\/wp-content\/uploads\/2024\/07\/2024.07-card-confira-os-locais-de-votacao-120x120.jpg 120w\" loading=\"eager\" style=\"--ratio: 60 \/ 60\" sizes=\"(max-width: 60px) 100vw, 60px\" width=\"60\" height=\"60\"  alt=\"\" \/><\/a><\/div><div class=\"post-content\"><a href=\"https:\/\/www.adufpb.org.br\/site\/eleicoes-adufpb-ocorrem-nesta-quarta-feira-10-saiba-onde-votar\/\">Elei\u00e7\u00f5es ADUFPB ocorrem nesta quarta-feira (10); saiba onde votar<\/a><br \/><time class=\"text-secondary\" datetime=\"2024-07-08T11:21:50-03:00\">8 de julho de 2024<\/time><\/div><\/article><\/div><div class=\"wf-cell wf-1\"><article class=\"post-format-standard\"><div class=\"mini-post-img\"><a class=\"alignleft post-rollover layzr-bg\" href=\"https:\/\/www.adufpb.org.br\/site\/eleicoes-adufpb-comissao-faz-apresentacao-de-chapa-candidata-e-professoresas-podem-mandar-perguntas\/\" aria-label=\"Post image\"><img decoding=\"async\" class=\"preload-me lazy-load aspect\" src=\"data:image\/svg+xml,%3Csvg%20xmlns%3D&#39;http%3A%2F%2Fwww.w3.org%2F2000%2Fsvg&#39;%20viewBox%3D&#39;0%200%2060%2060&#39;%2F%3E\" data-src=\"https:\/\/www.adufpb.org.br\/site\/wp-content\/uploads\/2024\/07\/cartaz-apresentacao-de-chapa-eleicoes-adufpb-60x60.jpg\" data-srcset=\"https:\/\/www.adufpb.org.br\/site\/wp-content\/uploads\/2024\/07\/cartaz-apresentacao-de-chapa-eleicoes-adufpb-60x60.jpg 60w, https:\/\/www.adufpb.org.br\/site\/wp-content\/uploads\/2024\/07\/cartaz-apresentacao-de-chapa-eleicoes-adufpb-120x120.jpg 120w\" loading=\"eager\" style=\"--ratio: 60 \/ 60\" sizes=\"(max-width: 60px) 100vw, 60px\" width=\"60\" height=\"60\"  alt=\"\" \/><\/a><\/div><div class=\"post-content\"><a href=\"https:\/\/www.adufpb.org.br\/site\/eleicoes-adufpb-comissao-faz-apresentacao-de-chapa-candidata-e-professoresas-podem-mandar-perguntas\/\">Elei\u00e7\u00f5es ADUFPB: Comiss\u00e3o faz apresenta\u00e7\u00e3o de chapa candidata, e professores(as) podem mandar perguntas<\/a><br \/><time class=\"text-secondary\" datetime=\"2024-07-02T11:26:30-03:00\">2 de julho de 2024<\/time><\/div><\/article><\/div><div class=\"wf-cell wf-1\"><article class=\"post-format-standard\"><div class=\"mini-post-img\"><a class=\"alignleft post-rollover layzr-bg\" href=\"https:\/\/www.adufpb.org.br\/site\/comissao-eleitoral-da-adufpb-homologa-inscricoes-para-diretoria-executiva-e-conselho-de-representantes\/\" aria-label=\"Post image\"><img decoding=\"async\" class=\"preload-me lazy-load aspect\" src=\"data:image\/svg+xml,%3Csvg%20xmlns%3D&#39;http%3A%2F%2Fwww.w3.org%2F2000%2Fsvg&#39;%20viewBox%3D&#39;0%200%2060%2060&#39;%2F%3E\" data-src=\"https:\/\/www.adufpb.org.br\/site\/wp-content\/uploads\/2022\/04\/voto-na-urna-getty-image-60x60.jpg\" data-srcset=\"https:\/\/www.adufpb.org.br\/site\/wp-content\/uploads\/2022\/04\/voto-na-urna-getty-image-60x60.jpg 60w, https:\/\/www.adufpb.org.br\/site\/wp-content\/uploads\/2022\/04\/voto-na-urna-getty-image-120x120.jpg 120w\" loading=\"eager\" style=\"--ratio: 60 \/ 60\" sizes=\"(max-width: 60px) 100vw, 60px\" width=\"60\" height=\"60\"  alt=\"\" \/><\/a><\/div><div class=\"post-content\"><a href=\"https:\/\/www.adufpb.org.br\/site\/comissao-eleitoral-da-adufpb-homologa-inscricoes-para-diretoria-executiva-e-conselho-de-representantes\/\">Comiss\u00e3o Eleitoral da ADUFPB homologa inscri\u00e7\u00f5es para Diretoria Executiva e Conselho de Representantes<\/a><br \/><time class=\"text-secondary\" datetime=\"2024-06-11T17:12:50-03:00\">11 de junho de 2024<\/time><\/div><\/article><\/div><div class=\"wf-cell wf-1\"><article class=\"post-format-standard\"><div class=\"mini-post-img\"><a class=\"alignleft post-rollover layzr-bg\" href=\"https:\/\/www.adufpb.org.br\/site\/31451-2\/\" aria-label=\"Post image\"><img decoding=\"async\" class=\"preload-me lazy-load aspect\" src=\"data:image\/svg+xml,%3Csvg%20xmlns%3D&#39;http%3A%2F%2Fwww.w3.org%2F2000%2Fsvg&#39;%20viewBox%3D&#39;0%200%2060%2060&#39;%2F%3E\" data-src=\"https:\/\/www.adufpb.org.br\/site\/wp-content\/uploads\/2024\/06\/2024.06-eleicoes-adufpb-60x60.jpeg\" data-srcset=\"https:\/\/www.adufpb.org.br\/site\/wp-content\/uploads\/2024\/06\/2024.06-eleicoes-adufpb-60x60.jpeg 60w, https:\/\/www.adufpb.org.br\/site\/wp-content\/uploads\/2024\/06\/2024.06-eleicoes-adufpb-120x120.jpeg 120w\" loading=\"eager\" style=\"--ratio: 60 \/ 60\" sizes=\"(max-width: 60px) 100vw, 60px\" width=\"60\" height=\"60\"  alt=\"\" \/><\/a><\/div><div class=\"post-content\"><a href=\"https:\/\/www.adufpb.org.br\/site\/31451-2\/\">Elei\u00e7\u00f5es ADUFPB: prazo para inscri\u00e7\u00e3o de chapa come\u00e7a na pr\u00f3xima quarta-feira (5)<\/a><br \/><time class=\"text-secondary\" datetime=\"2024-06-03T11:26:24-03:00\">3 de junho de 2024<\/time><\/div><\/article><\/div><div class=\"wf-cell wf-1\"><article class=\"post-format-standard\"><div class=\"mini-post-img\"><a class=\"alignleft post-rollover layzr-bg\" href=\"https:\/\/www.adufpb.org.br\/site\/comissao-eleitoral-da-adufpb-divulga-normas-complementares-para-a-escolha-da-gestao-2024-2026\/\" aria-label=\"Post image\"><img decoding=\"async\" class=\"preload-me lazy-load aspect\" src=\"data:image\/svg+xml,%3Csvg%20xmlns%3D&#39;http%3A%2F%2Fwww.w3.org%2F2000%2Fsvg&#39;%20viewBox%3D&#39;0%200%2060%2060&#39;%2F%3E\" data-src=\"https:\/\/www.adufpb.org.br\/site\/wp-content\/uploads\/2022\/04\/voto-na-urna-getty-image-60x60.jpg\" data-srcset=\"https:\/\/www.adufpb.org.br\/site\/wp-content\/uploads\/2022\/04\/voto-na-urna-getty-image-60x60.jpg 60w, https:\/\/www.adufpb.org.br\/site\/wp-content\/uploads\/2022\/04\/voto-na-urna-getty-image-120x120.jpg 120w\" loading=\"eager\" style=\"--ratio: 60 \/ 60\" sizes=\"(max-width: 60px) 100vw, 60px\" width=\"60\" height=\"60\"  alt=\"\" \/><\/a><\/div><div class=\"post-content\"><a href=\"https:\/\/www.adufpb.org.br\/site\/comissao-eleitoral-da-adufpb-divulga-normas-complementares-para-a-escolha-da-gestao-2024-2026\/\">Comiss\u00e3o Eleitoral da ADUFPB divulga normas complementares para a escolha da Gest\u00e3o 2024\/2026<\/a><br \/><time class=\"text-secondary\" datetime=\"2024-05-21T18:15:24-03:00\">21 de maio de 2024<\/time><\/div><\/article><\/div><\/section>[\/vc_column][vc_column width=&#8221;1\/4&#8243;][\/vc_column][\/vc_row]<\/p>\n<\/div>","protected":false},"excerpt":{"rendered":"<p>[vc_row][vc_column][vc_column_text][\/vc_column_text][\/vc_column][\/vc_row][vc_row][vc_column width=&#8221;1\/4&#8243;][\/vc_column][vc_column width=&#8221;1\/2&#8243;][vc_column_text] Elei\u00e7\u00f5es ADUFPB &#8211; 2024 Gest\u00e3o 2024\/2026 &nbsp; Datas importantes: &#8211; Inscri\u00e7\u00e3o de chapa &#8211; 5 a 7 de junho de 2024 &#8211; Campanha Eleitoral &#8211; 10 de junho a 9 de julho &#8211; Elei\u00e7\u00e3o &#8211; 10 de julho [\/vc_column_text][vc_text_separator title=&#8221;Documentos&#8221;][vc_text_separator title=&#8221;Not\u00edcias da Elei\u00e7\u00e3o&#8221;][\/vc_column][vc_column width=&#8221;1\/4&#8243;][\/vc_column][\/vc_row]<\/p>\n","protected":false},"author":1,"featured_media":0,"parent":0,"menu_order":0,"comment_status":"closed","ping_status":"closed","template":"","meta":{"footnotes":""},"class_list":["post-26469","page","type-page","status-publish","hentry","description-off"],"_links":{"self":[{"href":"https:\/\/www.adufpb.org.br\/site\/wp-json\/wp\/v2\/pages\/26469","targetHints":{"allow":["GET"]}}],"collection":[{"href":"https:\/\/www.adufpb.org.br\/site\/wp-json\/wp\/v2\/pages"}],"about":[{"href":"https:\/\/www.adufpb.org.br\/site\/wp-json\/wp\/v2\/types\/page"}],"author":[{"embeddable":true,"href":"https:\/\/www.adufpb.org.br\/site\/wp-json\/wp\/v2\/users\/1"}],"replies":[{"embeddable":true,"href":"https:\/\/www.adufpb.org.br\/site\/wp-json\/wp\/v2\/comments?post=26469"}],"version-history":[{"count":30,"href":"https:\/\/www.adufpb.org.br\/site\/wp-json\/wp\/v2\/pages\/26469\/revisions"}],"predecessor-version":[{"id":31367,"href":"https:\/\/www.adufpb.org.br\/site\/wp-json\/wp\/v2\/pages\/26469\/revisions\/31367"}],"wp:attachment":[{"href":"https:\/\/www.adufpb.org.br\/site\/wp-json\/wp\/v2\/media?parent=26469"}],"curies":[{"name":"wp","href":"https:\/\/api.w.org\/{rel}","templated":true}]}}