{"id":25311,"date":"2021-07-30T11:13:54","date_gmt":"2021-07-30T14:13:54","guid":{"rendered":"https:\/\/www.adufpb.org.br\/site\/?page_id=25311"},"modified":"2021-08-28T00:24:55","modified_gmt":"2021-08-28T03:24:55","slug":"adufinforma-expresso","status":"publish","type":"page","link":"https:\/\/www.adufpb.org.br\/site\/adufinforma-expresso\/","title":{"rendered":"ADUFInforma Expresso"},"content":{"rendered":"<h4><a href=\"https:\/\/www.adufpb.org.br\/site\/wp-content\/uploads\/2021\/07\/ADUFINFORMA-EXPRESSO-01.pdf\" target=\"_blank\" rel=\"noopener noreferrer\">Edi\u00e7\u00e3o 1<\/a><\/h4>\n<h4><a href=\"https:\/\/www.adufpb.org.br\/site\/wp-content\/uploads\/2021\/07\/ADUFINFORMA-EXPRESSO-02-30-julho-2021.pdf\" target=\"_blank\" rel=\"noopener noreferrer\">Edi\u00e7\u00e3o 2<\/a><\/h4>\n<h4><a href=\"https:\/\/www.adufpb.org.br\/site\/wp-content\/uploads\/2021\/08\/ADUFINFORMA-EXPRESSO-3.pdf\" target=\"_blank\" rel=\"noopener noreferrer\">Edi\u00e7\u00e3o 3<\/a><\/h4>\n<h4><a href=\"https:\/\/www.adufpb.org.br\/site\/wp-content\/uploads\/2021\/08\/ADUFINFORMA-EXPRESSO-EDICAO-4-13-DE-AGOSTO-DE-2021.pdf\" target=\"_blank\" rel=\"noopener noreferrer\">Edi\u00e7\u00e3o 4<\/a><\/h4>\n<h4><a href=\"https:\/\/www.adufpb.org.br\/site\/wp-content\/uploads\/2021\/08\/ADUFINFORMA-EXPRESSO-5-20-08-2021.pdf\" target=\"_blank\" rel=\"noopener noreferrer\">Edi\u00e7\u00e3o 5<\/a><\/h4>\n<h4><a href=\"https:\/\/www.adufpb.org.br\/site\/wp-content\/uploads\/2021\/08\/ADUFINFORMA-EXPRESSO-6-27-08-2021.pdf\" target=\"_blank\" rel=\"noopener noreferrer\">Edi\u00e7\u00e3o 6<\/a><\/h4>\n","protected":false},"excerpt":{"rendered":"<p>Edi\u00e7\u00e3o 1 Edi\u00e7\u00e3o 2 Edi\u00e7\u00e3o 3 Edi\u00e7\u00e3o 4 Edi\u00e7\u00e3o 5 Edi\u00e7\u00e3o 6<\/p>\n","protected":false},"author":3,"featured_media":0,"parent":0,"menu_order":0,"comment_status":"closed","ping_status":"closed","template":"","meta":{"footnotes":""},"class_list":["post-25311","page","type-page","status-publish","hentry","description-off"],"_links":{"self":[{"href":"https:\/\/www.adufpb.org.br\/site\/wp-json\/wp\/v2\/pages\/25311","targetHints":{"allow":["GET"]}}],"collection":[{"href":"https:\/\/www.adufpb.org.br\/site\/wp-json\/wp\/v2\/pages"}],"about":[{"href":"https:\/\/www.adufpb.org.br\/site\/wp-json\/wp\/v2\/types\/page"}],"author":[{"embeddable":true,"href":"https:\/\/www.adufpb.org.br\/site\/wp-json\/wp\/v2\/users\/3"}],"replies":[{"embeddable":true,"href":"https:\/\/www.adufpb.org.br\/site\/wp-json\/wp\/v2\/comments?post=25311"}],"version-history":[{"count":10,"href":"https:\/\/www.adufpb.org.br\/site\/wp-json\/wp\/v2\/pages\/25311\/revisions"}],"predecessor-version":[{"id":25614,"href":"https:\/\/www.adufpb.org.br\/site\/wp-json\/wp\/v2\/pages\/25311\/revisions\/25614"}],"wp:attachment":[{"href":"https:\/\/www.adufpb.org.br\/site\/wp-json\/wp\/v2\/media?parent=25311"}],"curies":[{"name":"wp","href":"https:\/\/api.w.org\/{rel}","templated":true}]}}