{"id":23383,"date":"2020-10-06T20:41:02","date_gmt":"2020-10-06T23:41:02","guid":{"rendered":"http:\/\/www.adufpb.org.br\/v2\/?page_id=23383"},"modified":"2024-05-08T11:04:22","modified_gmt":"2024-05-08T14:04:22","slug":"sede-bananeiras","status":"publish","type":"page","link":"https:\/\/www.adufpb.org.br\/site\/institucional\/sede-bananeiras\/","title":{"rendered":"Sede &#8211; Bananeiras"},"content":{"rendered":"<div class=\"wpb-content-wrapper\"><p>[vc_row][vc_column width=&#8221;1\/2&#8243;][vc_empty_space height=&#8221;40&#8243;][vc_column_text]<a class=\"dt-pswp-item\" href=\"http:\/\/www.adufpb.org.br\/v2\/wp-content\/uploads\/2020\/10\/template-10x15-1.png\" data-dt-img-description=\"\" data-large_image_width=\"1500\" data-large_image_height=\"1000\"><img loading=\"lazy\" decoding=\"async\" class=\"aligncenter size-full wp-image-23374\" src=\"http:\/\/www.adufpb.org.br\/v2\/wp-content\/uploads\/2020\/10\/template-10x15-1.png\" alt=\"\" width=\"1500\" height=\"1000\" srcset=\"https:\/\/www.adufpb.org.br\/site\/wp-content\/uploads\/2020\/10\/template-10x15-1.png 1500w, https:\/\/www.adufpb.org.br\/site\/wp-content\/uploads\/2020\/10\/template-10x15-1-300x200.png 300w, https:\/\/www.adufpb.org.br\/site\/wp-content\/uploads\/2020\/10\/template-10x15-1-1024x683.png 1024w, https:\/\/www.adufpb.org.br\/site\/wp-content\/uploads\/2020\/10\/template-10x15-1-768x512.png 768w, https:\/\/www.adufpb.org.br\/site\/wp-content\/uploads\/2020\/10\/template-10x15-1-250x167.png 250w\" sizes=\"auto, (max-width: 1500px) 100vw, 1500px\" \/><\/a>[\/vc_column_text][\/vc_column][vc_column width=&#8221;1\/2&#8243;][vc_empty_space height=&#8221;40&#8243;][vc_column_text]<strong>Funcionamento:<br \/>\n<\/strong><\/p>\n<p>Segunda a Sexta-feira &#8211; 07h \u00e0s 17h<\/p>\n<p><strong>Endere\u00e7o:<br \/>\n<\/strong>Universidade Federal da Para\u00edba, Campus III Bananeiras<\/p>\n<p><strong>Contatos:<br \/>\n<\/strong><\/p>\n<p>Telefone: \u00a0(83) 98654-6281<\/p>\n<p>E-mail: \u00a0<a href=\"mailto:adufpb.bananeiras@gmail.com\">adufpb.bananeiras@gmail.com<\/a><\/p>\n<p><strong>\u00a0<\/strong>[\/vc_column_text][\/vc_column][\/vc_row]<\/p>\n<\/div>","protected":false},"excerpt":{"rendered":"<p>[vc_row][vc_column width=&#8221;1\/2&#8243;][vc_empty_space height=&#8221;40&#8243;][vc_column_text][\/vc_column_text][\/vc_column][vc_column width=&#8221;1\/2&#8243;][vc_empty_space height=&#8221;40&#8243;][vc_column_text]Funcionamento: Segunda a Sexta-feira &#8211; 07h \u00e0s 17h Endere\u00e7o: Universidade Federal da Para\u00edba, Campus III Bananeiras Contatos: Telefone: \u00a0(83) 98654-6281 E-mail: \u00a0adufpb.bananeiras@gmail.com \u00a0[\/vc_column_text][\/vc_column][\/vc_row]<\/p>\n","protected":false},"author":1,"featured_media":0,"parent":6490,"menu_order":0,"comment_status":"closed","ping_status":"closed","template":"","meta":{"footnotes":""},"class_list":["post-23383","page","type-page","status-publish","hentry","description-off"],"_links":{"self":[{"href":"https:\/\/www.adufpb.org.br\/site\/wp-json\/wp\/v2\/pages\/23383","targetHints":{"allow":["GET"]}}],"collection":[{"href":"https:\/\/www.adufpb.org.br\/site\/wp-json\/wp\/v2\/pages"}],"about":[{"href":"https:\/\/www.adufpb.org.br\/site\/wp-json\/wp\/v2\/types\/page"}],"author":[{"embeddable":true,"href":"https:\/\/www.adufpb.org.br\/site\/wp-json\/wp\/v2\/users\/1"}],"replies":[{"embeddable":true,"href":"https:\/\/www.adufpb.org.br\/site\/wp-json\/wp\/v2\/comments?post=23383"}],"version-history":[{"count":5,"href":"https:\/\/www.adufpb.org.br\/site\/wp-json\/wp\/v2\/pages\/23383\/revisions"}],"predecessor-version":[{"id":31299,"href":"https:\/\/www.adufpb.org.br\/site\/wp-json\/wp\/v2\/pages\/23383\/revisions\/31299"}],"up":[{"embeddable":true,"href":"https:\/\/www.adufpb.org.br\/site\/wp-json\/wp\/v2\/pages\/6490"}],"wp:attachment":[{"href":"https:\/\/www.adufpb.org.br\/site\/wp-json\/wp\/v2\/media?parent=23383"}],"curies":[{"name":"wp","href":"https:\/\/api.w.org\/{rel}","templated":true}]}}