{"id":23371,"date":"2020-10-06T19:29:34","date_gmt":"2020-10-06T22:29:34","guid":{"rendered":"http:\/\/www.adufpb.org.br\/v2\/?page_id=23371"},"modified":"2024-05-08T21:35:17","modified_gmt":"2024-05-09T00:35:17","slug":"sede-joao-pessoa","status":"publish","type":"page","link":"https:\/\/www.adufpb.org.br\/site\/institucional\/sede-joao-pessoa\/","title":{"rendered":"Sede &#8211; Jo\u00e3o Pessoa"},"content":{"rendered":"<div class=\"wpb-content-wrapper\"><p>[vc_row][vc_column width=&#8221;1\/2&#8243;][vc_empty_space height=&#8221;40&#8243;][vc_column_text]<a class=\"dt-pswp-item\" href=\"http:\/\/www.adufpb.org.br\/v2\/wp-content\/uploads\/2020\/10\/template-10x15-1.png\" data-dt-img-description=\"\" data-large_image_width=\"1500\" data-large_image_height=\"1000\"><img loading=\"lazy\" decoding=\"async\" class=\"aligncenter size-full wp-image-23374\" src=\"http:\/\/www.adufpb.org.br\/v2\/wp-content\/uploads\/2020\/10\/template-10x15-1.png\" alt=\"\" width=\"1500\" height=\"1000\" srcset=\"https:\/\/www.adufpb.org.br\/site\/wp-content\/uploads\/2020\/10\/template-10x15-1.png 1500w, https:\/\/www.adufpb.org.br\/site\/wp-content\/uploads\/2020\/10\/template-10x15-1-300x200.png 300w, https:\/\/www.adufpb.org.br\/site\/wp-content\/uploads\/2020\/10\/template-10x15-1-1024x683.png 1024w, https:\/\/www.adufpb.org.br\/site\/wp-content\/uploads\/2020\/10\/template-10x15-1-768x512.png 768w, https:\/\/www.adufpb.org.br\/site\/wp-content\/uploads\/2020\/10\/template-10x15-1-250x167.png 250w\" sizes=\"auto, (max-width: 1500px) 100vw, 1500px\" \/><\/a>[\/vc_column_text][\/vc_column][vc_column width=&#8221;1\/2&#8243;][vc_empty_space height=&#8221;40&#8243;][vc_column_text]<strong>Funcionamento<\/strong><\/p>\n<p>De segunda a sexta, das 9h \u00e0s 18h.<\/p>\n<p><strong>Endere\u00e7o<\/strong><br \/>\nCaixa Postal 5001<br \/>\nCentro de Viv\u00eancia UFPB &#8211; Jo\u00e3o Pessoa\/PB &#8211; CEP: 58051-970<\/p>\n<p><strong>Telefones<\/strong><br \/>\n(83) 3216-7388<br \/>\n(83) 3214-7450[\/vc_column_text][\/vc_column][\/vc_row]<\/p>\n<\/div>","protected":false},"excerpt":{"rendered":"<p>[vc_row][vc_column width=&#8221;1\/2&#8243;][vc_empty_space height=&#8221;40&#8243;][vc_column_text][\/vc_column_text][\/vc_column][vc_column width=&#8221;1\/2&#8243;][vc_empty_space height=&#8221;40&#8243;][vc_column_text]Funcionamento De segunda a sexta, das 9h \u00e0s 18h. Endere\u00e7o Caixa Postal 5001 Centro de Viv\u00eancia UFPB &#8211; Jo\u00e3o Pessoa\/PB &#8211; CEP: 58051-970 Telefones (83) 3216-7388 (83) 3214-7450[\/vc_column_text][\/vc_column][\/vc_row]<\/p>\n","protected":false},"author":1,"featured_media":0,"parent":6490,"menu_order":0,"comment_status":"closed","ping_status":"closed","template":"","meta":{"footnotes":""},"class_list":["post-23371","page","type-page","status-publish","hentry","description-off"],"_links":{"self":[{"href":"https:\/\/www.adufpb.org.br\/site\/wp-json\/wp\/v2\/pages\/23371","targetHints":{"allow":["GET"]}}],"collection":[{"href":"https:\/\/www.adufpb.org.br\/site\/wp-json\/wp\/v2\/pages"}],"about":[{"href":"https:\/\/www.adufpb.org.br\/site\/wp-json\/wp\/v2\/types\/page"}],"author":[{"embeddable":true,"href":"https:\/\/www.adufpb.org.br\/site\/wp-json\/wp\/v2\/users\/1"}],"replies":[{"embeddable":true,"href":"https:\/\/www.adufpb.org.br\/site\/wp-json\/wp\/v2\/comments?post=23371"}],"version-history":[{"count":7,"href":"https:\/\/www.adufpb.org.br\/site\/wp-json\/wp\/v2\/pages\/23371\/revisions"}],"predecessor-version":[{"id":31317,"href":"https:\/\/www.adufpb.org.br\/site\/wp-json\/wp\/v2\/pages\/23371\/revisions\/31317"}],"up":[{"embeddable":true,"href":"https:\/\/www.adufpb.org.br\/site\/wp-json\/wp\/v2\/pages\/6490"}],"wp:attachment":[{"href":"https:\/\/www.adufpb.org.br\/site\/wp-json\/wp\/v2\/media?parent=23371"}],"curies":[{"name":"wp","href":"https:\/\/api.w.org\/{rel}","templated":true}]}}