{"id":20164,"date":"2019-04-08T20:52:33","date_gmt":"2019-04-08T23:52:33","guid":{"rendered":"http:\/\/www.adufpb.org.br\/site\/?page_id=20164"},"modified":"2023-03-29T11:12:39","modified_gmt":"2023-03-29T14:12:39","slug":"recadastramentoadufpb","status":"publish","type":"page","link":"https:\/\/www.adufpb.org.br\/site\/recadastramentoadufpb\/","title":{"rendered":"Recadastramento ADUFPB"},"content":{"rendered":"<div class=\"wpb-content-wrapper\"><p>[vc_row][vc_column][vc_column_text]<a href=\"http:\/\/www.adufpb.org.br\/site\/wp-content\/uploads\/2019\/04\/BANNER-RECADASTRAMENTO.png\"><img loading=\"lazy\" decoding=\"async\" class=\"aligncenter size-full wp-image-20198\" src=\"http:\/\/www.adufpb.org.br\/site\/wp-content\/uploads\/2019\/04\/BANNER-RECADASTRAMENTO.gif\" alt=\"BANNER-RECADASTRAMENTO\" width=\"1370\" height=\"244\" \/><\/a>[\/vc_column_text]<div class=\"gap\" style=\"line-height: 30px; height: 30px;\"><\/div>[\/vc_column][\/vc_row][vc_row][vc_column width=&#8221;1\/4&#8243;][\/vc_column][vc_column width=&#8221;1\/2&#8243;][vc_column_text]<\/p>\n<p style=\"text-align: justify;\">A ADUFPB est\u00e1 fazendo o recadastramento de todos(as) os(as) professores(as) sindicalizados(as) para atualiza\u00e7\u00e3o do banco de dados da entidade e mudan\u00e7a do modelo de recebimento da contribui\u00e7\u00e3o sindical.\u00a0\u00c9 muito importante que todos(as) os(as) docentes participem desse processo, uma vez que a suspens\u00e3o das consigna\u00e7\u00f5es pode comprometer as atividades sindicais justamente em um momento de grandes desafios pol\u00edticos, como a luta contra a reforma da Previd\u00eancia.<\/p>\n<p style=\"text-align: justify;\">O processo de recadastramento j\u00e1 come\u00e7ou e est\u00e1 sendo feito tanto na sede do campus I (Centro de Viv\u00eancia), quanto nas tr\u00eas secretarias do interior (Areia, Bananeiras e Mamanguape). Na sede do Centro de Viv\u00eancia, o atendimento pela manh\u00e3 ser\u00e1 feito na sala do jur\u00eddico e, \u00e0 tarde, na sala do arquivo.<\/p>\n<p style=\"text-align: justify;\">Mas voc\u00ea pode baixar os arquivos dos formul\u00e1rios\u00a0<b>nesta p\u00e1gina<\/b>\u00a0(est\u00e3o em documentos Word), preench\u00ea-los diretamente no\u00a0<b>computador e imprimir<\/b>, ou\u00a0<b>imprimir os formul\u00e1rios e preenche-los \u00e0 m\u00e3o<\/b>.\u00a0<b>Importante:\u00a0<\/b>n\u00e3o rasure os dados dos formul\u00e1rios!<\/p>\n<p>Ap\u00f3s preencher os dados e assinar, basta passar na ADUFPB e entregar na recep\u00e7\u00e3o.\u00a0<b>Voc\u00ea pode tamb\u00e9m enviar os documentos por um portador de sua confian\u00e7a. \u00a0<\/b>[\/vc_column_text]<div class=\"gap\" style=\"line-height: 30px; height: 30px;\"><\/div>[vc_separator]<div class=\"gap\" style=\"line-height: 30px; height: 30px;\"><\/div>[vc_column_text]<a href=\"http:\/\/www.adufpb.org.br\/site\/wp-content\/uploads\/2019\/04\/ficha-recadastramento-adufpb.doc\"><img loading=\"lazy\" decoding=\"async\" class=\"aligncenter size-full wp-image-20182\" src=\"http:\/\/www.adufpb.org.br\/site\/wp-content\/uploads\/2019\/04\/1-etapa1.png\" alt=\"1-etapa\" width=\"462\" height=\"100\" srcset=\"https:\/\/www.adufpb.org.br\/site\/wp-content\/uploads\/2019\/04\/1-etapa1.png 462w, https:\/\/www.adufpb.org.br\/site\/wp-content\/uploads\/2019\/04\/1-etapa1-300x64.png 300w\" sizes=\"auto, (max-width: 462px) 100vw, 462px\" \/><\/a><\/p>\n<p style=\"text-align: center;\">Baixe o formul\u00e1rio de recadastramento da ADUFPB e preencha as informa\u00e7\u00f5es do formul\u00e1rio.<\/p>\n<p style=\"text-align: center;\"><strong><a href=\"http:\/\/www.adufpb.org.br\/site\/wp-content\/uploads\/2019\/04\/ficha-recadastramento-adufpb.doc\">Baixar formul\u00e1rio para Recadastramento<\/a>\u00a0<\/strong><\/p>\n<p>[\/vc_column_text]<div class=\"gap\" style=\"line-height: 30px; height: 30px;\"><\/div>[vc_column_text]<\/p>\n<p style=\"text-align: center;\"><img loading=\"lazy\" decoding=\"async\" src=\"http:\/\/www.adufpb.org.br\/site\/wp-content\/uploads\/2019\/04\/2-etapa1.png\" alt=\"2-etapa\" width=\"462\" height=\"100\" \/><\/p>\n<p style=\"text-align: center;\">Escolha qual o banco onde ser\u00e1 debitado sua mensalidade, baixe o formul\u00e1rio de autoriza\u00e7\u00e3o de d\u00e9bito em conta da mensalidade sindical e preencha as informa\u00e7\u00f5es.\u00a0<em>Observa\u00e7\u00e3o: a assinatura do gerente do banco ficar\u00e1 a cargo do setor financeiro da ADUFPB<\/em>.<\/p>\n<p style=\"text-align: center;\"><strong><a href=\"http:\/\/www.adufpb.org.br\/site\/wp-content\/uploads\/2019\/04\/Contrato-Mensalidade-Associados-BB.docx\">BANCO DO BRASIL<\/a><\/strong><\/p>\n<p style=\"text-align: center;\"><strong><a href=\"http:\/\/www.adufpb.org.br\/site\/wp-content\/uploads\/2019\/04\/Contrato-Mensalidade-Associados-CEF.docx\">CAIXA ECON\u00d4MICA<\/a><\/strong><\/p>\n<p style=\"text-align: center;\"><strong><a href=\"http:\/\/www.adufpb.org.br\/site\/wp-content\/uploads\/2019\/04\/AUTORIZACAO-DE-DEBITO-SICREDI_CREDUNI.docx\">SICREDI \u2013 CREDUNI<\/a><\/strong><\/p>\n<p style=\"text-align: center;\"><strong><a href=\"http:\/\/www.adufpb.org.br\/site\/wp-content\/uploads\/2019\/04\/AUTORIZACAO-DE-DEBITO-SICREDI_UNICRED.docx\">SICREDI \u2013 UNICRED<\/a>\u00a0<\/strong><b><br \/>\n<\/b><\/p>\n<p style=\"text-align: center;\"><b>Outros bancos<\/b><\/p>\n<p style=\"text-align: center;\">Para quem possui conta banc\u00e1ria em\u00a0<b>outros bancos<\/b> (Santander, Bradesco, Ita\u00fa etc), entre em contato com a ADUFPB (83) 3214-7450 que lhe daremos todas as informa\u00e7\u00f5es necess\u00e1rias para o encaminhamento.<\/p>\n<p>[\/vc_column_text]<div class=\"gap\" style=\"line-height: 30px; height: 30px;\"><\/div>[vc_column_text]<\/p>\n<p style=\"text-align: center;\"><img loading=\"lazy\" decoding=\"async\" src=\"http:\/\/www.adufpb.org.br\/site\/wp-content\/uploads\/2019\/04\/3-etapa.png\" alt=\"3-etapa\" width=\"462\" height=\"100\" \/><\/p>\n<p style=\"text-align: center;\">Ap\u00f3s preencher os dados e assinar, basta passar na ADUFPB e entregar na recep\u00e7\u00e3o.\u00a0<b>Voc\u00ea pode tamb\u00e9m enviar os documentos por um portador de sua confian\u00e7a.\u00a0\u00a0<\/b><\/p>\n<p>[\/vc_column_text][\/vc_column][vc_column width=&#8221;1\/4&#8243;][\/vc_column][\/vc_row]<\/p>\n<\/div>","protected":false},"excerpt":{"rendered":"<p>[vc_row][vc_column][vc_column_text][\/vc_column_text][\/vc_column][\/vc_row][vc_row][vc_column width=&#8221;1\/4&#8243;][\/vc_column][vc_column width=&#8221;1\/2&#8243;][vc_column_text] A ADUFPB est\u00e1 fazendo o recadastramento de todos(as) os(as) professores(as) sindicalizados(as) para atualiza\u00e7\u00e3o do banco de dados da entidade e mudan\u00e7a do modelo de recebimento da contribui\u00e7\u00e3o sindical.\u00a0\u00c9 muito importante que todos(as) os(as) docentes participem desse processo, uma vez que a suspens\u00e3o das consigna\u00e7\u00f5es pode comprometer as atividades sindicais justamente em um&hellip;<\/p>\n","protected":false},"author":1,"featured_media":0,"parent":0,"menu_order":0,"comment_status":"closed","ping_status":"closed","template":"","meta":{"footnotes":""},"class_list":["post-20164","page","type-page","status-publish","hentry","description-off"],"_links":{"self":[{"href":"https:\/\/www.adufpb.org.br\/site\/wp-json\/wp\/v2\/pages\/20164","targetHints":{"allow":["GET"]}}],"collection":[{"href":"https:\/\/www.adufpb.org.br\/site\/wp-json\/wp\/v2\/pages"}],"about":[{"href":"https:\/\/www.adufpb.org.br\/site\/wp-json\/wp\/v2\/types\/page"}],"author":[{"embeddable":true,"href":"https:\/\/www.adufpb.org.br\/site\/wp-json\/wp\/v2\/users\/1"}],"replies":[{"embeddable":true,"href":"https:\/\/www.adufpb.org.br\/site\/wp-json\/wp\/v2\/comments?post=20164"}],"version-history":[{"count":20,"href":"https:\/\/www.adufpb.org.br\/site\/wp-json\/wp\/v2\/pages\/20164\/revisions"}],"predecessor-version":[{"id":28742,"href":"https:\/\/www.adufpb.org.br\/site\/wp-json\/wp\/v2\/pages\/20164\/revisions\/28742"}],"wp:attachment":[{"href":"https:\/\/www.adufpb.org.br\/site\/wp-json\/wp\/v2\/media?parent=20164"}],"curies":[{"name":"wp","href":"https:\/\/api.w.org\/{rel}","templated":true}]}}