{"id":14911,"date":"2016-10-13T12:02:26","date_gmt":"2016-10-13T15:02:26","guid":{"rendered":"http:\/\/www.adufpb.org.br\/site\/?page_id=14911"},"modified":"2020-10-12T19:08:29","modified_gmt":"2020-10-12T22:08:29","slug":"revista-conceitos-submissao-de-artigo","status":"publish","type":"page","link":"https:\/\/www.adufpb.org.br\/site\/revista-conceitos-submissao-de-artigo\/","title":{"rendered":"Revista Conceitos &#8211; Submiss\u00e3o de Artigo"},"content":{"rendered":"<ul>\n<li><a style=\"font-size: 1.17em;\" href=\"http:\/\/www.adufpb.org.br\/site\/normas-publicacao-conceitos\/\">Normas para Publica\u00e7\u00e3o<\/a><\/li>\n<li><a style=\"font-size: 1.17em;\" href=\"http:\/\/www.adufpb.org.br\/site\/submissao-artigo\/\">Formul\u00e1rio de Submiss\u00e3o de Artigo<\/a><\/li>\n<\/ul>\n","protected":false},"excerpt":{"rendered":"<p>Normas para Publica\u00e7\u00e3o Formul\u00e1rio de Submiss\u00e3o de Artigo<\/p>\n","protected":false},"author":1,"featured_media":0,"parent":0,"menu_order":0,"comment_status":"closed","ping_status":"closed","template":"","meta":{"footnotes":""},"class_list":["post-14911","page","type-page","status-publish","hentry","description-off"],"_links":{"self":[{"href":"https:\/\/www.adufpb.org.br\/site\/wp-json\/wp\/v2\/pages\/14911","targetHints":{"allow":["GET"]}}],"collection":[{"href":"https:\/\/www.adufpb.org.br\/site\/wp-json\/wp\/v2\/pages"}],"about":[{"href":"https:\/\/www.adufpb.org.br\/site\/wp-json\/wp\/v2\/types\/page"}],"author":[{"embeddable":true,"href":"https:\/\/www.adufpb.org.br\/site\/wp-json\/wp\/v2\/users\/1"}],"replies":[{"embeddable":true,"href":"https:\/\/www.adufpb.org.br\/site\/wp-json\/wp\/v2\/comments?post=14911"}],"version-history":[{"count":4,"href":"https:\/\/www.adufpb.org.br\/site\/wp-json\/wp\/v2\/pages\/14911\/revisions"}],"predecessor-version":[{"id":14918,"href":"https:\/\/www.adufpb.org.br\/site\/wp-json\/wp\/v2\/pages\/14911\/revisions\/14918"}],"wp:attachment":[{"href":"https:\/\/www.adufpb.org.br\/site\/wp-json\/wp\/v2\/media?parent=14911"}],"curies":[{"name":"wp","href":"https:\/\/api.w.org\/{rel}","templated":true}]}}