{"id":14909,"date":"2016-10-13T12:00:02","date_gmt":"2016-10-13T15:00:02","guid":{"rendered":"http:\/\/www.adufpb.org.br\/site\/?page_id=14909"},"modified":"2021-05-03T13:08:26","modified_gmt":"2021-05-03T16:08:26","slug":"normas-publicacao-conceitos","status":"publish","type":"page","link":"https:\/\/www.adufpb.org.br\/site\/normas-publicacao-conceitos\/","title":{"rendered":"Normas para Publica\u00e7\u00e3o na REVISTA CONCEITOS"},"content":{"rendered":"<p style=\"text-align: center;\"><strong>NORMAS PARA PUBLICA\u00c7\u00c3O NA REVISTA CONCEITOS &#8211; ADUFPB<\/strong><\/p>\n<p style=\"text-align: center;\"><strong>10 DE MAIO DE 2021<\/strong><\/p>\n<p>&nbsp;<\/p>\n<p>A Revista Conceitos \u00e9 uma publica\u00e7\u00e3o para divulga\u00e7\u00e3o da produ\u00e7\u00e3o acad\u00eamica dos docentes da UFPB, filiados \u00e0 ADUFPB \u2013 Se\u00e7\u00e3o Sindical do ANDES-SN ou docentes de outras institui\u00e7\u00f5es de ensino, convidados pelo Conselho Editorial e pela Comiss\u00e3o Editorial da revista, privilegiando artigos e ensaios para divulga\u00e7\u00e3o cient\u00edfica. A revista \u00e9 indexada no Qualis-CNPq e vem sendo publicada h\u00e1 quase duas d\u00e9cadas.<\/p>\n<p>Os docentes interessados em publicar artigos na Revista Conceitos dever\u00e3o seguir rigorosamente as normas estabelecidas pelo Conselho Editorial e pela Comiss\u00e3o Editorial da revista, conforme descritas abaixo:<\/p>\n<p><strong>1.<\/strong> Ser\u00e3o aceitos textos em l\u00edngua portuguesa com no m\u00e1ximo 15 (quinze) laudas e no m\u00ednimo 10 (dez) laudas, incluindo RESUMO, palavras-chave, ABSTRACT, refer\u00eancias bibliogr\u00e1ficas, notas, ilustra\u00e7\u00f5es gr\u00e1ficas ou fotografias (no corpo do texto). Textos em l\u00edngua estrangeira dever\u00e3o ser submetidos \u00e0 consulta pr\u00e9via \u00e0 Comiss\u00e3o Editorial.<\/p>\n<p><strong>2.<\/strong> Os textos devem estar devidamente atualizados e revisados com o Novo Acordo Ortogr\u00e1fico da Academia Brasileira de Letras (ABL). Ap\u00f3s a inscri\u00e7\u00e3o e aprova\u00e7\u00e3o pelos Conselhos de Pareceristas ad hoc e Editorial, o autor n\u00e3o poder\u00e1 solicitar o artigo para modifica\u00e7\u00f5es ou atualiza\u00e7\u00f5es, salvo autoriza\u00e7\u00e3o pela Comiss\u00e3o Editorial, sem preju\u00edzos ao processo de editora\u00e7\u00e3o eletr\u00f4nica da revista.<\/p>\n<p><strong>3.<\/strong> N\u00e3o ser\u00e3o aceitos trabalhos que n\u00e3o apresentem RESUMO E ABSTRACT. Os resumos devem ter no m\u00e1ximo 250 palavras e serem escritos num s\u00f3 bloco de texto, sem par\u00e1grafos.<\/p>\n<p><strong>4.<\/strong> OA(s) autor(as\/es) deve(m) ser sindicalizado(a\/s) na ADUFPB ou colaborador(es) formalmente convidado(s) pelo Conselho Editorial ou pela Comiss\u00e3o Editorial da Conceitos.<\/p>\n<p><strong>5.<\/strong> A primeira p\u00e1gina do artigo dever\u00e1 conter, al\u00e9m do RESUMO e do ABSTRACT, informa\u00e7\u00f5es como nome completo do autor(es), fun\u00e7\u00e3o, Departamento e Centro onde leciona(m), bem como a institui\u00e7\u00e3o (Campus I &#8211; Jo\u00e3o Pessoa, Campus I &#8211; Santa Rita ou CTDR, Campus II &#8211; Areia, Campus III \u2013 Bananeiras, Campus IV &#8211; Litoral Norte, ou outros), titula\u00e7\u00e3o e-mail para contato.<\/p>\n<p><strong>6.<\/strong> Cada docente colaborador(a) poder\u00e1 publicar 01 (um) artigo por edi\u00e7\u00e3o da revista como autor-titular do texto. As co-autorias ser\u00e3o avaliadas pelo Conselho Editorial, dando prioridade aos autores titulares dos artigos para contemplar maior n\u00famero de docentes sindicalizados na ADUFPB por edi\u00e7\u00e3o da revista. S\u00f3 ser\u00e1 aceita 01 (uma) co-autoria por artigo, autor(a)-titular e co-autor(a).<\/p>\n<p><strong>7.<\/strong> Em parcerias com discentes da UFPB ou de outras institui\u00e7\u00f5es, o primeiro nome assinado dever\u00e1 ser o nome do professor filiado \u00e0 ADUFPB como autor-titular do artigo.<\/p>\n<p>&nbsp;<\/p>\n<p><strong>8. ESTRUTURA DOS TRABALHOS<\/strong><\/p>\n<p>8.1 &#8211; Os artigos dever\u00e3o ser redigidos em fonte (tipografia) Times New Roman ou similar, corpo 12 (tamanho), espa\u00e7o 1,5 e n\u00e3o devem exceder 15 (quinze) p\u00e1ginas ou ser menor que 10 (dez) p\u00e1ginas, incluindo os t\u00edtulos, resumos, palavras-chave, ilustra\u00e7\u00f5es, fotos e refer\u00eancias bibliogr\u00e1ficas no corpo do documento.<\/p>\n<p>8.2 &#8211; A lista de refer\u00eancias deve ser ordenada alfabeticamente, alinhada \u00e0 margem esquerda e colocada ao final do artigo, citando as fontes utilizadas. As refer\u00eancias devem seguir as Normas da ABNT atualizadas (https:\/\/www.normasabnt.org\/).<\/p>\n<p><strong>8.3 \u2013 IMAGENS &#8211;<\/strong> (fotografias, desenhos art\u00edsticos, gr\u00e1ficos estat\u00edsticos, ilustra\u00e7\u00f5es, reprodu\u00e7\u00f5es etc.).<\/p>\n<p>As imagens publicadas na Revista Conceitos podem ser coloridas. Devem estar inseridas no corpo do texto para indicar sua localiza\u00e7\u00e3o para a diagrama\u00e7\u00e3o (editora\u00e7\u00e3o eletr\u00f4nica) do artigo, acompanhadas de legendas, caso seja necess\u00e1rio, e com a indica\u00e7\u00e3o (Figura 1, Figura 2, Figura 3), conforme as Normas da ABNT atualizadas.<\/p>\n<p>Os arquivos de fotografias digitais, ilustra\u00e7\u00f5es ou gr\u00e1ficos devem ser enviados separadamente no corpo do e-mail do autor. Devem ter boa resolu\u00e7\u00e3o e legibilidade gr\u00e1fica, identificadas conforme as legendas no artigo (Figura 1, Figura 2, Figura 3&#8230;).<\/p>\n<p>As ilustra\u00e7\u00f5es devem permitir uma perfeita reprodu\u00e7\u00e3o digital. \u00c9 importante indicar a fonte ou o cr\u00e9dito de autoria da imagem, seja ela ilustra\u00e7\u00e3o, gr\u00e1fico ou fotografia. A ADUFPB n\u00e3o se responsabiliza por reprodu\u00e7\u00e3o de imagens n\u00e3o autorizadas pelos autores.<\/p>\n<p><strong>8.4 &#8211; NOTAS DE RODAP\u00c9<\/strong><\/p>\n<p>As notas de rodap\u00e9 dever\u00e3o ser citadas de acordo com as Normas da ABNT atualizadas.<\/p>\n<p><strong>8.5 &#8211; OBSERVA\u00c7\u00d5ES:<\/strong><\/p>\n<p>a) Nos artigos inscritos, utilizar it\u00e1lico somente para palavras estrangeiras.<br \/>\nb) Os trabalhos que n\u00e3o atenderem a estrutura proposta pela Comiss\u00e3o Editorial poder\u00e3o ser devolvidos aos autores a crit\u00e9rio do Conselho de Pareceristas ad hoc, sem avalia\u00e7\u00e3o de m\u00e9rito.<br \/>\nc) A Comiss\u00e3o Editorial n\u00e3o far\u00e1 a formata\u00e7\u00e3o de artigos inscritos que n\u00e3o estejam digitados conforme proposto no item 8.0.<\/p>\n<p><strong>9) AVALIA\u00c7\u00c3O DOS ARTIGOS<\/strong><\/p>\n<p>Os artigos encaminhados \u00e0 Revista Conceitos ser\u00e3o avaliados, individualmente, por tr\u00eas pareceristas ad hoc, reconhecidos por seu not\u00f3rio saber acerca dos temas inscritos. Para esta tarefa, ser\u00e1 utilizado o sistema triplo cego e, com base nos pareceres obtidos, a Comiss\u00e3o Editorial emitir\u00e1 um dos seguintes conceitos:<\/p>\n<p>a) Aprovado para publica\u00e7\u00e3o;<br \/>\nb) Aprovado com corre\u00e7\u00f5es;<br \/>\nc) Rejeitado para publica\u00e7\u00e3o.<\/p>\n<p>Quanto aos trabalhos n\u00e3o aceitos, o autor ser\u00e1 comunicado da decis\u00e3o por e-mail oficial da ADUFPB. A ADUFPB, o editor da revista, os organizadores, o Conselho Editorial e a Comiss\u00e3o Editorial n\u00e3o assumem a responsabilidade por opini\u00f5es ou conceitos emitidos em artigos assinados e mat\u00e9ria transcrita. Os editores se reservam o direito de selecionar os artigos para publica\u00e7\u00e3o; ouvir parecer de especialista para averiguar a qualidade do trabalho; proceder \u00e0 revis\u00e3o gramatical dos textos e fazer corre\u00e7\u00f5es desde que n\u00e3o alterem o conte\u00fado.<\/p>\n<p><strong>10 &#8211; FORMA DE ENCAMINHAMENTO<\/strong><\/p>\n<p>Os textos\/artigos devem ser enviados exclusivamente formatados em Microsoft Word ou outro editor de texto (.doc) para o e-mail da Comiss\u00e3o Editorial: revistaconceitos.adufpb@gmail.com. Sugerimos incluir na mensagem de e-mail contatos pessoais como telefone (fixo ou celular) para uso da Comiss\u00e3o em caso de problemas no recebimento eletr\u00f4nico do arquivo digital.<\/p>\n<p><strong>IMPORTANTE:<\/strong> Os editores n\u00e3o se responsabilizam por extravio de artigos enviados para outros e-mails de contato do sindicato. Qualquer d\u00favida, estaremos \u00e0 disposi\u00e7\u00e3o no WhatsApp (83) 9 9645-7000 (Assessoria de Comunica\u00e7\u00e3o da ADUFPB) ou pelo e-mail: revistaconceitos.adufpb@gmail.com.<\/p>\n<p>Conhe\u00e7a as publica\u00e7\u00f5es anteriores no site da ADUFPB: www.adufpb.org.br<\/p>\n","protected":false},"excerpt":{"rendered":"<p>NORMAS PARA PUBLICA\u00c7\u00c3O NA REVISTA CONCEITOS &#8211; ADUFPB 10 DE MAIO DE 2021 &nbsp; A Revista Conceitos \u00e9 uma publica\u00e7\u00e3o para divulga\u00e7\u00e3o da produ\u00e7\u00e3o acad\u00eamica dos docentes da UFPB, filiados \u00e0 ADUFPB \u2013 Se\u00e7\u00e3o Sindical do ANDES-SN ou docentes de outras institui\u00e7\u00f5es de ensino, convidados pelo Conselho Editorial e pela Comiss\u00e3o Editorial da revista, privilegiando&hellip;<\/p>\n","protected":false},"author":1,"featured_media":0,"parent":0,"menu_order":0,"comment_status":"closed","ping_status":"closed","template":"","meta":{"footnotes":""},"class_list":["post-14909","page","type-page","status-publish","hentry","description-off"],"_links":{"self":[{"href":"https:\/\/www.adufpb.org.br\/site\/wp-json\/wp\/v2\/pages\/14909","targetHints":{"allow":["GET"]}}],"collection":[{"href":"https:\/\/www.adufpb.org.br\/site\/wp-json\/wp\/v2\/pages"}],"about":[{"href":"https:\/\/www.adufpb.org.br\/site\/wp-json\/wp\/v2\/types\/page"}],"author":[{"embeddable":true,"href":"https:\/\/www.adufpb.org.br\/site\/wp-json\/wp\/v2\/users\/1"}],"replies":[{"embeddable":true,"href":"https:\/\/www.adufpb.org.br\/site\/wp-json\/wp\/v2\/comments?post=14909"}],"version-history":[{"count":8,"href":"https:\/\/www.adufpb.org.br\/site\/wp-json\/wp\/v2\/pages\/14909\/revisions"}],"predecessor-version":[{"id":25013,"href":"https:\/\/www.adufpb.org.br\/site\/wp-json\/wp\/v2\/pages\/14909\/revisions\/25013"}],"wp:attachment":[{"href":"https:\/\/www.adufpb.org.br\/site\/wp-json\/wp\/v2\/media?parent=14909"}],"curies":[{"name":"wp","href":"https:\/\/api.w.org\/{rel}","templated":true}]}}