{"id":143,"date":"2009-09-07T16:45:25","date_gmt":"2009-09-07T20:45:25","guid":{"rendered":"http:\/\/www.insightsnaweb.com.br\/~adufpb\/?page_id=143"},"modified":"2024-05-08T21:40:47","modified_gmt":"2024-05-09T00:40:47","slug":"associe-se","status":"publish","type":"page","link":"https:\/\/www.adufpb.org.br\/site\/institucional\/associe-se\/","title":{"rendered":"Filie-se"},"content":{"rendered":"<div class=\"wpb-content-wrapper\"><p>[vc_row][vc_column width=&#8221;1\/4&#8243;][\/vc_column][vc_column width=&#8221;1\/2&#8243;][vc_empty_space height=&#8221;40&#8243;][vc_column_text]<\/p>\n<p style=\"text-align: center;\"><span style=\"font-size: 12pt;\"><strong>Siga o passo a passo abaixo:<\/strong><\/span><\/p>\n<p>[\/vc_column_text][vc_empty_space height=&#8221;20&#8243;][vc_cta h2=&#8221;FILIA\u00c7\u00c3O&#8221; h2_font_container=&#8221;font_size:22&#8243; h2_use_theme_fonts=&#8221;yes&#8221; txt_align=&#8221;center&#8221; add_icon=&#8221;top&#8221; i_type=&#8221;material&#8221; i_icon_material=&#8221;vc-material vc-material-filter_1&#8243; i_color=&#8221;black&#8221; use_custom_fonts_h2=&#8221;true&#8221;]<strong>1. Filia\u00e7\u00e3o:<\/strong><\/p>\n<p>D\u00e1-se a partir do recebimento da sua <a href=\"https:\/\/adufpb.sindicalizi.com.br\/filiadows\">Ficha de Filia\u00e7\u00e3o<\/a>, na qual dever\u00e1 anexar o seu \u00faltimo contracheque.<\/p>\n<p><strong>2. Mensalidade Sindical:<\/strong><\/p>\n<p>2.1. O valor da mensalidade sindical \u00e9 de 1% (um por cento) incidente sobre os rendimentos brutos (por decis\u00e3o em Assembleia Geral de 27 de abril de 1989).<br \/>\n2.2. O primeiro desconto se dar\u00e1 ap\u00f3s o envio, pela ADUFPB no dia 10 de cada m\u00eas (ou dia \u00fatil antecedente), do arquivo dos filiados(as) e novos(as) filiados(as) ao SIAPE. Assim sendo, se a sua filia\u00e7\u00e3o se der ap\u00f3s o dia do envio do arquivo ao SIAPE, o seu desconto ocorrer\u00e1 no m\u00eas subsequente.<\/p>\n<p><strong>3. Cadastramento de Biometria Facial:<\/strong><br \/>\nAp\u00f3s a sua filia\u00e7\u00e3o, comparecer \u00e0 sede administrativa da ADUFPB no Centro de Viv\u00eancia na UFPB, para o cadastramento de biometria facial.<\/p>\n<p style=\"text-align: center;\">Seja bem-vindo \u00e0 ADUFPB.<br \/>\n\u201cQuem tem sindicato nunca est\u00e1 s\u00f3\u201d.<\/p>\n<p>[\/vc_cta][vc_cta h2=&#8221;CARTEIRINHA&#8221; h2_font_container=&#8221;font_size:22&#8243; h2_use_theme_fonts=&#8221;yes&#8221; txt_align=&#8221;center&#8221; add_icon=&#8221;top&#8221; i_type=&#8221;material&#8221; i_icon_material=&#8221;vc-material vc-material-filter_2&#8243; i_color=&#8221;black&#8221; use_custom_fonts_h2=&#8221;true&#8221;]<a href=\"http:\/\/www.adufpb.org.br\/site\/solicitacao-de-carteira\/\" target=\"_blank\" rel=\"noopener noreferrer\">Clique aqui para ir para a se\u00e7\u00e3o\u00a0<strong>SERVI\u00c7OS\u00a0<\/strong><\/a>do nosso site e preencha o formul\u00e1rio digital de solicita\u00e7\u00e3o da carteirinha da ADUFPB, anexando uma foto.[\/vc_cta][vc_cta h2=&#8221;PRONTO&#8221; h2_font_container=&#8221;font_size:22&#8243; h2_use_theme_fonts=&#8221;yes&#8221; txt_align=&#8221;center&#8221; add_icon=&#8221;top&#8221; i_type=&#8221;material&#8221; i_icon_material=&#8221;vc-material vc-material-filter_3&#8243; i_color=&#8221;black&#8221; use_custom_fonts_h2=&#8221;true&#8221;]Dentro de 3 dias entraremos em contato com voc\u00ea atrav\u00e9s do e-mail arquivoadufpb@gmail.com para confirmar a sua sindicaliza\u00e7\u00e3o.[\/vc_cta][\/vc_column][vc_column width=&#8221;1\/4&#8243;][\/vc_column][\/vc_row]<\/p>\n<\/div>","protected":false},"excerpt":{"rendered":"<p>[vc_row][vc_column width=&#8221;1\/4&#8243;][\/vc_column][vc_column width=&#8221;1\/2&#8243;][vc_empty_space height=&#8221;40&#8243;][vc_column_text] Siga o passo a passo abaixo: [\/vc_column_text][vc_empty_space height=&#8221;20&#8243;][vc_cta h2=&#8221;FILIA\u00c7\u00c3O&#8221; h2_font_container=&#8221;font_size:22&#8243; h2_use_theme_fonts=&#8221;yes&#8221; txt_align=&#8221;center&#8221; add_icon=&#8221;top&#8221; i_type=&#8221;material&#8221; i_icon_material=&#8221;vc-material vc-material-filter_1&#8243; i_color=&#8221;black&#8221; use_custom_fonts_h2=&#8221;true&#8221;]1. Filia\u00e7\u00e3o: D\u00e1-se a partir do recebimento da sua Ficha de Filia\u00e7\u00e3o, na qual dever\u00e1 anexar o seu \u00faltimo contracheque. 2. Mensalidade Sindical: 2.1. O valor da mensalidade sindical \u00e9 de 1% (um por&hellip;<\/p>\n","protected":false},"author":1,"featured_media":0,"parent":6490,"menu_order":0,"comment_status":"closed","ping_status":"closed","template":"","meta":{"footnotes":""},"class_list":["post-143","page","type-page","status-publish","hentry","description-off"],"_links":{"self":[{"href":"https:\/\/www.adufpb.org.br\/site\/wp-json\/wp\/v2\/pages\/143","targetHints":{"allow":["GET"]}}],"collection":[{"href":"https:\/\/www.adufpb.org.br\/site\/wp-json\/wp\/v2\/pages"}],"about":[{"href":"https:\/\/www.adufpb.org.br\/site\/wp-json\/wp\/v2\/types\/page"}],"author":[{"embeddable":true,"href":"https:\/\/www.adufpb.org.br\/site\/wp-json\/wp\/v2\/users\/1"}],"replies":[{"embeddable":true,"href":"https:\/\/www.adufpb.org.br\/site\/wp-json\/wp\/v2\/comments?post=143"}],"version-history":[{"count":57,"href":"https:\/\/www.adufpb.org.br\/site\/wp-json\/wp\/v2\/pages\/143\/revisions"}],"predecessor-version":[{"id":31321,"href":"https:\/\/www.adufpb.org.br\/site\/wp-json\/wp\/v2\/pages\/143\/revisions\/31321"}],"up":[{"embeddable":true,"href":"https:\/\/www.adufpb.org.br\/site\/wp-json\/wp\/v2\/pages\/6490"}],"wp:attachment":[{"href":"https:\/\/www.adufpb.org.br\/site\/wp-json\/wp\/v2\/media?parent=143"}],"curies":[{"name":"wp","href":"https:\/\/api.w.org\/{rel}","templated":true}]}}