{"id":140,"date":"2009-09-07T16:33:18","date_gmt":"2009-09-07T20:33:18","guid":{"rendered":"http:\/\/www.insightsnaweb.com.br\/~adufpb\/?page_id=140"},"modified":"2025-09-01T16:41:36","modified_gmt":"2025-09-01T19:41:36","slug":"convenios","status":"publish","type":"page","link":"https:\/\/www.adufpb.org.br\/site\/servicos\/convenios\/","title":{"rendered":"Conv\u00eanios"},"content":{"rendered":"<div class=\"wpb-content-wrapper\"><p>[vc_row][vc_column width=&#8221;1\/4&#8243;][\/vc_column][vc_column width=&#8221;1\/2&#8243;][vc_empty_space height=&#8221;40&#8243;][vc_accordion active_tab=&#8221;false&#8221; collapsible=&#8221;yes&#8221; title_size=&#8221;h5&#8243; style=&#8221;3&#8243;][vc_accordion_tab title=&#8221;Escolas&#8221;][vc_column_text css=&#8221;&#8221;]<\/p>\n<ul>\n<li><strong>Iso col\u00e9gio e curso<\/strong> (10% de desconto)<br \/>\n(83) 3204-0091<\/li>\n<\/ul>\n<p>&nbsp;<\/p>\n<ul>\n<li><strong>Doroteia<\/strong><br \/>\n(83) 3224-7486<\/li>\n<\/ul>\n<p>&nbsp;<\/p>\n<ul>\n<li><strong>Col\u00e9gio S\u00e9culo<\/strong><br \/>\n(83) 3235-4842<\/li>\n<\/ul>\n<p>&nbsp;<\/p>\n<ul>\n<li><strong>Pio X &#8211; Marista<\/strong><br \/>\n(83) 4009-2701<\/li>\n<\/ul>\n<p>&nbsp;<\/p>\n<p>Obs.: Necess\u00e1rio apresentar declara\u00e7\u00e3o da ADUFPB[\/vc_column_text][\/vc_accordion_tab][vc_accordion_tab title=&#8221;Plano Odontol\u00f3gico&#8221;][vc_column_text css=&#8221;&#8221;]<\/p>\n<ul>\n<li><strong>Uniodonto<\/strong><br \/>\n(83) 99132-7888\u00a0(Laudic\u00e9ia)<\/li>\n<\/ul>\n<p>[\/vc_column_text][\/vc_accordion_tab][\/vc_accordion][\/vc_column][vc_column width=&#8221;1\/4&#8243;][\/vc_column][vc_column][\/vc_column][\/vc_row]<\/p>\n<\/div>","protected":false},"excerpt":{"rendered":"<p>[vc_row][vc_column width=&#8221;1\/4&#8243;][\/vc_column][vc_column width=&#8221;1\/2&#8243;][vc_empty_space height=&#8221;40&#8243;][vc_accordion active_tab=&#8221;false&#8221; collapsible=&#8221;yes&#8221; title_size=&#8221;h5&#8243; style=&#8221;3&#8243;][vc_accordion_tab title=&#8221;Escolas&#8221;][vc_column_text css=&#8221;&#8221;] Iso col\u00e9gio e curso (10% de desconto) (83) 3204-0091 &nbsp; Doroteia (83) 3224-7486 &nbsp; Col\u00e9gio S\u00e9culo (83) 3235-4842 &nbsp; Pio X &#8211; Marista (83) 4009-2701 &nbsp; Obs.: Necess\u00e1rio apresentar declara\u00e7\u00e3o da ADUFPB[\/vc_column_text][\/vc_accordion_tab][vc_accordion_tab title=&#8221;Plano Odontol\u00f3gico&#8221;][vc_column_text css=&#8221;&#8221;] Uniodonto (83) 99132-7888\u00a0(Laudic\u00e9ia) [\/vc_column_text][\/vc_accordion_tab][\/vc_accordion][\/vc_column][vc_column width=&#8221;1\/4&#8243;][\/vc_column][vc_column][\/vc_column][\/vc_row]<\/p>\n","protected":false},"author":1,"featured_media":0,"parent":6522,"menu_order":0,"comment_status":"closed","ping_status":"open","template":"","meta":{"footnotes":""},"class_list":["post-140","page","type-page","status-publish","hentry","description-off"],"_links":{"self":[{"href":"https:\/\/www.adufpb.org.br\/site\/wp-json\/wp\/v2\/pages\/140","targetHints":{"allow":["GET"]}}],"collection":[{"href":"https:\/\/www.adufpb.org.br\/site\/wp-json\/wp\/v2\/pages"}],"about":[{"href":"https:\/\/www.adufpb.org.br\/site\/wp-json\/wp\/v2\/types\/page"}],"author":[{"embeddable":true,"href":"https:\/\/www.adufpb.org.br\/site\/wp-json\/wp\/v2\/users\/1"}],"replies":[{"embeddable":true,"href":"https:\/\/www.adufpb.org.br\/site\/wp-json\/wp\/v2\/comments?post=140"}],"version-history":[{"count":41,"href":"https:\/\/www.adufpb.org.br\/site\/wp-json\/wp\/v2\/pages\/140\/revisions"}],"predecessor-version":[{"id":34804,"href":"https:\/\/www.adufpb.org.br\/site\/wp-json\/wp\/v2\/pages\/140\/revisions\/34804"}],"up":[{"embeddable":true,"href":"https:\/\/www.adufpb.org.br\/site\/wp-json\/wp\/v2\/pages\/6522"}],"wp:attachment":[{"href":"https:\/\/www.adufpb.org.br\/site\/wp-json\/wp\/v2\/media?parent=140"}],"curies":[{"name":"wp","href":"https:\/\/api.w.org\/{rel}","templated":true}]}}