{"id":136,"date":"2009-09-07T16:30:32","date_gmt":"2009-09-07T20:30:32","guid":{"rendered":"http:\/\/www.insightsnaweb.com.br\/~adufpb\/?page_id=136"},"modified":"2024-08-01T08:53:35","modified_gmt":"2024-08-01T11:53:35","slug":"historia","status":"publish","type":"page","link":"https:\/\/www.adufpb.org.br\/site\/institucional\/historia\/","title":{"rendered":"Hist\u00f3ria"},"content":{"rendered":"<div class=\"wpb-content-wrapper\"><p>[vc_row][vc_column width=&#8221;1\/4&#8243;][\/vc_column][vc_column width=&#8221;1\/2&#8243;][vc_empty_space height=&#8221;40&#8243;][vc_column_text]<\/p>\n<p style=\"text-align: justify;\">A Associa\u00e7\u00e3o dos Docentes da Universidade Federal da Para\u00edba &#8211; Se\u00e7\u00e3o Jo\u00e3o Pessoa (ADUFPB-JP) foi fundada no dia 25 de outubro de 1978. Inicialmente a entidade ficou sendo administrada por uma Comiss\u00e3o Provis\u00f3ria que tinha Sandro Meira como Presidente, Paulo Ign\u00e1cio Fonseca de Almeida como Secret\u00e1rio e como Tesoureiro Jos\u00e9 Ronald Farias de Lacerda. Integravam ainda a comiss\u00e3o os professores Maria Tereza de Mello Campello, Mourad Ibrahim Belaciano, Paulo Ramos Coelho Filho e Vanderlei Am\u00e9rico Amado. A assembl\u00e9ia de funda\u00e7\u00e3o da nova entidade ocorreu no Audit\u00f3rio do Centro de Tecnologia do Campus I.<\/p>\n<p style=\"text-align: justify;\">Em dezembro de 1978 tomou posse a primeira diretoria eleita da ADUFPB-JP, assim composta: Presidente &#8211; S\u00edlvio Frank Alem, Primeiro Vice-Presidente &#8211; C\u00e9sar Augusto Bonato, Segunda Vice-Presidente &#8211; Cl\u00e1udia Marina V. Bravo-Villalba, Primeira Secret\u00e1ria &#8211; Maria Tereza de Mello Campello, Segunda Secret\u00e1ria &#8211; Maria Em\u00edlia Mendon\u00e7a de Morais, Primeira Tesoureira &#8211; Paula Frassinete Lins Duarte e Segundo Tesoureiro &#8211; Jo\u00e3o Batista Freire da Silva.<\/p>\n<p style=\"text-align: justify;\"><strong>Filia\u00e7\u00e3o \u00e0 CUT<\/strong><\/p>\n<p style=\"text-align: justify;\">Em 24 de novembro de 1987 a ADUFPB-JP se filiou \u00e0 Central \u00danica dos Trabalhadores (CUT). A decis\u00e3o de filia\u00e7\u00e3o \u00e0 Central Sindical foi tomada em assembl\u00e9ia geral realizada naquela data. A ADUF era presidida pela professora Ignez Navarro de Moraes.<\/p>\n<p>Em seu 24\u00ba Congresso &#8211; Curitiba, 24 de fevereiro a 1\u00ba de mar\u00e7o de 2005 &#8211; o ANDES-SN deliberou, ap\u00f3s um extenso e amplo debate, desfiliar-se da Central \u00danica dos Trabalhadores (CUT).<\/p>\n<p style=\"text-align: justify;\"><strong>Se\u00e7\u00e3o Sindical<\/strong><\/p>\n<p style=\"text-align: justify;\">A partir de 1o de agosto de 1990 a ADUFPB-JP passou a ser Se\u00e7\u00e3o Sindical dos Docentes do Campus I da Universidade Federal da Para\u00edba, sob a denomina\u00e7\u00e3o de ADUFPB-JP\/Se\u00e7\u00e3o Sindical, como inst\u00e2ncia organizativa e deliberativa do ANDES-Sindicato Nacional dos Docentes das Institui\u00e7\u00f5es de Ensino Superior. Para tanto, foi aprovado um novo Regimento, que rezava, no seu Par\u00e1grafo \u00danico: &#8220;A ADUFPB-JP\/Se\u00e7\u00e3o Sindical ser\u00e1 regida por este Regimento, aprovado em Assembl\u00e9ia Geral, respeitados os Estatutos do ANDES-Sindicato Nacional&#8221;. A decis\u00e3o teve homologa\u00e7\u00e3o plebiscit\u00e1ria no dia 17 de outubro do mesmo ano.<br \/>\n<strong><br \/>\nNovo Regimento<\/strong><\/p>\n<p style=\"text-align: justify;\">Com a cria\u00e7\u00e3o da Universidade Federal de Campina Grande (UFCG) a ADUFPB-JP precisou ter um novo Regimento Interno, aprovado em Assembl\u00e9ia, tendo em vista que agora j\u00e1 n\u00e3o h\u00e1 mais duas ADs vinculadas \u00e0 UFPB, como antes.<\/p>\n<p style=\"text-align: justify;\">As modifica\u00e7\u00f5es introduzidas foram quanto \u00e0 denomina\u00e7\u00e3o da entidade, que agora \u00e9 ADUFPB j\u00e1 que o JP servia para distingui-la da AD de Campina Grande, e a inclus\u00e3o dos professores dos Campi de Areia e Bananeiras como s\u00f3cios, a cria\u00e7\u00e3o da Diretoria para Assuntos de Aposentadoria e um mandato de dois anos para a Diretoria Executiva, a partir da pr\u00f3xima gest\u00e3o.<\/p>\n<p style=\"text-align: justify;\">A incorpora\u00e7\u00e3o dos docentes de Areia e Bananeiras ao quadro de associados fortaleceu a ADUFPB e lhe deu maior poder de interven\u00e7\u00e3o<\/p>\n<h5 style=\"text-align: justify;\"><strong><a href=\"http:\/\/www.adufpb.org.br\/site\/diretoria-da-adufpb-1978-a-2018-40-anos\/\">Confira\u00a0 diretorias da ADUFPB de 1978 a 2024<\/a><\/strong><\/h5>\n<p>[\/vc_column_text][\/vc_column][vc_column width=&#8221;1\/4&#8243;][\/vc_column][\/vc_row]<\/p>\n<\/div>","protected":false},"excerpt":{"rendered":"<p>[vc_row][vc_column width=&#8221;1\/4&#8243;][\/vc_column][vc_column width=&#8221;1\/2&#8243;][vc_empty_space height=&#8221;40&#8243;][vc_column_text] A Associa\u00e7\u00e3o dos Docentes da Universidade Federal da Para\u00edba &#8211; Se\u00e7\u00e3o Jo\u00e3o Pessoa (ADUFPB-JP) foi fundada no dia 25 de outubro de 1978. Inicialmente a entidade ficou sendo administrada por uma Comiss\u00e3o Provis\u00f3ria que tinha Sandro Meira como Presidente, Paulo Ign\u00e1cio Fonseca de Almeida como Secret\u00e1rio e como Tesoureiro Jos\u00e9 Ronald&hellip;<\/p>\n","protected":false},"author":1,"featured_media":0,"parent":6490,"menu_order":0,"comment_status":"closed","ping_status":"closed","template":"","meta":{"footnotes":""},"class_list":["post-136","page","type-page","status-publish","hentry","description-off"],"_links":{"self":[{"href":"https:\/\/www.adufpb.org.br\/site\/wp-json\/wp\/v2\/pages\/136","targetHints":{"allow":["GET"]}}],"collection":[{"href":"https:\/\/www.adufpb.org.br\/site\/wp-json\/wp\/v2\/pages"}],"about":[{"href":"https:\/\/www.adufpb.org.br\/site\/wp-json\/wp\/v2\/types\/page"}],"author":[{"embeddable":true,"href":"https:\/\/www.adufpb.org.br\/site\/wp-json\/wp\/v2\/users\/1"}],"replies":[{"embeddable":true,"href":"https:\/\/www.adufpb.org.br\/site\/wp-json\/wp\/v2\/comments?post=136"}],"version-history":[{"count":15,"href":"https:\/\/www.adufpb.org.br\/site\/wp-json\/wp\/v2\/pages\/136\/revisions"}],"predecessor-version":[{"id":31979,"href":"https:\/\/www.adufpb.org.br\/site\/wp-json\/wp\/v2\/pages\/136\/revisions\/31979"}],"up":[{"embeddable":true,"href":"https:\/\/www.adufpb.org.br\/site\/wp-json\/wp\/v2\/pages\/6490"}],"wp:attachment":[{"href":"https:\/\/www.adufpb.org.br\/site\/wp-json\/wp\/v2\/media?parent=136"}],"curies":[{"name":"wp","href":"https:\/\/api.w.org\/{rel}","templated":true}]}}