{"id":132,"date":"2009-09-07T16:14:13","date_gmt":"2009-09-07T19:14:13","guid":{"rendered":"http:\/\/www.insightsnaweb.com.br\/~adufpb\/?page_id=132"},"modified":"2024-08-15T08:55:51","modified_gmt":"2024-08-15T11:55:51","slug":"diretoria","status":"publish","type":"page","link":"https:\/\/www.adufpb.org.br\/site\/portaldatransparencia\/diretoria\/","title":{"rendered":"Diretoria Executiva"},"content":{"rendered":"<div class=\"wpb-content-wrapper\"><p>[vc_row][vc_column width=&#8221;1\/4&#8243;][\/vc_column][vc_column width=&#8221;1\/2&#8243;][vc_empty_space height=&#8221;40&#8243;][vc_column_text]<\/p>\n<h2 style=\"text-align: center;\">GEST\u00c3O 2024\/2026<\/h2>\n<p style=\"text-align: center;\"><em><strong>35\u00aa DIRETORIA DA ADUFPB\u00a0<\/strong><\/em><\/p>\n<p>&nbsp;<\/p>\n<p style=\"text-align: center;\"><strong>Presidente:<\/strong><br \/>\nEdson Franco de Moraes<\/p>\n<p style=\"text-align: center;\"><strong>Vice-presidente:<\/strong><br \/>\nRita de C\u00e1ssia C. Porto<\/p>\n<p style=\"text-align: center;\"><strong>Secret\u00e1rio geral:<\/strong><br \/>\nCristiano Bonneau<\/p>\n<p style=\"text-align: center;\"><strong>Tesoureira:<\/strong><br \/>\nMarta Maria Diniz Cordeiro<\/p>\n<p style=\"text-align: center;\"><strong>Diretor de Pol\u00edtica Sindical:<\/strong><br \/>\nAntonio Joaquim R. Feitosa<\/p>\n<p style=\"text-align: center;\"><strong>Diretora de Pol\u00edtica Social:<\/strong><br \/>\nNilv\u00e2nia dos Santos Silva<\/p>\n<p style=\"text-align: center;\"><strong>Diretor de Pol\u00edtica Educacional:<\/strong><br \/>\nFernando Jos\u00e9 de Paula Cunha<\/p>\n<p style=\"text-align: center;\"><strong>Diretora Cultural:<\/strong><br \/>\nCarla Pereira dos Santos<\/p>\n<p style=\"text-align: center;\"><strong>Diretora de Divulga\u00e7\u00e3o e Comunica\u00e7\u00e3o:<\/strong><br \/>\nElis\u00e2ngela de Oliveira In\u00e1cio<\/p>\n<p style=\"text-align: center;\"><strong>Diretor de Assuntos de Aposentadoria:<\/strong><br \/>\nAlo\u00edsio da Silva Lima<\/p>\n<p style=\"text-align: center;\"><strong>Diretor da Secretaria Adjunta do Campus de Areia:<\/strong><br \/>\nMaur\u00edcio Javier de L\u00e9on<\/p>\n<p style=\"text-align: center;\"><strong>Suplente de Secretaria Adjunta do Campus de Areia:<\/strong><br \/>\nRoseilton Fernandes dos Santos<\/p>\n<p style=\"text-align: center;\"><strong>Diretor da Secretaria Adjunta do Campus de Bananeiras:<\/strong><br \/>\nClaudio Germano dos Santos Oliveira<\/p>\n<p style=\"text-align: center;\"><strong>Suplente da Secretaria Adjunta do Campus de Bananeiras:<\/strong><br \/>\nGabriel de Medeiros Lima<\/p>\n<p style=\"text-align: center;\"><strong>Diretor da Secretaria Adjunta do Litoral Norte:<\/strong><br \/>\nSaulo Emmanuel Vieira Maciel<\/p>\n<p style=\"text-align: center;\"><strong>Suplente da Secretaria Adjunta do litoral Norte:<\/strong><br \/>\nBaltazar Maca\u00edba de Sousa<\/p>\n<p style=\"text-align: center;\"><strong>Suplente da Secretaria Geral:<\/strong><br \/>\nLeonildo Santos do Nascimento J\u00fanior<\/p>\n<p style=\"text-align: center;\"><strong>Suplente de Tesouraria:<\/strong><br \/>\nAzamor Cirne de Azevedo Filho<\/p>\n<p>[\/vc_column_text][\/vc_column][vc_column width=&#8221;1\/4&#8243;][\/vc_column][\/vc_row]<\/p>\n<\/div>","protected":false},"excerpt":{"rendered":"<p>[vc_row][vc_column width=&#8221;1\/4&#8243;][\/vc_column][vc_column width=&#8221;1\/2&#8243;][vc_empty_space height=&#8221;40&#8243;][vc_column_text] GEST\u00c3O 2024\/2026 35\u00aa DIRETORIA DA ADUFPB\u00a0 &nbsp; Presidente: Edson Franco de Moraes Vice-presidente: Rita de C\u00e1ssia C. Porto Secret\u00e1rio geral: Cristiano Bonneau Tesoureira: Marta Maria Diniz Cordeiro Diretor de Pol\u00edtica Sindical: Antonio Joaquim R. Feitosa Diretora de Pol\u00edtica Social: Nilv\u00e2nia dos Santos Silva Diretor de Pol\u00edtica Educacional: Fernando Jos\u00e9 de Paula&hellip;<\/p>\n","protected":false},"author":1,"featured_media":0,"parent":6497,"menu_order":0,"comment_status":"closed","ping_status":"closed","template":"","meta":{"footnotes":""},"class_list":["post-132","page","type-page","status-publish","hentry","description-off"],"_links":{"self":[{"href":"https:\/\/www.adufpb.org.br\/site\/wp-json\/wp\/v2\/pages\/132","targetHints":{"allow":["GET"]}}],"collection":[{"href":"https:\/\/www.adufpb.org.br\/site\/wp-json\/wp\/v2\/pages"}],"about":[{"href":"https:\/\/www.adufpb.org.br\/site\/wp-json\/wp\/v2\/types\/page"}],"author":[{"embeddable":true,"href":"https:\/\/www.adufpb.org.br\/site\/wp-json\/wp\/v2\/users\/1"}],"replies":[{"embeddable":true,"href":"https:\/\/www.adufpb.org.br\/site\/wp-json\/wp\/v2\/comments?post=132"}],"version-history":[{"count":41,"href":"https:\/\/www.adufpb.org.br\/site\/wp-json\/wp\/v2\/pages\/132\/revisions"}],"predecessor-version":[{"id":32036,"href":"https:\/\/www.adufpb.org.br\/site\/wp-json\/wp\/v2\/pages\/132\/revisions\/32036"}],"up":[{"embeddable":true,"href":"https:\/\/www.adufpb.org.br\/site\/wp-json\/wp\/v2\/pages\/6497"}],"wp:attachment":[{"href":"https:\/\/www.adufpb.org.br\/site\/wp-json\/wp\/v2\/media?parent=132"}],"curies":[{"name":"wp","href":"https:\/\/api.w.org\/{rel}","templated":true}]}}