{"id":10838,"date":"2015-04-29T09:13:57","date_gmt":"2015-04-29T13:13:57","guid":{"rendered":"http:\/\/www.adufpb.org.br\/site\/?page_id=10838"},"modified":"2026-01-29T17:54:39","modified_gmt":"2026-01-29T20:54:39","slug":"solicitacao-de-reserva-da-sede-sociocultural","status":"publish","type":"page","link":"https:\/\/www.adufpb.org.br\/site\/solicitacao-de-reserva-da-sede-sociocultural\/","title":{"rendered":"Solicita\u00e7\u00f5es de reservas"},"content":{"rendered":"<div class=\"wpb-content-wrapper\"><p>[vc_row][vc_column width=&#8221;1\/4&#8243;][\/vc_column][vc_column width=&#8221;1\/2&#8243;][vc_empty_space height=&#8221;40&#8243;][vc_column_text css=&#8221;&#8221;]<\/p>\n<p style=\"text-align: center;\"><em>Antes de realizar a solicita\u00e7\u00e3o, confira as datas dispon\u00edveis no Calend\u00e1rio de Reservas (abaixo).<\/em><\/p>\n<p>&nbsp;<\/p>\n<p style=\"text-align: center;\"><strong>INSTRU\u00c7\u00d5ES<\/strong>:<\/p>\n<p style=\"text-align: left;\">Preencha todas as informa\u00e7\u00f5es solicitadas no formul\u00e1rio abaixo. Al\u00e9m das informa\u00e7\u00f5es do docente, \u00e9 preciso especificar hor\u00e1rios e dias da reserva, bem como a descri\u00e7\u00e3o do evento e o motivo da solicita\u00e7\u00e3o.<\/p>\n<p><span style=\"color: #ff0000;\"><strong>ATEN\u00c7\u00c3O!<\/strong><\/span><\/p>\n<p>Em adequa\u00e7\u00e3o \u00e0s normas vigentes relativas \u00e0 licen\u00e7a ambiental pelo munic\u00edpio de Jo\u00e3o Pessoa, para as atividades festivas e de congra\u00e7amento agendadas na Sede Sociocultural, o docente associado dever\u00e1:<\/p>\n<p style=\"padding-left: 40px;\"><strong>a) <\/strong>Comparecer \u00e0 sede Administrativa da ADUFPB no centro de Viv\u00eancia para assinar o Contrato de Loca\u00e7\u00e3o da Sede Sociocultural e o Termo de Aceita\u00e7\u00e3o para Uso das Depend\u00eancias da Sede Sociocultural da ADUFPB;<\/p>\n<p style=\"padding-left: 40px;\"><strong>b) <\/strong>Para as atividades festivas que forem com m\u00fasica ao vivo ou mec\u00e2nica, o docente associado dever\u00e1 tamb\u00e9m:<\/p>\n<p style=\"padding-left: 80px;\">Requerer a Licen\u00e7a Ambiental de Opera\u00e7\u00e3o da Atividade junto \u00e0 Secretaria de Meio Ambiente \u2013 SEMAM que proceder\u00e1 ao monitoramento de som para a execu\u00e7\u00e3o do evento (o \u00f3rg\u00e3o em quest\u00e3o costuma levar at\u00e9 7 dias para emitir o documento).<\/p>\n<p style=\"padding-left: 80px;\">A solicita\u00e7\u00e3o de Monitoramento de Som pela SEMAM \u00e9 atrav\u00e9s do site <span style=\"color: #0000ff;\"><a style=\"color: #0000ff;\" href=\"http:\/\/www.joaopessoa.pb.gov.br\" target=\"_blank\" rel=\"noopener\">www.joaopessoa.pb.gov.br<\/a> <\/span>seguindo o passo a passo:<\/p>\n<ol>\n<li style=\"list-style-type: none;\">\n<ol>\n<li style=\"list-style-type: none;\">\n<ol>\n<li style=\"list-style-type: none;\">\n<ol>\n<li>Prefeitura Conectada<\/li>\n<li>Licenciamento<\/li>\n<li>Criar Conta no APROVA DIGITAL<\/li>\n<li>Clicar em \u201cAcessar Minha Conta\u201d<\/li>\n<li>Com a sua conta aberta, clicar em <strong>+Criar<\/strong><\/li>\n<li>Fazer a busca por \u201cmonitoramento\u201d<\/li>\n<li>Em \u201cMonitoramento de Som e Autoriza\u00e7\u00e3o Ambiental para Eventos\u201d, clicar em SOLICITAR, logo ap\u00f3s, clicar em NOVO PROCESSO.<\/li>\n<li>A seguir, preencher os dados do requerente e do evento.<\/li>\n<\/ol>\n<\/li>\n<\/ol>\n<\/li>\n<\/ol>\n<\/li>\n<\/ol>\n<p style=\"padding-left: 80px;\">(Informa\u00e7\u00f5es complementares: a \u00e1rea da ADUFPB \u00e9 de 623,78m\u00b2).<\/p>\n<p style=\"padding-left: 80px;\">OBS: A licen\u00e7a concedida pela SEMAM dever\u00e1 ser enviada para o e-mail\u00a0reservasadufpb@gmail.com<\/p>\n<p style=\"padding-left: 80px;\">Havendo qualquer necessidade, segue o n\u00famero da Fiscaliza\u00e7\u00e3o 3213-7015.<\/p>\n<p style=\"padding-left: 40px;\"><strong>c)<\/strong> <span style=\"color: #ff0000;\">Ap\u00f3s a reserva confirmada pela ADUFPB<\/span>, o professor receber\u00e1 um convite para baixar o app da <strong>Canad\u00e1 Security <\/strong>e, a partir dele, gerar um link de acesso ao evento a ser enviado individualmente aos seus convidados.<\/p>\n<p style=\"padding-left: 40px;\"><strong>d) <span style=\"color: #0000ff;\"><a style=\"color: #0000ff;\" href=\"https:\/\/www.adufpb.org.br\/site\/passo-a-passo-para-utilizacao-do-app-canada-security\/\" target=\"_blank\" rel=\"noopener\">Clique aqui<\/a> <\/span><\/strong>para ver o passo a passo de como utilizar o app da <strong>Canad\u00e1 Security <\/strong>e concluir o procedimento.<\/p>\n<p>Ressaltamos que \u00e9 de inteira responsabilidade do docente o reconhecimento das normas nas atividades por ele programadas.<\/p>\n<p style=\"padding-left: 40px;\"><strong>DIRETORIA EXECUTIVA DA ADUFPB<\/strong><\/p>\n<p style=\"padding-left: 40px;\"><strong>Atualizada em 18 de mar\u00e7o de 2025.<\/strong><\/p>\n<p>[\/vc_column_text][vc_empty_space height=&#8221;20&#8243;][vc_tta_accordion gap=&#8221;5&#8243; c_icon=&#8221;chevron&#8221; c_position=&#8221;right&#8221; active_section=&#8221;100&#8243; no_fill=&#8221;true&#8221; collapsible_all=&#8221;true&#8221;][vc_tta_section title=&#8221;ATEN\u00c7\u00c3O \u00c0S REGRAS DA SEDE&#8221; tab_id=&#8221;1602083572026-a18eae51-debf&#8221;][vc_column_text]<\/p>\n<ol>\n<li>N\u00c3O estamos mais agendando reservas para os domingos. Nesses dias a sede ficar\u00e1 dispon\u00edvel apenas para o uso coletivo dos associados.<\/li>\n<li>Nos s\u00e1bados e feriados a sede \u00e9 aberta aos s\u00f3cios at\u00e9 as 17h, de forma que o associado que fizer a reserva para esses dias N\u00c3O pode impedir a entrada de outros professores e suas fam\u00edlias at\u00e9 esse hor\u00e1rio.<\/li>\n<li>S\u00f3 ser\u00e3o aceitos agendamentos com no m\u00e1ximo 60 dias de anteced\u00eancia. Por exemplo, se a pessoa estiver acessando o sistema no dia 1\u00ba de fevereiro, s\u00f3 poder\u00e1 reservar datas at\u00e9 31 de mar\u00e7o do mesmo ano.<\/li>\n<li>Em at\u00e9 24 horas \u00fateis o docente solicitante receber\u00e1 uma mensagem sobre a viabilidade da reserva.<\/li>\n<li>Tendo em vista a localiza\u00e7\u00e3o comercial e residencial da sede sociocultural, informamos que o limite de volume sonoro de qualquer evento deve ser estritamente respeitado, sendo de responsabilidade do docente locat\u00e1rio a eventual responsabiliza\u00e7\u00e3o junto aos \u00f3rg\u00e3os de controle.<\/li>\n<li>Todas as atividades devem ter previs\u00e3o de t\u00e9rmino \u00e0s 22h, respeitando a lei do sil\u00eancio, sendo uma prerrogativa dos funcion\u00e1rios respons\u00e1veis pelo turno da atividade o encaminhamento para que essa diretriz seja cumprida.<\/li>\n<\/ol>\n<p>[\/vc_column_text][\/vc_tta_section][vc_tta_section title=&#8221;TAXA PARA USO DA SEDE&#8221; tab_id=&#8221;1602083572055-4bbb2fb8-f1dc&#8221;][vc_column_text css=&#8221;&#8221;]O sindicalizado pagar\u00e1 uma taxa de limpeza no valor de 10% do sal\u00e1rio m\u00ednimo.<\/p>\n<p>O valor da loca\u00e7\u00e3o ao n\u00e3o sindicalizado \u00e9 de 1 sal\u00e1rio m\u00ednimo e s\u00f3 ser\u00e1 efetuada mediante a solicita\u00e7\u00e3o de um sindicalizado e com aprova\u00e7\u00e3o da presid\u00eancia da ADUFPB\/Ssind.<\/p>\n<p>A taxa deve ser depositada na seguinte conta poupan\u00e7a:<\/p>\n<p><b>Banco do Brasil<\/b><br \/>\nAg\u00eancia: 11-6<br \/>\nConta Poupan\u00e7a: 11065-5<br \/>\nOpera\u00e7\u00e3o: 51<br \/>\nFavorecido: Reprografia ADUFPB<\/p>\n<p><span style=\"color: #ff0000;\"><strong>ATEN\u00c7\u00c3O:<\/strong><\/span> <span style=\"color: #ff0000;\">Mandar comprovante para o e-mail recibo.adufpb@gmail.com<\/span>[\/vc_column_text][\/vc_tta_section][vc_tta_section title=&#8221;CALEND\u00c1RIO DE RESERVAS&#8221; tab_id=&#8221;1602084238840-c5fdb2ef-73aa&#8221;][vc_column_text]<iframe loading=\"lazy\" style=\"border-width: 0;\" src=\"https:\/\/calendar.google.com\/calendar\/embed?height=600&amp;wkst=1&amp;bgcolor=%23FFFFFF&amp;src=reservasadufpb%40gmail.com&amp;color=%23711616&amp;ctz=America%2FFortaleza\" width=\"800\" height=\"600\" frameborder=\"0\" scrolling=\"no\"><\/iframe>[\/vc_column_text][\/vc_tta_section][\/vc_tta_accordion]<div class=\"gap\" style=\"line-height: 30px; height: 30px;\"><\/div>[vc_separator][\/vc_column][vc_column width=&#8221;1\/4&#8243;][\/vc_column][\/vc_row][vc_row][vc_column width=&#8221;1\/4&#8243;][\/vc_column][vc_column width=&#8221;1\/2&#8243;][vc_column_text]<\/p>\n<h4><strong>FORMUL\u00c1RIO DE SOLICITA\u00c7\u00c3O<\/strong><\/h4>\n<p>[\/vc_column_text]<div class=\"gap\" style=\"line-height: 30px; height: 30px;\"><\/div>[vc_column_text css=&#8221;&#8221;]\n<div class=\"wpcf7 no-js\" id=\"wpcf7-f34988-o1\" lang=\"pt-BR\" dir=\"ltr\" data-wpcf7-id=\"34988\">\n<div class=\"screen-reader-response\"><p role=\"status\" aria-live=\"polite\" aria-atomic=\"true\"><\/p> <ul><\/ul><\/div>\n<form action=\"\/site\/wp-json\/wp\/v2\/pages\/10838#wpcf7-f34988-o1\" method=\"post\" class=\"wpcf7-form init\" aria-label=\"Formul\u00e1rios de contato\" novalidate=\"novalidate\" data-status=\"init\">\n<fieldset class=\"hidden-fields-container\"><input type=\"hidden\" name=\"_wpcf7\" value=\"34988\" \/><input type=\"hidden\" name=\"_wpcf7_version\" value=\"6.1.4\" \/><input type=\"hidden\" name=\"_wpcf7_locale\" value=\"pt_BR\" \/><input type=\"hidden\" name=\"_wpcf7_unit_tag\" value=\"wpcf7-f34988-o1\" \/><input type=\"hidden\" name=\"_wpcf7_container_post\" value=\"0\" \/><input type=\"hidden\" name=\"_wpcf7_posted_data_hash\" value=\"\" \/><input type=\"hidden\" name=\"_wpcf7cf_hidden_group_fields\" value=\"[]\" \/><input type=\"hidden\" name=\"_wpcf7cf_hidden_groups\" value=\"[]\" \/><input type=\"hidden\" name=\"_wpcf7cf_visible_groups\" value=\"[]\" \/><input type=\"hidden\" name=\"_wpcf7cf_repeaters\" value=\"[]\" \/><input type=\"hidden\" name=\"_wpcf7cf_steps\" value=\"{}\" \/><input type=\"hidden\" name=\"_wpcf7cf_options\" value=\"{&quot;form_id&quot;:34988,&quot;conditions&quot;:[],&quot;settings&quot;:{&quot;animation&quot;:&quot;yes&quot;,&quot;animation_intime&quot;:200,&quot;animation_outtime&quot;:200,&quot;conditions_ui&quot;:&quot;normal&quot;,&quot;notice_dismissed&quot;:false}}\" \/>\n<\/fieldset>\n<p><label><b>Nome completo*<\/b><br \/>\n<span class=\"wpcf7-form-control-wrap\" data-name=\"docente\"><input size=\"40\" maxlength=\"400\" class=\"wpcf7-form-control wpcf7-text wpcf7-validates-as-required\" aria-required=\"true\" aria-invalid=\"false\" value=\"\" type=\"text\" name=\"docente\" \/><\/span> <\/label><br \/>\n&nbsp;<br \/>\n<label><b>Departamento*<\/b><br \/>\n<span class=\"wpcf7-form-control-wrap\" data-name=\"departamento\"><input size=\"40\" maxlength=\"400\" class=\"wpcf7-form-control wpcf7-text wpcf7-validates-as-required\" aria-required=\"true\" aria-invalid=\"false\" value=\"\" type=\"text\" name=\"departamento\" \/><\/span> <\/label><br \/>\n&nbsp;<br \/>\n<label><b>Centro*<\/b><br \/>\n<span class=\"wpcf7-form-control-wrap\" data-name=\"centro\"><input size=\"40\" maxlength=\"400\" class=\"wpcf7-form-control wpcf7-text wpcf7-validates-as-required\" aria-required=\"true\" aria-invalid=\"false\" value=\"\" type=\"text\" name=\"centro\" \/><\/span> <\/label><br \/>\n&nbsp;<br \/>\n<label><b>Matr\u00edcula SIAPE*<\/b><br \/>\n<span class=\"wpcf7-form-control-wrap\" data-name=\"siape\"><input size=\"40\" maxlength=\"400\" class=\"wpcf7-form-control wpcf7-text wpcf7-validates-as-required\" aria-required=\"true\" aria-invalid=\"false\" value=\"\" type=\"text\" name=\"siape\" \/><\/span> <\/label><br \/>\n&nbsp;<br \/>\n<label><b>Telefones de contato*<\/b><br \/>\n<span class=\"wpcf7-form-control-wrap\" data-name=\"telefone\"><input size=\"40\" maxlength=\"400\" class=\"wpcf7-form-control wpcf7-text wpcf7-validates-as-required\" aria-required=\"true\" aria-invalid=\"false\" value=\"\" type=\"text\" name=\"telefone\" \/><\/span> <\/label><br \/>\n&nbsp;<br \/>\n<label><b>Seu e-mail*<\/b><br \/>\n<span class=\"wpcf7-form-control-wrap\" data-name=\"email\"><input size=\"40\" maxlength=\"400\" class=\"wpcf7-form-control wpcf7-email wpcf7-validates-as-required wpcf7-text wpcf7-validates-as-email\" aria-required=\"true\" aria-invalid=\"false\" value=\"\" type=\"email\" name=\"email\" \/><\/span> <\/label><br \/>\n&nbsp;\n<\/p>\n<p><b>PER\u00cdODO DE RESERVA<\/b>\n<\/p>\n<p>&nbsp;<br \/>\n<label><b>Data In\u00edcio* (dd\/mm\/aaaa)<\/b><br \/>\n<span class=\"wpcf7-form-control-wrap\" data-name=\"dataInicio\"><input size=\"40\" maxlength=\"400\" class=\"wpcf7-form-control wpcf7-text wpcf7-validates-as-required\" aria-required=\"true\" aria-invalid=\"false\" value=\"\" type=\"text\" name=\"dataInicio\" \/><\/span> <\/label><br \/>\n&nbsp;\n<\/p>\n<p><label><b>Hor\u00e1rio In\u00edcio* (hh:mm)<\/b><br \/>\n<span class=\"wpcf7-form-control-wrap\" data-name=\"HorarioInicio\"><input size=\"40\" maxlength=\"400\" class=\"wpcf7-form-control wpcf7-text wpcf7-validates-as-required\" aria-required=\"true\" aria-invalid=\"false\" value=\"\" type=\"text\" name=\"HorarioInicio\" \/><\/span> <\/label><br \/>\n&nbsp;\n<\/p>\n<p><label><b>Data Fim* (dd\/mm\/aaaa)<\/b><br \/>\n<span class=\"wpcf7-form-control-wrap\" data-name=\"dataFim\"><input size=\"40\" maxlength=\"400\" class=\"wpcf7-form-control wpcf7-text wpcf7-validates-as-required\" aria-required=\"true\" aria-invalid=\"false\" value=\"\" type=\"text\" name=\"dataFim\" \/><\/span> <\/label><br \/>\n&nbsp;\n<\/p>\n<p><label><b>Hor\u00e1rio Fim* (hh:mm)<\/b><br \/>\n<span class=\"wpcf7-form-control-wrap\" data-name=\"horarioFim\"><input size=\"40\" maxlength=\"400\" class=\"wpcf7-form-control wpcf7-text wpcf7-validates-as-required\" aria-required=\"true\" aria-invalid=\"false\" value=\"\" type=\"text\" name=\"horarioFim\" \/><\/span> <\/label><br \/>\n&nbsp;\n<\/p>\n<p><label> <b>Descri\u00e7\u00e3o do evento\/motivo da solicita\u00e7\u00e3o<\/b><br \/>\n<span class=\"wpcf7-form-control-wrap\" data-name=\"descricao\"><textarea cols=\"40\" rows=\"10\" maxlength=\"2000\" class=\"wpcf7-form-control wpcf7-textarea wpcf7-validates-as-required\" aria-required=\"true\" aria-invalid=\"false\" name=\"descricao\"><\/textarea><\/span><br \/>\n<\/label>\n<\/p>\n<p><span class=\"wpcf7-form-control-wrap\" data-name=\"normas\"><span class=\"wpcf7-form-control wpcf7-acceptance\"><span class=\"wpcf7-list-item\"><label><input type=\"checkbox\" name=\"normas\" value=\"1\" aria-invalid=\"false\" \/><span class=\"wpcf7-list-item-label\">Declaro que li e aceito todos os termos descritos no Regulamento Interno da Sede Social da ADUFPB.<\/span><\/label><\/span><\/span><\/span>\n<\/p>\n<p><input class=\"wpcf7-form-control wpcf7-submit has-spinner\" type=\"submit\" value=\"Enviar\" \/>\n<\/p><div class=\"wpcf7-response-output\" aria-hidden=\"true\"><\/div>\n<\/form>\n<\/div>\n<br \/>\n[\/vc_column_text][\/vc_column][vc_column width=&#8221;1\/4&#8243;][\/vc_column][\/vc_row][vc_row][vc_column][\/vc_column][\/vc_row]<\/p>\n<\/div>","protected":false},"excerpt":{"rendered":"<p>[vc_row][vc_column width=&#8221;1\/4&#8243;][\/vc_column][vc_column width=&#8221;1\/2&#8243;][vc_empty_space height=&#8221;40&#8243;][vc_column_text css=&#8221;&#8221;] Antes de realizar a solicita\u00e7\u00e3o, confira as datas dispon\u00edveis no Calend\u00e1rio de Reservas (abaixo). &nbsp; INSTRU\u00c7\u00d5ES: Preencha todas as informa\u00e7\u00f5es solicitadas no formul\u00e1rio abaixo. Al\u00e9m das informa\u00e7\u00f5es do docente, \u00e9 preciso especificar hor\u00e1rios e dias da reserva, bem como a descri\u00e7\u00e3o do evento e o motivo da solicita\u00e7\u00e3o. ATEN\u00c7\u00c3O! Em&hellip;<\/p>\n","protected":false},"author":1,"featured_media":0,"parent":0,"menu_order":0,"comment_status":"closed","ping_status":"closed","template":"","meta":{"footnotes":""},"class_list":["post-10838","page","type-page","status-publish","hentry","description-off"],"_links":{"self":[{"href":"https:\/\/www.adufpb.org.br\/site\/wp-json\/wp\/v2\/pages\/10838","targetHints":{"allow":["GET"]}}],"collection":[{"href":"https:\/\/www.adufpb.org.br\/site\/wp-json\/wp\/v2\/pages"}],"about":[{"href":"https:\/\/www.adufpb.org.br\/site\/wp-json\/wp\/v2\/types\/page"}],"author":[{"embeddable":true,"href":"https:\/\/www.adufpb.org.br\/site\/wp-json\/wp\/v2\/users\/1"}],"replies":[{"embeddable":true,"href":"https:\/\/www.adufpb.org.br\/site\/wp-json\/wp\/v2\/comments?post=10838"}],"version-history":[{"count":113,"href":"https:\/\/www.adufpb.org.br\/site\/wp-json\/wp\/v2\/pages\/10838\/revisions"}],"predecessor-version":[{"id":35725,"href":"https:\/\/www.adufpb.org.br\/site\/wp-json\/wp\/v2\/pages\/10838\/revisions\/35725"}],"wp:attachment":[{"href":"https:\/\/www.adufpb.org.br\/site\/wp-json\/wp\/v2\/media?parent=10838"}],"curies":[{"name":"wp","href":"https:\/\/api.w.org\/{rel}","templated":true}]}}